{"id":11454,"date":"2024-10-16T16:03:40","date_gmt":"2024-10-16T14:03:40","guid":{"rendered":"https:\/\/sacrebleuprod.fr\/?page_id=11454"},"modified":"2024-10-29T10:45:23","modified_gmt":"2024-10-29T09:45:23","slug":"le-diamant-dolga","status":"publish","type":"page","link":"https:\/\/sacrebleuprod.fr\/?page_id=11454","title":{"rendered":"Le diamant d&#8217;Olga"},"content":{"rendered":"\t\t<div data-elementor-type=\"wp-page\" data-elementor-id=\"11454\" class=\"elementor elementor-11454\">\n\t\t\t\t<div class=\"elementor-element elementor-element-fc0ca44 e-flex e-con-boxed e-con e-parent\" data-id=\"fc0ca44\" data-element_type=\"container\" data-e-type=\"container\">\n\t\t\t\t\t<div class=\"e-con-inner\">\n\t\t<div class=\"elementor-element elementor-element-90ba354 e-con-full e-flex e-con e-child\" data-id=\"90ba354\" data-element_type=\"container\" data-e-type=\"container\">\n\t\t\t\t<div class=\"elementor-element elementor-element-869e918 elementor-widget elementor-widget-image\" data-id=\"869e918\" data-element_type=\"widget\" data-e-type=\"widget\" data-widget_type=\"image.default\">\n\t\t\t\t<div class=\"elementor-widget-container\">\n\t\t\t\t\t\t\t\t\t\t\t\t\t\t\t<img fetchpriority=\"high\" decoding=\"async\" width=\"717\" height=\"1024\" src=\"https:\/\/sacrebleuprod.fr\/wp-content\/uploads\/2024\/10\/OLGAS_DIAMONT-POSTER_v02-medium-717x1024.jpg\" class=\"attachment-large size-large wp-image-12477\" alt=\"\" srcset=\"https:\/\/sacrebleuprod.fr\/wp-content\/uploads\/2024\/10\/OLGAS_DIAMONT-POSTER_v02-medium-717x1024.jpg 717w, https:\/\/sacrebleuprod.fr\/wp-content\/uploads\/2024\/10\/OLGAS_DIAMONT-POSTER_v02-medium-scaled-600x857.jpg 600w, https:\/\/sacrebleuprod.fr\/wp-content\/uploads\/2024\/10\/OLGAS_DIAMONT-POSTER_v02-medium-210x300.jpg 210w, https:\/\/sacrebleuprod.fr\/wp-content\/uploads\/2024\/10\/OLGAS_DIAMONT-POSTER_v02-medium-768x1097.jpg 768w, https:\/\/sacrebleuprod.fr\/wp-content\/uploads\/2024\/10\/OLGAS_DIAMONT-POSTER_v02-medium-1075x1536.jpg 1075w, https:\/\/sacrebleuprod.fr\/wp-content\/uploads\/2024\/10\/OLGAS_DIAMONT-POSTER_v02-medium-1434x2048.jpg 1434w, https:\/\/sacrebleuprod.fr\/wp-content\/uploads\/2024\/10\/OLGAS_DIAMONT-POSTER_v02-medium-scaled.jpg 1792w\" sizes=\"(max-width: 717px) 100vw, 717px\" \/>\t\t\t\t\t\t\t\t\t\t\t\t\t\t\t<\/div>\n\t\t\t\t<\/div>\n\t\t\t\t<\/div>\n\t\t<div class=\"elementor-element elementor-element-990317e e-con-full e-flex e-con e-child\" data-id=\"990317e\" data-element_type=\"container\" data-e-type=\"container\">\n\t\t<div class=\"elementor-element elementor-element-98da4b2 e-con-full e-flex e-con e-child\" data-id=\"98da4b2\" data-element_type=\"container\" data-e-type=\"container\">\n\t\t\t\t<div class=\"elementor-element elementor-element-83a2d2e elementor-widget elementor-widget-heading\" data-id=\"83a2d2e\" data-element_type=\"widget\" data-e-type=\"widget\" data-widget_type=\"heading.default\">\n\t\t\t\t<div class=\"elementor-widget-container\">\n\t\t\t\t\t<h2 class=\"elementor-heading-title elementor-size-default\">Le diamant d'Olga<\/h2>\t\t\t\t<\/div>\n\t\t\t\t<\/div>\n\t\t\t\t<\/div>\n\t\t<div class=\"elementor-element elementor-element-216c084 e-con-full e-flex e-con e-child\" data-id=\"216c084\" data-element_type=\"container\" data-e-type=\"container\">\n\t\t\t\t<div class=\"elementor-element elementor-element-77c3ca0 elementor-widget__width-initial elementor-widget elementor-widget-heading\" data-id=\"77c3ca0\" data-element_type=\"widget\" data-e-type=\"widget\" data-widget_type=\"heading.default\">\n\t\t\t\t<div class=\"elementor-widget-container\">\n\t\t\t\t\t<h2 class=\"elementor-heading-title elementor-size-medium\"><b>Prise de vue r\u00e9elle-18'33-Ado-Adulte<\/b><br><br><br><br><b>R\u00e9alisateur, Sc\u00e9nariste &amp; Compositeur: <\/b>Tomasz Siwinski<br><br><b>Production:<\/b> Sacrebleu Productions, XBO Films<br><br><br><br>Pologne, d\u00e9but des ann\u00e9es 80. Olga a 7 ans, elle aime beaucoup son p\u00e8re.\n\u00c0 la mort de son criquet, elle prend soudainement conscience du temps qui\npasse. Pour la r\u00e9conforter, son p\u00e8re lui raconte alors une \u00e9trange fable\nd\u2019un g\u00e9ant aux yeux de diamants, expliquant l\u2019origine du temps. Cette\nhistoire bouleversera leur vie \u00e0 jamais. Les diamants ne sont pas une\nl\u00e9gende\u2026<\/h2>\t\t\t\t<\/div>\n\t\t\t\t<\/div>\n\t\t\t\t<\/div>\n\t\t\t\t<\/div>\n\t\t\t\t\t<\/div>\n\t\t\t\t<\/div>\n\t\t<div class=\"elementor-element elementor-element-1b9dfc2 e-flex e-con-boxed e-con e-parent\" data-id=\"1b9dfc2\" data-element_type=\"container\" data-e-type=\"container\">\n\t\t\t\t\t<div class=\"e-con-inner\">\n\t\t<div class=\"elementor-element elementor-element-6bc0ce0 e-con-full e-flex e-con e-child\" data-id=\"6bc0ce0\" data-element_type=\"container\" data-e-type=\"container\">\n\t\t\t\t<div class=\"elementor-element elementor-element-9512214 elementor-widget elementor-widget-button\" data-id=\"9512214\" data-element_type=\"widget\" data-e-type=\"widget\" data-widget_type=\"button.default\">\n\t\t\t\t<div class=\"elementor-widget-container\">\n\t\t\t\t\t\t\t\t\t<div class=\"elementor-button-wrapper\">\n\t\t\t\t\t<a class=\"elementor-button elementor-button-link elementor-size-sm\" href=\"http:\/\/sacrebleuprod.fr\/wp-content\/uploads\/2024\/10\/FT_Le-Diamant-dOlga.pdf\">\n\t\t\t\t\t\t<span class=\"elementor-button-content-wrapper\">\n\t\t\t\t\t\t\t\t\t<span class=\"elementor-button-text\">Fiche Technique<\/span>\n\t\t\t\t\t<\/span>\n\t\t\t\t\t<\/a>\n\t\t\t\t<\/div>\n\t\t\t\t\t\t\t\t<\/div>\n\t\t\t\t<\/div>\n\t\t\t\t<\/div>\n\t\t<div class=\"elementor-element elementor-element-a66eeba e-con-full e-flex e-con e-child\" data-id=\"a66eeba\" data-element_type=\"container\" data-e-type=\"container\">\n\t\t\t\t<div class=\"elementor-element elementor-element-008ccfe elementor-widget elementor-widget-button\" data-id=\"008ccfe\" data-element_type=\"widget\" data-e-type=\"widget\" data-widget_type=\"button.default\">\n\t\t\t\t<div class=\"elementor-widget-container\">\n\t\t\t\t\t\t\t\t\t<div class=\"elementor-button-wrapper\">\n\t\t\t\t\t<a class=\"elementor-button elementor-button-link elementor-size-sm\" href=\"https:\/\/www.disneyplus.com\/fr-fr\/browse\/entity-b37d9fb8-8143-4240-b665-e7d814c2d891\">\n\t\t\t\t\t\t<span class=\"elementor-button-content-wrapper\">\n\t\t\t\t\t\t\t\t\t<span class=\"elementor-button-text\">Voir le film sur Disney+<\/span>\n\t\t\t\t\t<\/span>\n\t\t\t\t\t<\/a>\n\t\t\t\t<\/div>\n\t\t\t\t\t\t\t\t<\/div>\n\t\t\t\t<\/div>\n\t\t\t\t<\/div>\n\t\t\t\t\t<\/div>\n\t\t\t\t<\/div>\n\t\t<div class=\"elementor-element elementor-element-fbcc159 e-flex e-con-boxed e-con e-parent\" data-id=\"fbcc159\" data-element_type=\"container\" data-e-type=\"container\">\n\t\t\t\t\t<div class=\"e-con-inner\">\n\t\t<div class=\"elementor-element elementor-element-03721c1 e-con-full e-flex e-con e-child\" data-id=\"03721c1\" data-element_type=\"container\" data-e-type=\"container\">\n\t\t\t\t<div class=\"elementor-element elementor-element-949b7d4 elementor-widget elementor-widget-image\" data-id=\"949b7d4\" data-element_type=\"widget\" data-e-type=\"widget\" data-widget_type=\"image.default\">\n\t\t\t\t<div class=\"elementor-widget-container\">\n\t\t\t\t\t\t\t\t\t\t\t\t\t\t\t<img decoding=\"async\" width=\"1024\" height=\"429\" src=\"https:\/\/sacrebleuprod.fr\/wp-content\/uploads\/2024\/10\/OLGA_S_DIAMOND-still_08-1024x429.jpg\" class=\"attachment-large size-large wp-image-11465\" alt=\"\" srcset=\"https:\/\/sacrebleuprod.fr\/wp-content\/uploads\/2024\/10\/OLGA_S_DIAMOND-still_08-1024x429.jpg 1024w, https:\/\/sacrebleuprod.fr\/wp-content\/uploads\/2024\/10\/OLGA_S_DIAMOND-still_08-600x251.jpg 600w, https:\/\/sacrebleuprod.fr\/wp-content\/uploads\/2024\/10\/OLGA_S_DIAMOND-still_08-300x126.jpg 300w, https:\/\/sacrebleuprod.fr\/wp-content\/uploads\/2024\/10\/OLGA_S_DIAMOND-still_08-768x322.jpg 768w, https:\/\/sacrebleuprod.fr\/wp-content\/uploads\/2024\/10\/OLGA_S_DIAMOND-still_08-1536x643.jpg 1536w, https:\/\/sacrebleuprod.fr\/wp-content\/uploads\/2024\/10\/OLGA_S_DIAMOND-still_08.jpg 1920w\" sizes=\"(max-width: 1024px) 100vw, 1024px\" \/>\t\t\t\t\t\t\t\t\t\t\t\t\t\t\t<\/div>\n\t\t\t\t<\/div>\n\t\t\t\t<\/div>\n\t\t<div class=\"elementor-element elementor-element-02f755f e-con-full e-flex e-con e-child\" data-id=\"02f755f\" data-element_type=\"container\" data-e-type=\"container\">\n\t\t\t\t<div class=\"elementor-element elementor-element-1a5ea3e elementor-widget elementor-widget-image\" data-id=\"1a5ea3e\" data-element_type=\"widget\" data-e-type=\"widget\" data-widget_type=\"image.default\">\n\t\t\t\t<div class=\"elementor-widget-container\">\n\t\t\t\t\t\t\t\t\t\t\t\t\t\t\t<img decoding=\"async\" width=\"1024\" height=\"429\" src=\"https:\/\/sacrebleuprod.fr\/wp-content\/uploads\/2024\/10\/OLGA_S_DIAMOND-still_07-1024x429.jpg\" class=\"attachment-large size-large wp-image-11464\" alt=\"\" srcset=\"https:\/\/sacrebleuprod.fr\/wp-content\/uploads\/2024\/10\/OLGA_S_DIAMOND-still_07-1024x429.jpg 1024w, https:\/\/sacrebleuprod.fr\/wp-content\/uploads\/2024\/10\/OLGA_S_DIAMOND-still_07-600x251.jpg 600w, https:\/\/sacrebleuprod.fr\/wp-content\/uploads\/2024\/10\/OLGA_S_DIAMOND-still_07-300x126.jpg 300w, https:\/\/sacrebleuprod.fr\/wp-content\/uploads\/2024\/10\/OLGA_S_DIAMOND-still_07-768x322.jpg 768w, https:\/\/sacrebleuprod.fr\/wp-content\/uploads\/2024\/10\/OLGA_S_DIAMOND-still_07-1536x643.jpg 1536w, https:\/\/sacrebleuprod.fr\/wp-content\/uploads\/2024\/10\/OLGA_S_DIAMOND-still_07.jpg 1920w\" sizes=\"(max-width: 1024px) 100vw, 1024px\" \/>\t\t\t\t\t\t\t\t\t\t\t\t\t\t\t<\/div>\n\t\t\t\t<\/div>\n\t\t\t\t<\/div>\n\t\t<div class=\"elementor-element elementor-element-44a2288 e-con-full e-flex e-con e-child\" data-id=\"44a2288\" data-element_type=\"container\" data-e-type=\"container\">\n\t\t\t\t<div class=\"elementor-element elementor-element-1e9d9e5 elementor-widget elementor-widget-image\" data-id=\"1e9d9e5\" data-element_type=\"widget\" data-e-type=\"widget\" data-widget_type=\"image.default\">\n\t\t\t\t<div class=\"elementor-widget-container\">\n\t\t\t\t\t\t\t\t\t\t\t\t\t\t\t<img loading=\"lazy\" decoding=\"async\" width=\"1024\" height=\"429\" src=\"https:\/\/sacrebleuprod.fr\/wp-content\/uploads\/2024\/10\/OLGA_S_DIAMOND-still_06-1024x429.jpg\" class=\"attachment-large size-large wp-image-11463\" alt=\"\" srcset=\"https:\/\/sacrebleuprod.fr\/wp-content\/uploads\/2024\/10\/OLGA_S_DIAMOND-still_06-1024x429.jpg 1024w, https:\/\/sacrebleuprod.fr\/wp-content\/uploads\/2024\/10\/OLGA_S_DIAMOND-still_06-600x251.jpg 600w, https:\/\/sacrebleuprod.fr\/wp-content\/uploads\/2024\/10\/OLGA_S_DIAMOND-still_06-300x126.jpg 300w, https:\/\/sacrebleuprod.fr\/wp-content\/uploads\/2024\/10\/OLGA_S_DIAMOND-still_06-768x322.jpg 768w, https:\/\/sacrebleuprod.fr\/wp-content\/uploads\/2024\/10\/OLGA_S_DIAMOND-still_06-1536x643.jpg 1536w, https:\/\/sacrebleuprod.fr\/wp-content\/uploads\/2024\/10\/OLGA_S_DIAMOND-still_06.jpg 1920w\" sizes=\"(max-width: 1024px) 100vw, 1024px\" \/>\t\t\t\t\t\t\t\t\t\t\t\t\t\t\t<\/div>\n\t\t\t\t<\/div>\n\t\t\t\t<\/div>\n\t\t<div class=\"elementor-element elementor-element-813ecb8 e-con-full e-flex e-con e-child\" data-id=\"813ecb8\" data-element_type=\"container\" data-e-type=\"container\">\n\t\t\t\t<div class=\"elementor-element elementor-element-39386ae elementor-widget elementor-widget-image\" data-id=\"39386ae\" data-element_type=\"widget\" data-e-type=\"widget\" data-widget_type=\"image.default\">\n\t\t\t\t<div class=\"elementor-widget-container\">\n\t\t\t\t\t\t\t\t\t\t\t\t\t\t\t<img loading=\"lazy\" decoding=\"async\" width=\"1024\" height=\"429\" src=\"https:\/\/sacrebleuprod.fr\/wp-content\/uploads\/2024\/10\/OLGA_S_DIAMOND-still_01-1024x429.jpg\" class=\"attachment-large size-large wp-image-11458\" alt=\"\" srcset=\"https:\/\/sacrebleuprod.fr\/wp-content\/uploads\/2024\/10\/OLGA_S_DIAMOND-still_01-1024x429.jpg 1024w, https:\/\/sacrebleuprod.fr\/wp-content\/uploads\/2024\/10\/OLGA_S_DIAMOND-still_01-600x251.jpg 600w, https:\/\/sacrebleuprod.fr\/wp-content\/uploads\/2024\/10\/OLGA_S_DIAMOND-still_01-300x126.jpg 300w, https:\/\/sacrebleuprod.fr\/wp-content\/uploads\/2024\/10\/OLGA_S_DIAMOND-still_01-768x322.jpg 768w, https:\/\/sacrebleuprod.fr\/wp-content\/uploads\/2024\/10\/OLGA_S_DIAMOND-still_01-1536x643.jpg 1536w, https:\/\/sacrebleuprod.fr\/wp-content\/uploads\/2024\/10\/OLGA_S_DIAMOND-still_01.jpg 1920w\" sizes=\"(max-width: 1024px) 100vw, 1024px\" \/>\t\t\t\t\t\t\t\t\t\t\t\t\t\t\t<\/div>\n\t\t\t\t<\/div>\n\t\t\t\t<\/div>\n\t\t\t\t\t<\/div>\n\t\t\t\t<\/div>\n\t\t\t\t<\/div>\n\t\t","protected":false},"excerpt":{"rendered":"<p>Le diamant d&#8217;Olga Prise de vue r\u00e9elle-18&#8217;33-Ado-Adulte R\u00e9alisateur, Sc\u00e9nariste &amp; Compositeur: Tomasz Siwinski Production: Sacrebleu Productions, XBO Films Pologne, d\u00e9but des ann\u00e9es 80. Olga a 7 ans, elle aime beaucoup son p\u00e8re. \u00c0 la mort de son criquet, elle prend soudainement conscience du temps qui passe. Pour la r\u00e9conforter, son p\u00e8re lui raconte alors une [&hellip;]<\/p>\n","protected":false},"author":1,"featured_media":0,"parent":0,"menu_order":0,"comment_status":"closed","ping_status":"closed","template":"","meta":{"site-sidebar-layout":"no-sidebar","site-content-layout":"page-builder","ast-site-content-layout":"full-width-container","site-content-style":"default","site-sidebar-style":"default","ast-global-header-display":"","ast-banner-title-visibility":"","ast-main-header-display":"","ast-hfb-above-header-display":"","ast-hfb-below-header-display":"","ast-hfb-mobile-header-display":"","site-post-title":"disabled","ast-breadcrumbs-content":"","ast-featured-img":"disabled","footer-sml-layout":"","ast-disable-related-posts":"","theme-transparent-header-meta":"","adv-header-id-meta":"","stick-header-meta":"","header-above-stick-meta":"","header-main-stick-meta":"","header-below-stick-meta":"","astra-migrate-meta-layouts":"set","ast-page-background-enabled":"default","ast-page-background-meta":{"desktop":{"background-color":"var(--ast-global-color-4)","background-image":"","background-repeat":"repeat","background-position":"center center","background-size":"auto","background-attachment":"scroll","background-type":"","background-media":"","overlay-type":"","overlay-color":"","overlay-opacity":"","overlay-gradient":""},"tablet":{"background-color":"","background-image":"","background-repeat":"repeat","background-position":"center center","background-size":"auto","background-attachment":"scroll","background-type":"","background-media":"","overlay-type":"","overlay-color":"","overlay-opacity":"","overlay-gradient":""},"mobile":{"background-color":"","background-image":"","background-repeat":"repeat","background-position":"center center","background-size":"auto","background-attachment":"scroll","background-type":"","background-media":"","overlay-type":"","overlay-color":"","overlay-opacity":"","overlay-gradient":""}},"ast-content-background-meta":{"desktop":{"background-color":"var(--ast-global-color-5)","background-image":"","background-repeat":"repeat","background-position":"center center","background-size":"auto","background-attachment":"scroll","background-type":"","background-media":"","overlay-type":"","overlay-color":"","overlay-opacity":"","overlay-gradient":""},"tablet":{"background-color":"var(--ast-global-color-5)","background-image":"","background-repeat":"repeat","background-position":"center center","background-size":"auto","background-attachment":"scroll","background-type":"","background-media":"","overlay-type":"","overlay-color":"","overlay-opacity":"","overlay-gradient":""},"mobile":{"background-color":"var(--ast-global-color-5)","background-image":"","background-repeat":"repeat","background-position":"center center","background-size":"auto","background-attachment":"scroll","background-type":"","background-media":"","overlay-type":"","overlay-color":"","overlay-opacity":"","overlay-gradient":""}},"footnotes":""},"class_list":["post-11454","page","type-page","status-publish","hentry"],"_links":{"self":[{"href":"https:\/\/sacrebleuprod.fr\/index.php?rest_route=\/wp\/v2\/pages\/11454","targetHints":{"allow":["GET"]}}],"collection":[{"href":"https:\/\/sacrebleuprod.fr\/index.php?rest_route=\/wp\/v2\/pages"}],"about":[{"href":"https:\/\/sacrebleuprod.fr\/index.php?rest_route=\/wp\/v2\/types\/page"}],"author":[{"embeddable":true,"href":"https:\/\/sacrebleuprod.fr\/index.php?rest_route=\/wp\/v2\/users\/1"}],"replies":[{"embeddable":true,"href":"https:\/\/sacrebleuprod.fr\/index.php?rest_route=%2Fwp%2Fv2%2Fcomments&post=11454"}],"version-history":[{"count":16,"href":"https:\/\/sacrebleuprod.fr\/index.php?rest_route=\/wp\/v2\/pages\/11454\/revisions"}],"predecessor-version":[{"id":12616,"href":"https:\/\/sacrebleuprod.fr\/index.php?rest_route=\/wp\/v2\/pages\/11454\/revisions\/12616"}],"wp:attachment":[{"href":"https:\/\/sacrebleuprod.fr\/index.php?rest_route=%2Fwp%2Fv2%2Fmedia&parent=11454"}],"curies":[{"name":"wp","href":"https:\/\/api.w.org\/{rel}","templated":true}]}}