{"id":15627,"date":"2024-12-12T12:31:47","date_gmt":"2024-12-12T11:31:47","guid":{"rendered":"https:\/\/sacrebleuprod.fr\/?page_id=15627"},"modified":"2024-12-12T12:41:11","modified_gmt":"2024-12-12T11:41:11","slug":"peau-neuve","status":"publish","type":"page","link":"https:\/\/sacrebleuprod.fr\/?page_id=15627","title":{"rendered":"Peau neuve"},"content":{"rendered":"\t\t<div data-elementor-type=\"wp-page\" data-elementor-id=\"15627\" class=\"elementor elementor-15627\">\n\t\t\t\t<div class=\"elementor-element elementor-element-fec39eb e-flex e-con-boxed e-con e-parent\" data-id=\"fec39eb\" data-element_type=\"container\" data-e-type=\"container\">\n\t\t\t\t\t<div class=\"e-con-inner\">\n\t\t<div class=\"elementor-element elementor-element-60bebc0 e-con-full e-flex e-con e-child\" data-id=\"60bebc0\" data-element_type=\"container\" data-e-type=\"container\">\n\t\t\t\t<div class=\"elementor-element elementor-element-f34e34d elementor-widget elementor-widget-image\" data-id=\"f34e34d\" data-element_type=\"widget\" data-e-type=\"widget\" data-widget_type=\"image.default\">\n\t\t\t\t<div class=\"elementor-widget-container\">\n\t\t\t\t\t\t\t\t\t\t\t\t\t\t\t<img fetchpriority=\"high\" decoding=\"async\" width=\"682\" height=\"1024\" src=\"https:\/\/sacrebleuprod.fr\/wp-content\/uploads\/2024\/12\/Sacrebleu-Productions-Site-Internet-39-1-682x1024.jpg\" class=\"attachment-large size-large wp-image-15626\" alt=\"\" srcset=\"https:\/\/sacrebleuprod.fr\/wp-content\/uploads\/2024\/12\/Sacrebleu-Productions-Site-Internet-39-1-682x1024.jpg 682w, https:\/\/sacrebleuprod.fr\/wp-content\/uploads\/2024\/12\/Sacrebleu-Productions-Site-Internet-39-1-600x900.jpg 600w, https:\/\/sacrebleuprod.fr\/wp-content\/uploads\/2024\/12\/Sacrebleu-Productions-Site-Internet-39-1-200x300.jpg 200w, https:\/\/sacrebleuprod.fr\/wp-content\/uploads\/2024\/12\/Sacrebleu-Productions-Site-Internet-39-1-768x1152.jpg 768w, https:\/\/sacrebleuprod.fr\/wp-content\/uploads\/2024\/12\/Sacrebleu-Productions-Site-Internet-39-1-1024x1536.jpg 1024w, https:\/\/sacrebleuprod.fr\/wp-content\/uploads\/2024\/12\/Sacrebleu-Productions-Site-Internet-39-1-1365x2048.jpg 1365w, https:\/\/sacrebleuprod.fr\/wp-content\/uploads\/2024\/12\/Sacrebleu-Productions-Site-Internet-39-1.jpg 1706w\" sizes=\"(max-width: 682px) 100vw, 682px\" \/>\t\t\t\t\t\t\t\t\t\t\t\t\t\t\t<\/div>\n\t\t\t\t<\/div>\n\t\t\t\t<\/div>\n\t\t<div class=\"elementor-element elementor-element-7f49b5d e-con-full e-flex e-con e-child\" data-id=\"7f49b5d\" data-element_type=\"container\" data-e-type=\"container\">\n\t\t<div class=\"elementor-element elementor-element-794d9be e-con-full e-flex e-con e-child\" data-id=\"794d9be\" data-element_type=\"container\" data-e-type=\"container\">\n\t\t\t\t<div class=\"elementor-element elementor-element-c5ccfd8 elementor-widget elementor-widget-heading\" data-id=\"c5ccfd8\" data-element_type=\"widget\" data-e-type=\"widget\" data-widget_type=\"heading.default\">\n\t\t\t\t<div class=\"elementor-widget-container\">\n\t\t\t\t\t<h2 class=\"elementor-heading-title elementor-size-default\">Peau Neuve<\/h2>\t\t\t\t<\/div>\n\t\t\t\t<\/div>\n\t\t\t\t<\/div>\n\t\t<div class=\"elementor-element elementor-element-d909acc e-con-full e-flex e-con e-child\" data-id=\"d909acc\" data-element_type=\"container\" data-e-type=\"container\">\n\t\t\t\t<div class=\"elementor-element elementor-element-6e0ba8e elementor-widget__width-initial elementor-widget elementor-widget-heading\" data-id=\"6e0ba8e\" data-element_type=\"widget\" data-e-type=\"widget\" data-widget_type=\"heading.default\">\n\t\t\t\t<div class=\"elementor-widget-container\">\n\t\t\t\t\t<h2 class=\"elementor-heading-title elementor-size-medium\"><b>Prise de vue r\u00e9elle-13'<\/b>\n<br><br><br><b>R\u00e9alisatrice &amp; Sc\u00e9nariste: <\/b>Clara Elalouf<br><br><b>Production:<\/b> Sacrebleu Productions<br><br><p style=\"margin: 0cm 0cm 0.0001pt;font-size: 12pt;font-family: Calibri, sans-serif;font-style: normal;font-weight: 400;text-align: start\"><\/p><br><br>Aujourd'hui, beaucoup d'hommes et de femmes poussent la porte des bains-douches municipaux. Certains par n\u00e9cessit\u00e9, ceux-l\u00e0 n'ont pas de douche chez eux. Et puis d'autres, qui en ont une, pr\u00e9f\u00e8rent venir se laver dans cet endroit public. Des moments du corps qui passent par des rituels diff\u00e9rents selon son sexe, ses origines, ses obsessions. Du rasage \u00e0 l'\u00e9talement d'une cr\u00e8me sur son corps ou le reflet de son image dans le miroir.<\/h2>\t\t\t\t<\/div>\n\t\t\t\t<\/div>\n\t\t\t\t<\/div>\n\t\t\t\t<\/div>\n\t\t\t\t\t<\/div>\n\t\t\t\t<\/div>\n\t\t<div class=\"elementor-element elementor-element-9df4960 e-flex e-con-boxed e-con e-parent\" data-id=\"9df4960\" data-element_type=\"container\" data-e-type=\"container\">\n\t\t\t\t\t<div class=\"e-con-inner\">\n\t\t<div class=\"elementor-element elementor-element-683cab3 e-con-full e-flex e-con e-child\" data-id=\"683cab3\" data-element_type=\"container\" data-e-type=\"container\">\n\t\t\t\t<div class=\"elementor-element elementor-element-ca0288e elementor-widget elementor-widget-image\" data-id=\"ca0288e\" data-element_type=\"widget\" data-e-type=\"widget\" data-widget_type=\"image.default\">\n\t\t\t\t<div class=\"elementor-widget-container\">\n\t\t\t\t\t\t\t\t\t\t\t\t\t\t\t<img decoding=\"async\" width=\"1024\" height=\"576\" src=\"https:\/\/sacrebleuprod.fr\/wp-content\/uploads\/2024\/12\/Design-sans-titre-50-1024x576.jpg\" class=\"attachment-large size-large wp-image-15636\" alt=\"\" srcset=\"https:\/\/sacrebleuprod.fr\/wp-content\/uploads\/2024\/12\/Design-sans-titre-50-1024x576.jpg 1024w, https:\/\/sacrebleuprod.fr\/wp-content\/uploads\/2024\/12\/Design-sans-titre-50-600x338.jpg 600w, https:\/\/sacrebleuprod.fr\/wp-content\/uploads\/2024\/12\/Design-sans-titre-50-300x169.jpg 300w, https:\/\/sacrebleuprod.fr\/wp-content\/uploads\/2024\/12\/Design-sans-titre-50-768x432.jpg 768w, https:\/\/sacrebleuprod.fr\/wp-content\/uploads\/2024\/12\/Design-sans-titre-50-1536x864.jpg 1536w, https:\/\/sacrebleuprod.fr\/wp-content\/uploads\/2024\/12\/Design-sans-titre-50.jpg 1920w\" sizes=\"(max-width: 1024px) 100vw, 1024px\" \/>\t\t\t\t\t\t\t\t\t\t\t\t\t\t\t<\/div>\n\t\t\t\t<\/div>\n\t\t\t\t<\/div>\n\t\t<div class=\"elementor-element elementor-element-2eac29b e-con-full e-flex e-con e-child\" data-id=\"2eac29b\" data-element_type=\"container\" data-e-type=\"container\">\n\t\t\t\t<div class=\"elementor-element elementor-element-c3f0b56 elementor-widget elementor-widget-image\" data-id=\"c3f0b56\" data-element_type=\"widget\" data-e-type=\"widget\" data-widget_type=\"image.default\">\n\t\t\t\t<div class=\"elementor-widget-container\">\n\t\t\t\t\t\t\t\t\t\t\t\t\t\t\t<img decoding=\"async\" width=\"1024\" height=\"576\" src=\"https:\/\/sacrebleuprod.fr\/wp-content\/uploads\/2024\/12\/Design-sans-titre-51-1024x576.jpg\" class=\"attachment-large size-large wp-image-15635\" alt=\"\" srcset=\"https:\/\/sacrebleuprod.fr\/wp-content\/uploads\/2024\/12\/Design-sans-titre-51-1024x576.jpg 1024w, https:\/\/sacrebleuprod.fr\/wp-content\/uploads\/2024\/12\/Design-sans-titre-51-600x338.jpg 600w, https:\/\/sacrebleuprod.fr\/wp-content\/uploads\/2024\/12\/Design-sans-titre-51-300x169.jpg 300w, https:\/\/sacrebleuprod.fr\/wp-content\/uploads\/2024\/12\/Design-sans-titre-51-768x432.jpg 768w, https:\/\/sacrebleuprod.fr\/wp-content\/uploads\/2024\/12\/Design-sans-titre-51-1536x864.jpg 1536w, https:\/\/sacrebleuprod.fr\/wp-content\/uploads\/2024\/12\/Design-sans-titre-51.jpg 1920w\" sizes=\"(max-width: 1024px) 100vw, 1024px\" \/>\t\t\t\t\t\t\t\t\t\t\t\t\t\t\t<\/div>\n\t\t\t\t<\/div>\n\t\t\t\t<\/div>\n\t\t\t\t\t<\/div>\n\t\t\t\t<\/div>\n\t\t\t\t<\/div>\n\t\t","protected":false},"excerpt":{"rendered":"<p>Peau Neuve Prise de vue r\u00e9elle-13&#8242; R\u00e9alisatrice &amp; Sc\u00e9nariste: Clara Elalouf Production: Sacrebleu Productions Aujourd&#8217;hui, beaucoup d&#8217;hommes et de femmes poussent la porte des bains-douches municipaux. Certains par n\u00e9cessit\u00e9, ceux-l\u00e0 n&#8217;ont pas de douche chez eux. Et puis d&#8217;autres, qui en ont une, pr\u00e9f\u00e8rent venir se laver dans cet endroit public. Des moments du corps [&hellip;]<\/p>\n","protected":false},"author":1,"featured_media":0,"parent":0,"menu_order":0,"comment_status":"closed","ping_status":"closed","template":"","meta":{"site-sidebar-layout":"no-sidebar","site-content-layout":"page-builder","ast-site-content-layout":"full-width-container","site-content-style":"default","site-sidebar-style":"default","ast-global-header-display":"","ast-banner-title-visibility":"","ast-main-header-display":"","ast-hfb-above-header-display":"","ast-hfb-below-header-display":"","ast-hfb-mobile-header-display":"","site-post-title":"disabled","ast-breadcrumbs-content":"","ast-featured-img":"disabled","footer-sml-layout":"","ast-disable-related-posts":"","theme-transparent-header-meta":"","adv-header-id-meta":"","stick-header-meta":"","header-above-stick-meta":"","header-main-stick-meta":"","header-below-stick-meta":"","astra-migrate-meta-layouts":"set","ast-page-background-enabled":"default","ast-page-background-meta":{"desktop":{"background-color":"var(--ast-global-color-4)","background-image":"","background-repeat":"repeat","background-position":"center center","background-size":"auto","background-attachment":"scroll","background-type":"","background-media":"","overlay-type":"","overlay-color":"","overlay-opacity":"","overlay-gradient":""},"tablet":{"background-color":"","background-image":"","background-repeat":"repeat","background-position":"center center","background-size":"auto","background-attachment":"scroll","background-type":"","background-media":"","overlay-type":"","overlay-color":"","overlay-opacity":"","overlay-gradient":""},"mobile":{"background-color":"","background-image":"","background-repeat":"repeat","background-position":"center center","background-size":"auto","background-attachment":"scroll","background-type":"","background-media":"","overlay-type":"","overlay-color":"","overlay-opacity":"","overlay-gradient":""}},"ast-content-background-meta":{"desktop":{"background-color":"var(--ast-global-color-5)","background-image":"","background-repeat":"repeat","background-position":"center center","background-size":"auto","background-attachment":"scroll","background-type":"","background-media":"","overlay-type":"","overlay-color":"","overlay-opacity":"","overlay-gradient":""},"tablet":{"background-color":"var(--ast-global-color-5)","background-image":"","background-repeat":"repeat","background-position":"center center","background-size":"auto","background-attachment":"scroll","background-type":"","background-media":"","overlay-type":"","overlay-color":"","overlay-opacity":"","overlay-gradient":""},"mobile":{"background-color":"var(--ast-global-color-5)","background-image":"","background-repeat":"repeat","background-position":"center center","background-size":"auto","background-attachment":"scroll","background-type":"","background-media":"","overlay-type":"","overlay-color":"","overlay-opacity":"","overlay-gradient":""}},"footnotes":""},"class_list":["post-15627","page","type-page","status-publish","hentry"],"_links":{"self":[{"href":"https:\/\/sacrebleuprod.fr\/index.php?rest_route=\/wp\/v2\/pages\/15627","targetHints":{"allow":["GET"]}}],"collection":[{"href":"https:\/\/sacrebleuprod.fr\/index.php?rest_route=\/wp\/v2\/pages"}],"about":[{"href":"https:\/\/sacrebleuprod.fr\/index.php?rest_route=\/wp\/v2\/types\/page"}],"author":[{"embeddable":true,"href":"https:\/\/sacrebleuprod.fr\/index.php?rest_route=\/wp\/v2\/users\/1"}],"replies":[{"embeddable":true,"href":"https:\/\/sacrebleuprod.fr\/index.php?rest_route=%2Fwp%2Fv2%2Fcomments&post=15627"}],"version-history":[{"count":4,"href":"https:\/\/sacrebleuprod.fr\/index.php?rest_route=\/wp\/v2\/pages\/15627\/revisions"}],"predecessor-version":[{"id":15639,"href":"https:\/\/sacrebleuprod.fr\/index.php?rest_route=\/wp\/v2\/pages\/15627\/revisions\/15639"}],"wp:attachment":[{"href":"https:\/\/sacrebleuprod.fr\/index.php?rest_route=%2Fwp%2Fv2%2Fmedia&parent=15627"}],"curies":[{"name":"wp","href":"https:\/\/api.w.org\/{rel}","templated":true}]}}