{"id":1566,"date":"2023-11-27T16:39:02","date_gmt":"2023-11-27T15:39:02","guid":{"rendered":"https:\/\/sacrebleuprod.fr\/?page_id=1566"},"modified":"2026-04-01T15:24:49","modified_gmt":"2026-04-01T13:24:49","slug":"a-propos","status":"publish","type":"page","link":"https:\/\/sacrebleuprod.fr\/?page_id=1566","title":{"rendered":"\u00c0 propos"},"content":{"rendered":"\t\t<div data-elementor-type=\"wp-page\" data-elementor-id=\"1566\" class=\"elementor elementor-1566\">\n\t\t\t\t<div class=\"elementor-element elementor-element-bc728ad e-con-full e-flex e-con e-parent\" data-id=\"bc728ad\" data-element_type=\"container\" data-e-type=\"container\" data-settings=\"{&quot;background_background&quot;:&quot;classic&quot;}\">\n\t\t\t\t<div class=\"elementor-element elementor-element-b3b705c elementor-widget elementor-widget-video\" data-id=\"b3b705c\" data-element_type=\"widget\" data-e-type=\"widget\" data-settings=\"{&quot;video_type&quot;:&quot;vimeo&quot;,&quot;autoplay&quot;:&quot;yes&quot;,&quot;mute&quot;:&quot;yes&quot;,&quot;loop&quot;:&quot;yes&quot;}\" data-widget_type=\"video.default\">\n\t\t\t\t<div class=\"elementor-widget-container\">\n\t\t\t\t\t\t\t<div class=\"elementor-wrapper elementor-open-inline\">\n\t\t\t<iframe class=\"elementor-video-iframe\" allowfullscreen allow=\"autoplay\" title=\"Lecteur vid\u00e9o vimeo\" src=\"https:\/\/player.vimeo.com\/video\/1097504194?autoplay=1&amp;color&amp;autopause=0&amp;loop=1&amp;muted=1&amp;title=1&amp;portrait=1&amp;byline=1#t=\"><\/iframe>\t\t<\/div>\n\t\t\t\t\t\t<\/div>\n\t\t\t\t<\/div>\n\t\t\t\t<div class=\"elementor-element elementor-element-62ad701 elementor-widget elementor-widget-spacer\" data-id=\"62ad701\" data-element_type=\"widget\" data-e-type=\"widget\" data-widget_type=\"spacer.default\">\n\t\t\t\t<div class=\"elementor-widget-container\">\n\t\t\t\t\t\t\t<div class=\"elementor-spacer\">\n\t\t\t<div class=\"elementor-spacer-inner\"><\/div>\n\t\t<\/div>\n\t\t\t\t\t\t<\/div>\n\t\t\t\t<\/div>\n\t\t\t\t<div class=\"elementor-element elementor-element-261aac1 elementor-widget__width-initial elementor-widget elementor-widget-text-editor\" data-id=\"261aac1\" data-element_type=\"widget\" data-e-type=\"widget\" data-widget_type=\"text-editor.default\">\n\t\t\t\t<div class=\"elementor-widget-container\">\n\t\t\t\t\t\t\t\t\t<div>\n<p>Cr\u00e9\u00e9e en 1999 par Ron Dyens, Sacrebleu Productions se lance dans l&#8217;aventure du long-m\u00e9trage d&#8217;animation avec <b><i>Tout en haut du monde<\/i><\/b>, Prix du Public \u00e0 Annecy, sorti en 2016, ayant attir\u00e9 pr\u00e8s de 600 000 spectateurs en France et vendu dans plus de 20 pays \u00e0 travers le monde.<\/p>\n<p>D\u00e9but 2020, le long-m\u00e9trage d&#8217;animation <i><b>L&#8217;Extraordinaire voyage de Marona<\/b><\/i> d&#8217;Anca Damian distribu\u00e9 par Cin\u00e9ma Public Films sort en salles suite \u00e0 de nombreuses s\u00e9lections en festival (Annecy, European Film Awards&#8230;), prix (BIAF, Reanimania&#8230;) et \u00e0 une critique \u00e9logieuse. Il a d\u00e9j\u00e0 \u00e9t\u00e9 vendu par Charades dans plus de 15 pays. Il re\u00e7oit le prix Andr\u00e9 Martin \u00e0 Annecy et rejoint le dispositif \u00c9cole et Cin\u00e9ma du CNC.<\/p>\n<p><b><i>Ma Famille Afghane<\/i><\/b>, le long-m\u00e9trage de Michaela Pavl\u00e1tov\u00e1 sorti en salles le 27 avril 2022, re\u00e7oit le Prix du Jury \u00e0 Annecy puis est s\u00e9lectionn\u00e9 dans de nombreux festivals, y compris les Golden Globes. En 2023, le film ajoute une nouvelle distinction \u00e0 son palmar\u00e8s en remportant le C\u00e9sar du Meilleur film d&#8217;Animation. Diaphana a assur\u00e9 la distribution du film en France, tandis que Totem Films s&#8217;est occup\u00e9 des ventes internationales.<\/p>\n<p>Sacrebleu a \u00e9galement produit plus de 90 courts m\u00e9trages s\u00e9lectionn\u00e9s dans pr\u00e8s de 2000 festivals en France et \u00e0 l\u2019\u00e9tranger, tels que Cannes, Venise, Berlin, Sundance, Clermont-Ferrand, mais aussi Stuttgart, Brest, Hiroshima\u2026 R\u00e9cipiendaire de prestigieux prix, on peut citer parmi eux : <b><i>Chienne d&#8217;histoire<\/i><\/b> (Palme d&#8217;Or 2010), <b><i>Le Repas Dominical<\/i><\/b> et <b><i>L&#8217;Heure de l&#8217;Ours<\/i><\/b> (respectivement r\u00e9compens\u00e9s du C\u00e9sar du Meilleur Court-M\u00e9trage d&#8217;animation en 2015 et 2021) mais \u00e9galement <b><i>Madagascar, Carnet de Voyage<\/i><\/b> (nomm\u00e9 \u00e0 l&#8217;Oscar du Meilleur Court-M\u00e9trage d&#8217;animation en 2011) ou encore <b><i>Tram<\/i><\/b> (Cristal du Meilleur Court-M\u00e9trage 2012).<\/p>\n<p>Le 13 D\u00e9cembre 2023 sort&nbsp;<i><b>Sirocco et l<\/b><\/i><i><span style=\"font-weight: bold;\">e<\/span><\/i>&nbsp;<b><i>Royaume des courants d&#8217;air<\/i><\/b>&nbsp;de Beno\u00eet Chieux. Le film a fait l&#8217;ouverture du festival international du film d&#8217;animation d&#8217;Annecy 2023, et a remport\u00e9 le prix du public. Il est distribu\u00e9 en France par Haut et Court et \u00e0 l&#8217;international par Kinology.<\/p>\n<p>En 2024, le court m\u00e9trage&nbsp;<i style=\"color: var(--ast-global-color-3); font-size: 1rem; font-weight: bold;\">Papillon<\/i><span style=\"font-style: inherit; font-weight: inherit; color: var(--ast-global-color-3);\"> de Florence Miailhe, est s\u00e9lectionn\u00e9 en comp\u00e9tition officielle court m\u00e9trage de la section G\u00e9n\u00e9ration Kplus de la Berlinale et remporte l&#8217;Ours de Cristal. Le film est \u00e9galement s\u00e9lectionn\u00e9 au festival Animafest de Zagreb et remporte \u00e0 Annecy le prix Andr\u00e9 Martin du meilleur court-m\u00e9trage fran\u00e7ais. Le film est maintenant nomm\u00e9 aux Oscars\u00ae dans la cat\u00e9gorie Meilleur Court-M\u00e9trage d&#8217;Animation. <\/span><span style=\"font-style: inherit; font-weight: bold;\"><i>Supersilly<\/i><\/span><span style=\"font-style: inherit; font-weight: inherit;\">, court-m\u00e9trage de Veronica Martiradonna, est s\u00e9lectionn\u00e9 \u00e0 la Semaine de la Critique et \u00e0 Clermont-Ferrand.&nbsp;<\/span><\/p>\n<p>Apr\u00e8s sa premi\u00e8re mondiale au festival de Cannes en comp\u00e9tition &#8221;Un Certain Regard&#8221;, le&nbsp;<span style=\"font-style: inherit; font-weight: inherit; color: var(--ast-global-color-3);\">long m\u00e9trage&nbsp;<\/span><span style=\"color: var(--ast-global-color-3); font-size: 1rem;\"><i style=\"font-weight: bold;\">Flow<\/i><\/span><span style=\"color: var(--ast-global-color-3); font-size: 1rem; font-style: inherit; font-weight: inherit;\">&nbsp;<\/span><span style=\"color: var(--ast-global-color-3); font-style: inherit; font-weight: inherit;\">de Gints Zilbalodis remporte quatre prix au festival d&#8217;Annecy (<\/span>Prix de la musique, de la fondation Gan pour la distribution, du Public et du Jury). Vendu dans quasiment tous les pays, le film a fait plus de 800 000 entr\u00e9es en France et plus de 50 millions de dollars au box-office mondial. En 2025, <em><strong>Flow<\/strong><\/em> a re\u00e7u le Golden Globe, le C\u00e9sar et l&#8217;Oscar\u00ae<span style=\"font-style: inherit; font-weight: inherit;\">&nbsp;du Meilleur film d&#8217;animation, devenant le premier film ind\u00e9pendant \u00e0 remporter un Oscar<\/span><span style=\"color: #333333; font-family: Inter, helvetica, arial, sans-serif; font-size: 14px; text-align: start;\">\u00ae<\/span><span style=\"font-style: inherit; font-weight: inherit;\">&nbsp;dans cette cat\u00e9gorie.&nbsp;<\/span><\/p>\n<p>Mai 2025 marque le d\u00e9but du nouveau court-m\u00e9trage d&#8217;Agn\u00e8s Patron,&nbsp;<b><i>Une Fugue<\/i><\/b>, avec une premi\u00e8re mondiale au festival de Cannes dans le cadre de la Semaine de la Critique. Le film a remport\u00e9 le Short Cuts Award for Best Animated Short Film au TIFF 2025 et&nbsp;<span style=\"font-size: 1rem;\">le Grand Prix Anima 2026 of the Best International Short Film. Il<\/span><span style=\"font-style: inherit; font-weight: inherit;\">&nbsp;a \u00e9t\u00e9 s\u00e9lectionn\u00e9 en comp\u00e9tition nationale et internationale au Festival International du Court M\u00e9trage de Clermont-Ferrand.<\/span><\/p>\n<p><span style=\"font-style: inherit; color: var(--ast-global-color-3);\">De nombreux longs-m\u00e9trages, s\u00e9ries, unitaires, courts-m\u00e9trages et projets en r\u00e9alit\u00e9 virtuelle sont actuellement en d\u00e9veloppement.&nbsp;<\/span><\/p>\n<\/div>\t\t\t\t\t\t\t\t<\/div>\n\t\t\t\t<\/div>\n\t\t\t\t<\/div>\n\t\t<div class=\"elementor-element elementor-element-cf198d1 e-flex e-con-boxed e-con e-parent\" data-id=\"cf198d1\" data-element_type=\"container\" data-e-type=\"container\">\n\t\t\t\t\t<div class=\"e-con-inner\">\n\t\t\t\t<div class=\"elementor-element elementor-element-6bc0fe6 elementor-align-left elementor-tablet-align-center elementor-widget-tablet__width-initial elementor-widget elementor-widget-button\" data-id=\"6bc0fe6\" data-element_type=\"widget\" data-e-type=\"widget\" data-widget_type=\"button.default\">\n\t\t\t\t<div class=\"elementor-widget-container\">\n\t\t\t\t\t\t\t\t\t<div class=\"elementor-button-wrapper\">\n\t\t\t\t\t<a class=\"elementor-button elementor-button-link elementor-size-sm\" href=\"http:\/\/sacrebleuprod.fr\/wp-content\/uploads\/2025\/04\/Press-Review_Sacrebleu-New-Version-2.pdf-1-2.pdf\" target=\"_blank\">\n\t\t\t\t\t\t<span class=\"elementor-button-content-wrapper\">\n\t\t\t\t\t\t\t\t\t<span class=\"elementor-button-text\">REVUE DE PRESSE<\/span>\n\t\t\t\t\t<\/span>\n\t\t\t\t\t<\/a>\n\t\t\t\t<\/div>\n\t\t\t\t\t\t\t\t<\/div>\n\t\t\t\t<\/div>\n\t\t\t\t\t<\/div>\n\t\t\t\t<\/div>\n\t\t<div class=\"elementor-element elementor-element-40a3e6e e-con-full e-flex e-con e-parent\" data-id=\"40a3e6e\" data-element_type=\"container\" data-e-type=\"container\">\n\t\t<div class=\"elementor-element elementor-element-3f317bb e-con-full e-flex e-con e-child\" data-id=\"3f317bb\" data-element_type=\"container\" data-e-type=\"container\">\n\t\t<div class=\"elementor-element elementor-element-18f3818 e-con-full e-flex e-con e-child\" data-id=\"18f3818\" data-element_type=\"container\" data-e-type=\"container\">\n\t\t\t\t<div class=\"elementor-element elementor-element-3120822 elementor-widget elementor-widget-heading\" data-id=\"3120822\" data-element_type=\"widget\" data-e-type=\"widget\" data-widget_type=\"heading.default\">\n\t\t\t\t<div class=\"elementor-widget-container\">\n\t\t\t\t\t<h2 class=\"elementor-heading-title elementor-size-default\">L'\u00c9QUIPE<\/h2>\t\t\t\t<\/div>\n\t\t\t\t<\/div>\n\t\t\t\t<\/div>\n\t\t\t\t<\/div>\n\t\t\t\t<\/div>\n\t\t<div class=\"elementor-element elementor-element-2804d6e e-con-full e-flex e-con e-parent\" data-id=\"2804d6e\" data-element_type=\"container\" data-e-type=\"container\">\n\t\t<div class=\"elementor-element elementor-element-e232e44 e-con-full e-flex e-con e-child\" data-id=\"e232e44\" data-element_type=\"container\" data-e-type=\"container\">\n\t\t<div class=\"elementor-element elementor-element-c8de11b e-con-full e-flex e-con e-child\" data-id=\"c8de11b\" data-element_type=\"container\" data-e-type=\"container\">\n\t\t\t\t<div class=\"elementor-element elementor-element-d5bb8df elementor-widget elementor-widget-text-editor\" data-id=\"d5bb8df\" data-element_type=\"widget\" data-e-type=\"widget\" data-widget_type=\"text-editor.default\">\n\t\t\t\t<div class=\"elementor-widget-container\">\n\t\t\t\t\t\t\t\t\t<p style=\"text-align: left;\"><span style=\"text-align: justify;\"><b>Producteurs:<\/b> <span style=\"color: #0093d2;\">Ron Dyens &amp; Claire Maillard&nbsp;<\/span><\/span><\/p>\n<p><b>Responsable administratif et financier:<\/b> <span style=\"color: #0093d2;\">Fred Greene<\/span><\/p>\n<p><b>Comptable:<\/b> <span style=\"color: #0093d2;\">David Guigui<\/span><\/p>\n<p><b>Directeur des productions:<\/b> <span style=\"color: #0093d2;\">Th\u00e9ophile Robert<\/span><\/p>\n<p><b>Charg\u00e9e de d\u00e9veloppement longs-m\u00e9trages \/ audiovisuel:<\/b>&nbsp;<span style=\"color: #0093d2;\">Manon Troussier<\/span><\/p>\n<p><b>Charg\u00e9 de production courts-m\u00e9trages \/ VR:<\/b> <span style=\"color: #0093d2;\">Nicolas Deletoille<\/span><\/p>\n<p><b>Charg\u00e9 de distribution:<\/b> <span style=\"color: #0093d2;\">Luigi Loy<\/span><\/p>\n<p><span style=\"font-weight: bold; font-size: 1rem;\">Assistant de production:&nbsp;<\/span><span style=\"color: #0093d2; font-size: 1rem;\">Mathieu Rouchon<\/span><\/p>\n<p><strong>S<\/strong><b>tagiaire en production: <\/b><span style=\"color: #0093d2;\">C\u00e9cile Chastan<\/span><\/p>\n<p><b>Stagiaire distribution et communication:<\/b> <span style=\"font-style: inherit; text-align: var(--text-align); color: #0093d2;\">Chlo\u00e9 Uroz<\/span><\/p>\n<p><span style=\"font-size: 1rem; font-weight: bold;\">Alternant d\u00e9veloppement jeu vid\u00e9o:<\/span><span style=\"font-size: 1rem;\">&nbsp;<span style=\"color: #0093d2;\">Romain Poli<\/span><\/span><\/p>\t\t\t\t\t\t\t\t<\/div>\n\t\t\t\t<\/div>\n\t\t\t\t<\/div>\n\t\t\t\t<\/div>\n\t\t\t\t<\/div>\n\t\t\t\t<\/div>\n\t\t","protected":false},"excerpt":{"rendered":"<p>https:\/\/vimeo.com\/1097504194?share=copy Cr\u00e9\u00e9e en 1999 par Ron Dyens, Sacrebleu Productions se lance dans l&#8217;aventure du long-m\u00e9trage d&#8217;animation avec Tout en haut du monde, Prix du Public \u00e0 Annecy, sorti en 2016, ayant attir\u00e9 pr\u00e8s de 600 000 spectateurs en France et vendu dans plus de 20 pays \u00e0 travers le monde. D\u00e9but 2020, le long-m\u00e9trage d&#8217;animation [&hellip;]<\/p>\n","protected":false},"author":1,"featured_media":0,"parent":0,"menu_order":0,"comment_status":"closed","ping_status":"closed","template":"","meta":{"site-sidebar-layout":"no-sidebar","site-content-layout":"page-builder","ast-site-content-layout":"full-width-container","site-content-style":"unboxed","site-sidebar-style":"unboxed","ast-global-header-display":"","ast-banner-title-visibility":"","ast-main-header-display":"","ast-hfb-above-header-display":"","ast-hfb-below-header-display":"","ast-hfb-mobile-header-display":"","site-post-title":"disabled","ast-breadcrumbs-content":"","ast-featured-img":"disabled","footer-sml-layout":"","ast-disable-related-posts":"","theme-transparent-header-meta":"","adv-header-id-meta":"","stick-header-meta":"","header-above-stick-meta":"","header-main-stick-meta":"","header-below-stick-meta":"","astra-migrate-meta-layouts":"set","ast-page-background-enabled":"default","ast-page-background-meta":{"desktop":{"background-color":"var(--ast-global-color-4)","background-image":"","background-repeat":"repeat","background-position":"center center","background-size":"auto","background-attachment":"scroll","background-type":"","background-media":"","overlay-type":"","overlay-color":"","overlay-opacity":"","overlay-gradient":""},"tablet":{"background-color":"","background-image":"","background-repeat":"repeat","background-position":"center center","background-size":"auto","background-attachment":"scroll","background-type":"","background-media":"","overlay-type":"","overlay-color":"","overlay-opacity":"","overlay-gradient":""},"mobile":{"background-color":"","background-image":"","background-repeat":"repeat","background-position":"center center","background-size":"auto","background-attachment":"scroll","background-type":"","background-media":"","overlay-type":"","overlay-color":"","overlay-opacity":"","overlay-gradient":""}},"ast-content-background-meta":{"desktop":{"background-color":"var(--ast-global-color-5)","background-image":"","background-repeat":"repeat","background-position":"center center","background-size":"auto","background-attachment":"scroll","background-type":"","background-media":"","overlay-type":"","overlay-color":"","overlay-opacity":"","overlay-gradient":""},"tablet":{"background-color":"var(--ast-global-color-5)","background-image":"","background-repeat":"repeat","background-position":"center center","background-size":"auto","background-attachment":"scroll","background-type":"","background-media":"","overlay-type":"","overlay-color":"","overlay-opacity":"","overlay-gradient":""},"mobile":{"background-color":"var(--ast-global-color-5)","background-image":"","background-repeat":"repeat","background-position":"center center","background-size":"auto","background-attachment":"scroll","background-type":"","background-media":"","overlay-type":"","overlay-color":"","overlay-opacity":"","overlay-gradient":""}},"footnotes":""},"class_list":["post-1566","page","type-page","status-publish","hentry"],"_links":{"self":[{"href":"https:\/\/sacrebleuprod.fr\/index.php?rest_route=\/wp\/v2\/pages\/1566","targetHints":{"allow":["GET"]}}],"collection":[{"href":"https:\/\/sacrebleuprod.fr\/index.php?rest_route=\/wp\/v2\/pages"}],"about":[{"href":"https:\/\/sacrebleuprod.fr\/index.php?rest_route=\/wp\/v2\/types\/page"}],"author":[{"embeddable":true,"href":"https:\/\/sacrebleuprod.fr\/index.php?rest_route=\/wp\/v2\/users\/1"}],"replies":[{"embeddable":true,"href":"https:\/\/sacrebleuprod.fr\/index.php?rest_route=%2Fwp%2Fv2%2Fcomments&post=1566"}],"version-history":[{"count":390,"href":"https:\/\/sacrebleuprod.fr\/index.php?rest_route=\/wp\/v2\/pages\/1566\/revisions"}],"predecessor-version":[{"id":20292,"href":"https:\/\/sacrebleuprod.fr\/index.php?rest_route=\/wp\/v2\/pages\/1566\/revisions\/20292"}],"wp:attachment":[{"href":"https:\/\/sacrebleuprod.fr\/index.php?rest_route=%2Fwp%2Fv2%2Fmedia&parent=1566"}],"curies":[{"name":"wp","href":"https:\/\/api.w.org\/{rel}","templated":true}]}}