{"id":1826,"date":"2023-11-28T12:33:11","date_gmt":"2023-11-28T11:33:11","guid":{"rendered":"https:\/\/sacrebleuprod.fr\/?page_id=1826"},"modified":"2025-04-08T14:50:24","modified_gmt":"2025-04-08T12:50:24","slug":"tout-en-haut-du-monde","status":"publish","type":"page","link":"https:\/\/sacrebleuprod.fr\/?page_id=1826","title":{"rendered":"Tout en haut du monde"},"content":{"rendered":"\t\t<div data-elementor-type=\"wp-page\" data-elementor-id=\"1826\" class=\"elementor elementor-1826\">\n\t\t\t\t<div class=\"elementor-element elementor-element-2022d9e e-flex e-con-boxed e-con e-parent\" data-id=\"2022d9e\" data-element_type=\"container\" data-e-type=\"container\">\n\t\t\t\t\t<div class=\"e-con-inner\">\n\t\t<div class=\"elementor-element elementor-element-1fa887a e-con-full e-flex e-con e-child\" data-id=\"1fa887a\" data-element_type=\"container\" data-e-type=\"container\">\n\t\t\t\t<div class=\"elementor-element elementor-element-db7a753 elementor-widget elementor-widget-image\" data-id=\"db7a753\" data-element_type=\"widget\" data-e-type=\"widget\" data-widget_type=\"image.default\">\n\t\t\t\t<div class=\"elementor-widget-container\">\n\t\t\t\t\t\t\t\t\t\t\t\t\t\t\t<img fetchpriority=\"high\" decoding=\"async\" width=\"754\" height=\"1024\" src=\"https:\/\/sacrebleuprod.fr\/wp-content\/uploads\/2023\/11\/414149.jpg-r_1920_1080-f_jpg-q_x-xxyxx-754x1024.jpg\" class=\"attachment-large size-large wp-image-1628\" alt=\"\" srcset=\"https:\/\/sacrebleuprod.fr\/wp-content\/uploads\/2023\/11\/414149.jpg-r_1920_1080-f_jpg-q_x-xxyxx-754x1024.jpg 754w, https:\/\/sacrebleuprod.fr\/wp-content\/uploads\/2023\/11\/414149.jpg-r_1920_1080-f_jpg-q_x-xxyxx-600x815.jpg 600w, https:\/\/sacrebleuprod.fr\/wp-content\/uploads\/2023\/11\/414149.jpg-r_1920_1080-f_jpg-q_x-xxyxx-221x300.jpg 221w, https:\/\/sacrebleuprod.fr\/wp-content\/uploads\/2023\/11\/414149.jpg-r_1920_1080-f_jpg-q_x-xxyxx-768x1043.jpg 768w, https:\/\/sacrebleuprod.fr\/wp-content\/uploads\/2023\/11\/414149.jpg-r_1920_1080-f_jpg-q_x-xxyxx.jpg 795w\" sizes=\"(max-width: 754px) 100vw, 754px\" \/>\t\t\t\t\t\t\t\t\t\t\t\t\t\t\t<\/div>\n\t\t\t\t<\/div>\n\t\t\t\t<\/div>\n\t\t<div class=\"elementor-element elementor-element-9720575 e-con-full e-flex e-con e-child\" data-id=\"9720575\" data-element_type=\"container\" data-e-type=\"container\">\n\t\t<div class=\"elementor-element elementor-element-a8e9064 e-flex e-con-boxed e-con e-child\" data-id=\"a8e9064\" data-element_type=\"container\" data-e-type=\"container\">\n\t\t\t\t\t<div class=\"e-con-inner\">\n\t\t\t\t<div class=\"elementor-element elementor-element-34a3aea elementor-widget elementor-widget-heading\" data-id=\"34a3aea\" data-element_type=\"widget\" data-e-type=\"widget\" data-widget_type=\"heading.default\">\n\t\t\t\t<div class=\"elementor-widget-container\">\n\t\t\t\t\t<h2 class=\"elementor-heading-title elementor-size-default\">Tout en haut du monde<\/h2>\t\t\t\t<\/div>\n\t\t\t\t<\/div>\n\t\t\t\t\t<\/div>\n\t\t\t\t<\/div>\n\t\t<div class=\"elementor-element elementor-element-d73f1dd e-flex e-con-boxed e-con e-child\" data-id=\"d73f1dd\" data-element_type=\"container\" data-e-type=\"container\">\n\t\t\t\t\t<div class=\"e-con-inner\">\n\t\t\t\t<div class=\"elementor-element elementor-element-b0d2820 elementor-widget__width-initial elementor-widget elementor-widget-heading\" data-id=\"b0d2820\" data-element_type=\"widget\" data-e-type=\"widget\" data-widget_type=\"heading.default\">\n\t\t\t\t<div class=\"elementor-widget-container\">\n\t\t\t\t\t<h2 class=\"elementor-heading-title elementor-size-medium\"><b>Animation 2D-80'-Tous publics<\/b>\n<br><br><br><b>R\u00e9alisatrice:<\/b> R\u00e9mi Chay\u00e9<br><br><b>Sc\u00e9naristes:<\/b> Claire Paoletti, Patricia Valeix, Fabrice Costil<p style=\"margin: 0cm 0cm 0.0001pt;font-size: 12pt;, serif;font-style: normal;font-weight: 400;text-align: start\"><span style=\"font-size: 14pt;font-family: Futura-Light, sans-serif\"><\/span><\/p><br><b>Compositeur:<\/b> Jonathan Morali<br><br><br><b>Production:<\/b> Sacrebleu Productions, Maybe Movies, 2 Minutes, Norlum<br><br><b>Distribution:<\/b> Diaphana<br><br><b>Ventes Internationales:<\/b> Urban<br><br><br><br>Sacha, une jeune fille de l\u2019aristocratie russe de la fin du XIXe si\u00e8cle, r\u00eave de devenir exploratrice comme son grand-p\u00e8re, le c\u00e9l\u00e8bre Oloukine dont on est sans nouvelles depuis qu\u2019il est parti \u00e0 la conqu\u00eate du p\u00f4le Nord. Alors que ses parents arrangent d\u00e9j\u00e0 un mariage pour lui enlever de la t\u00eate toutes ces chim\u00e8res, Sacha se r\u00e9volte et s\u2019enfuit, r\u00e9solue \u00e0 retrouver Oloukine&nbsp;<i>tout en haut du monde<\/i>.<\/h2>\t\t\t\t<\/div>\n\t\t\t\t<\/div>\n\t\t\t\t\t<\/div>\n\t\t\t\t<\/div>\n\t\t\t\t<\/div>\n\t\t\t\t\t<\/div>\n\t\t\t\t<\/div>\n\t\t<div class=\"elementor-element elementor-element-eb6c7df e-con-full e-flex e-con e-parent\" data-id=\"eb6c7df\" data-element_type=\"container\" data-e-type=\"container\">\n\t\t<div class=\"elementor-element elementor-element-93f4d0d e-con-full e-flex e-con e-child\" data-id=\"93f4d0d\" data-element_type=\"container\" data-e-type=\"container\">\n\t\t\t\t<div class=\"elementor-element elementor-element-fcaa2a9 elementor-widget__width-initial elementor-widget elementor-widget-image\" data-id=\"fcaa2a9\" data-element_type=\"widget\" data-e-type=\"widget\" data-widget_type=\"image.default\">\n\t\t\t\t<div class=\"elementor-widget-container\">\n\t\t\t\t\t\t\t\t\t\t\t\t\t\t\t<img decoding=\"async\" width=\"1024\" height=\"680\" src=\"https:\/\/sacrebleuprod.fr\/wp-content\/uploads\/2023\/11\/PRIX-DU-PUBLIC-Festival-international-du-film-danimation-dAnnecy-2015-1024x680.png\" class=\"attachment-large size-large wp-image-1859\" alt=\"\" srcset=\"https:\/\/sacrebleuprod.fr\/wp-content\/uploads\/2023\/11\/PRIX-DU-PUBLIC-Festival-international-du-film-danimation-dAnnecy-2015-1024x680.png 1024w, https:\/\/sacrebleuprod.fr\/wp-content\/uploads\/2023\/11\/PRIX-DU-PUBLIC-Festival-international-du-film-danimation-dAnnecy-2015-600x398.png 600w, https:\/\/sacrebleuprod.fr\/wp-content\/uploads\/2023\/11\/PRIX-DU-PUBLIC-Festival-international-du-film-danimation-dAnnecy-2015-300x199.png 300w, https:\/\/sacrebleuprod.fr\/wp-content\/uploads\/2023\/11\/PRIX-DU-PUBLIC-Festival-international-du-film-danimation-dAnnecy-2015-768x510.png 768w, https:\/\/sacrebleuprod.fr\/wp-content\/uploads\/2023\/11\/PRIX-DU-PUBLIC-Festival-international-du-film-danimation-dAnnecy-2015-1536x1020.png 1536w, https:\/\/sacrebleuprod.fr\/wp-content\/uploads\/2023\/11\/PRIX-DU-PUBLIC-Festival-international-du-film-danimation-dAnnecy-2015.png 1735w\" sizes=\"(max-width: 1024px) 100vw, 1024px\" \/>\t\t\t\t\t\t\t\t\t\t\t\t\t\t\t<\/div>\n\t\t\t\t<\/div>\n\t\t\t\t<\/div>\n\t\t<div class=\"elementor-element elementor-element-1993c6c e-con-full e-flex e-con e-child\" data-id=\"1993c6c\" data-element_type=\"container\" data-e-type=\"container\">\n\t\t\t\t<div class=\"elementor-element elementor-element-5e113d1 elementor-widget__width-initial elementor-widget elementor-widget-image\" data-id=\"5e113d1\" data-element_type=\"widget\" data-e-type=\"widget\" data-widget_type=\"image.default\">\n\t\t\t\t<div class=\"elementor-widget-container\">\n\t\t\t\t\t\t\t\t\t\t\t\t\t\t\t<img decoding=\"async\" width=\"1024\" height=\"680\" src=\"https:\/\/sacrebleuprod.fr\/wp-content\/uploads\/2023\/11\/GRAND-PRIX-Tokyo-Anime-Award-Festival-2016-1024x680.png\" class=\"attachment-large size-large wp-image-1860\" alt=\"\" srcset=\"https:\/\/sacrebleuprod.fr\/wp-content\/uploads\/2023\/11\/GRAND-PRIX-Tokyo-Anime-Award-Festival-2016-1024x680.png 1024w, https:\/\/sacrebleuprod.fr\/wp-content\/uploads\/2023\/11\/GRAND-PRIX-Tokyo-Anime-Award-Festival-2016-600x398.png 600w, https:\/\/sacrebleuprod.fr\/wp-content\/uploads\/2023\/11\/GRAND-PRIX-Tokyo-Anime-Award-Festival-2016-300x199.png 300w, https:\/\/sacrebleuprod.fr\/wp-content\/uploads\/2023\/11\/GRAND-PRIX-Tokyo-Anime-Award-Festival-2016-768x510.png 768w, https:\/\/sacrebleuprod.fr\/wp-content\/uploads\/2023\/11\/GRAND-PRIX-Tokyo-Anime-Award-Festival-2016-1536x1020.png 1536w, https:\/\/sacrebleuprod.fr\/wp-content\/uploads\/2023\/11\/GRAND-PRIX-Tokyo-Anime-Award-Festival-2016.png 1735w\" sizes=\"(max-width: 1024px) 100vw, 1024px\" \/>\t\t\t\t\t\t\t\t\t\t\t\t\t\t\t<\/div>\n\t\t\t\t<\/div>\n\t\t\t\t<\/div>\n\t\t\t\t<\/div>\n\t\t<div class=\"elementor-element elementor-element-a6122e8 e-con-full e-flex e-con e-parent\" data-id=\"a6122e8\" data-element_type=\"container\" data-e-type=\"container\">\n\t\t<div class=\"elementor-element elementor-element-acfed34 e-con-full e-flex e-con e-child\" data-id=\"acfed34\" data-element_type=\"container\" data-e-type=\"container\">\n\t\t\t\t<div class=\"elementor-element elementor-element-6d9d9b8 elementor-align-center elementor-widget elementor-widget-button\" data-id=\"6d9d9b8\" data-element_type=\"widget\" data-e-type=\"widget\" data-widget_type=\"button.default\">\n\t\t\t\t<div class=\"elementor-widget-container\">\n\t\t\t\t\t\t\t\t\t<div class=\"elementor-button-wrapper\">\n\t\t\t\t\t<a class=\"elementor-button elementor-button-link elementor-size-sm\" href=\"http:\/\/sacrebleuprod.fr\/wp-content\/uploads\/2025\/04\/Tout-en-haut-du-monde-Revue-presse.pdf\">\n\t\t\t\t\t\t<span class=\"elementor-button-content-wrapper\">\n\t\t\t\t\t\t\t\t\t<span class=\"elementor-button-text\">Revue de presse<\/span>\n\t\t\t\t\t<\/span>\n\t\t\t\t\t<\/a>\n\t\t\t\t<\/div>\n\t\t\t\t\t\t\t\t<\/div>\n\t\t\t\t<\/div>\n\t\t\t\t<\/div>\n\t\t\t\t<div class=\"elementor-element elementor-element-aeb59f2 elementor-align-center elementor-widget elementor-widget-button\" data-id=\"aeb59f2\" data-element_type=\"widget\" data-e-type=\"widget\" data-widget_type=\"button.default\">\n\t\t\t\t<div class=\"elementor-widget-container\">\n\t\t\t\t\t\t\t\t\t<div class=\"elementor-button-wrapper\">\n\t\t\t\t\t<a class=\"elementor-button elementor-button-link elementor-size-sm\" href=\"http:\/\/sacrebleuprod.fr\/wp-content\/uploads\/2023\/11\/FICHE-TECHNIQUE-TEHM.pdf\" target=\"_blank\">\n\t\t\t\t\t\t<span class=\"elementor-button-content-wrapper\">\n\t\t\t\t\t\t\t\t\t<span class=\"elementor-button-text\">Fiche technique<\/span>\n\t\t\t\t\t<\/span>\n\t\t\t\t\t<\/a>\n\t\t\t\t<\/div>\n\t\t\t\t\t\t\t\t<\/div>\n\t\t\t\t<\/div>\n\t\t<div class=\"elementor-element elementor-element-d0f7a3c e-con-full e-flex e-con e-child\" data-id=\"d0f7a3c\" data-element_type=\"container\" data-e-type=\"container\">\n\t\t\t\t<div class=\"elementor-element elementor-element-b1148da elementor-align-center elementor-widget__width-initial elementor-widget elementor-widget-button\" data-id=\"b1148da\" data-element_type=\"widget\" data-e-type=\"widget\" data-widget_type=\"button.default\">\n\t\t\t\t<div class=\"elementor-widget-container\">\n\t\t\t\t\t\t\t\t\t<div class=\"elementor-button-wrapper\">\n\t\t\t\t\t<a class=\"elementor-button elementor-button-link elementor-size-sm\" href=\"https:\/\/www.fnac.com\/a13307579\/Tout-en-haut-du-monde-DVD-Audrey-Sable-DVD-Zone-2\" target=\"_blank\">\n\t\t\t\t\t\t<span class=\"elementor-button-content-wrapper\">\n\t\t\t\t\t\t\t\t\t<span class=\"elementor-button-text\">En DVD<\/span>\n\t\t\t\t\t<\/span>\n\t\t\t\t\t<\/a>\n\t\t\t\t<\/div>\n\t\t\t\t\t\t\t\t<\/div>\n\t\t\t\t<\/div>\n\t\t\t\t<\/div>\n\t\t\t\t<\/div>\n\t\t<div class=\"elementor-element elementor-element-0982045 e-con-full e-flex e-con e-parent\" data-id=\"0982045\" data-element_type=\"container\" data-e-type=\"container\">\n\t\t\t\t<div class=\"elementor-element elementor-element-c034d2d elementor-widget elementor-widget-video\" data-id=\"c034d2d\" data-element_type=\"widget\" data-e-type=\"widget\" data-settings=\"{&quot;youtube_url&quot;:&quot;https:\\\/\\\/www.youtube.com\\\/watch?v=Rl0LIt9mxd4&quot;,&quot;video_type&quot;:&quot;youtube&quot;,&quot;controls&quot;:&quot;yes&quot;}\" data-widget_type=\"video.default\">\n\t\t\t\t<div class=\"elementor-widget-container\">\n\t\t\t\t\t\t\t<div class=\"elementor-wrapper elementor-open-inline\">\n\t\t\t<div class=\"elementor-video\"><\/div>\t\t<\/div>\n\t\t\t\t\t\t<\/div>\n\t\t\t\t<\/div>\n\t\t\t\t<\/div>\n\t\t<div class=\"elementor-element elementor-element-47a90a1 e-con-full e-flex e-con e-parent\" data-id=\"47a90a1\" data-element_type=\"container\" data-e-type=\"container\">\n\t\t<div class=\"elementor-element elementor-element-af61413 e-con-full e-flex e-con e-child\" data-id=\"af61413\" data-element_type=\"container\" data-e-type=\"container\">\n\t\t\t\t<div class=\"elementor-element elementor-element-f15ecab elementor-widget elementor-widget-image\" data-id=\"f15ecab\" data-element_type=\"widget\" data-e-type=\"widget\" data-widget_type=\"image.default\">\n\t\t\t\t<div class=\"elementor-widget-container\">\n\t\t\t\t\t\t\t\t\t\t\t\t\t\t\t<img loading=\"lazy\" decoding=\"async\" width=\"650\" height=\"273\" src=\"https:\/\/sacrebleuprod.fr\/wp-content\/uploads\/2023\/11\/Capture-decran-2023-11-28-a-12.36.49-e1726482929980.png\" class=\"attachment-large size-large wp-image-1834\" alt=\"\" srcset=\"https:\/\/sacrebleuprod.fr\/wp-content\/uploads\/2023\/11\/Capture-decran-2023-11-28-a-12.36.49-e1726482929980.png 650w, https:\/\/sacrebleuprod.fr\/wp-content\/uploads\/2023\/11\/Capture-decran-2023-11-28-a-12.36.49-e1726482929980-600x252.png 600w, https:\/\/sacrebleuprod.fr\/wp-content\/uploads\/2023\/11\/Capture-decran-2023-11-28-a-12.36.49-e1726482929980-300x126.png 300w\" sizes=\"(max-width: 650px) 100vw, 650px\" \/>\t\t\t\t\t\t\t\t\t\t\t\t\t\t\t<\/div>\n\t\t\t\t<\/div>\n\t\t\t\t<\/div>\n\t\t<div class=\"elementor-element elementor-element-45695d5 e-con-full e-flex e-con e-child\" data-id=\"45695d5\" data-element_type=\"container\" data-e-type=\"container\">\n\t\t\t\t<div class=\"elementor-element elementor-element-73a1f73 elementor-widget elementor-widget-image\" data-id=\"73a1f73\" data-element_type=\"widget\" data-e-type=\"widget\" data-widget_type=\"image.default\">\n\t\t\t\t<div class=\"elementor-widget-container\">\n\t\t\t\t\t\t\t\t\t\t\t\t\t\t\t<img loading=\"lazy\" decoding=\"async\" width=\"1024\" height=\"415\" src=\"https:\/\/sacrebleuprod.fr\/wp-content\/uploads\/2023\/11\/275187.jpg-r_1920_1080-f_jpg-q_x-xxyxx-1024x415.jpg\" class=\"attachment-large size-large wp-image-1833\" alt=\"\" srcset=\"https:\/\/sacrebleuprod.fr\/wp-content\/uploads\/2023\/11\/275187.jpg-r_1920_1080-f_jpg-q_x-xxyxx-1024x415.jpg 1024w, https:\/\/sacrebleuprod.fr\/wp-content\/uploads\/2023\/11\/275187.jpg-r_1920_1080-f_jpg-q_x-xxyxx-600x243.jpg 600w, https:\/\/sacrebleuprod.fr\/wp-content\/uploads\/2023\/11\/275187.jpg-r_1920_1080-f_jpg-q_x-xxyxx-300x122.jpg 300w, https:\/\/sacrebleuprod.fr\/wp-content\/uploads\/2023\/11\/275187.jpg-r_1920_1080-f_jpg-q_x-xxyxx-768x312.jpg 768w, https:\/\/sacrebleuprod.fr\/wp-content\/uploads\/2023\/11\/275187.jpg-r_1920_1080-f_jpg-q_x-xxyxx-1536x623.jpg 1536w, https:\/\/sacrebleuprod.fr\/wp-content\/uploads\/2023\/11\/275187.jpg-r_1920_1080-f_jpg-q_x-xxyxx.jpg 1600w\" sizes=\"(max-width: 1024px) 100vw, 1024px\" \/>\t\t\t\t\t\t\t\t\t\t\t\t\t\t\t<\/div>\n\t\t\t\t<\/div>\n\t\t\t\t<\/div>\n\t\t\t\t<\/div>\n\t\t\t\t<\/div>\n\t\t","protected":false},"excerpt":{"rendered":"<p>Tout en haut du monde Animation 2D-80&#8242;-Tous publics R\u00e9alisatrice: R\u00e9mi Chay\u00e9 Sc\u00e9naristes: Claire Paoletti, Patricia Valeix, Fabrice Costil Compositeur: Jonathan Morali Production: Sacrebleu Productions, Maybe Movies, 2 Minutes, Norlum Distribution: Diaphana Ventes Internationales: Urban Sacha, une jeune fille de l\u2019aristocratie russe de la fin du XIXe si\u00e8cle, r\u00eave de devenir exploratrice comme son grand-p\u00e8re, le [&hellip;]<\/p>\n","protected":false},"author":1,"featured_media":0,"parent":1488,"menu_order":0,"comment_status":"closed","ping_status":"closed","template":"","meta":{"site-sidebar-layout":"no-sidebar","site-content-layout":"page-builder","ast-site-content-layout":"default","site-content-style":"default","site-sidebar-style":"default","ast-global-header-display":"","ast-banner-title-visibility":"","ast-main-header-display":"","ast-hfb-above-header-display":"","ast-hfb-below-header-display":"","ast-hfb-mobile-header-display":"","site-post-title":"disabled","ast-breadcrumbs-content":"","ast-featured-img":"disabled","footer-sml-layout":"","ast-disable-related-posts":"","theme-transparent-header-meta":"","adv-header-id-meta":"","stick-header-meta":"","header-above-stick-meta":"","header-main-stick-meta":"","header-below-stick-meta":"","astra-migrate-meta-layouts":"set","ast-page-background-enabled":"default","ast-page-background-meta":{"desktop":{"background-color":"var(--ast-global-color-4)","background-image":"","background-repeat":"repeat","background-position":"center center","background-size":"auto","background-attachment":"scroll","background-type":"","background-media":"","overlay-type":"","overlay-color":"","overlay-opacity":"","overlay-gradient":""},"tablet":{"background-color":"","background-image":"","background-repeat":"repeat","background-position":"center center","background-size":"auto","background-attachment":"scroll","background-type":"","background-media":"","overlay-type":"","overlay-color":"","overlay-opacity":"","overlay-gradient":""},"mobile":{"background-color":"","background-image":"","background-repeat":"repeat","background-position":"center center","background-size":"auto","background-attachment":"scroll","background-type":"","background-media":"","overlay-type":"","overlay-color":"","overlay-opacity":"","overlay-gradient":""}},"ast-content-background-meta":{"desktop":{"background-color":"var(--ast-global-color-5)","background-image":"","background-repeat":"repeat","background-position":"center center","background-size":"auto","background-attachment":"scroll","background-type":"","background-media":"","overlay-type":"","overlay-color":"","overlay-opacity":"","overlay-gradient":""},"tablet":{"background-color":"var(--ast-global-color-5)","background-image":"","background-repeat":"repeat","background-position":"center center","background-size":"auto","background-attachment":"scroll","background-type":"","background-media":"","overlay-type":"","overlay-color":"","overlay-opacity":"","overlay-gradient":""},"mobile":{"background-color":"var(--ast-global-color-5)","background-image":"","background-repeat":"repeat","background-position":"center center","background-size":"auto","background-attachment":"scroll","background-type":"","background-media":"","overlay-type":"","overlay-color":"","overlay-opacity":"","overlay-gradient":""}},"footnotes":""},"class_list":["post-1826","page","type-page","status-publish","hentry"],"_links":{"self":[{"href":"https:\/\/sacrebleuprod.fr\/index.php?rest_route=\/wp\/v2\/pages\/1826","targetHints":{"allow":["GET"]}}],"collection":[{"href":"https:\/\/sacrebleuprod.fr\/index.php?rest_route=\/wp\/v2\/pages"}],"about":[{"href":"https:\/\/sacrebleuprod.fr\/index.php?rest_route=\/wp\/v2\/types\/page"}],"author":[{"embeddable":true,"href":"https:\/\/sacrebleuprod.fr\/index.php?rest_route=\/wp\/v2\/users\/1"}],"replies":[{"embeddable":true,"href":"https:\/\/sacrebleuprod.fr\/index.php?rest_route=%2Fwp%2Fv2%2Fcomments&post=1826"}],"version-history":[{"count":56,"href":"https:\/\/sacrebleuprod.fr\/index.php?rest_route=\/wp\/v2\/pages\/1826\/revisions"}],"predecessor-version":[{"id":16802,"href":"https:\/\/sacrebleuprod.fr\/index.php?rest_route=\/wp\/v2\/pages\/1826\/revisions\/16802"}],"up":[{"embeddable":true,"href":"https:\/\/sacrebleuprod.fr\/index.php?rest_route=\/wp\/v2\/pages\/1488"}],"wp:attachment":[{"href":"https:\/\/sacrebleuprod.fr\/index.php?rest_route=%2Fwp%2Fv2%2Fmedia&parent=1826"}],"curies":[{"name":"wp","href":"https:\/\/api.w.org\/{rel}","templated":true}]}}