{"id":2487,"date":"2023-11-29T17:49:25","date_gmt":"2023-11-29T16:49:25","guid":{"rendered":"https:\/\/sacrebleuprod.fr\/?page_id=2487"},"modified":"2025-06-24T11:50:25","modified_gmt":"2025-06-24T09:50:25","slug":"les-chimeres","status":"publish","type":"page","link":"https:\/\/sacrebleuprod.fr\/?page_id=2487","title":{"rendered":"Les Chim\u00e8res"},"content":{"rendered":"\t\t<div data-elementor-type=\"wp-page\" data-elementor-id=\"2487\" class=\"elementor elementor-2487\">\n\t\t\t\t<div class=\"elementor-element elementor-element-2022d9e e-flex e-con-boxed e-con e-parent\" data-id=\"2022d9e\" data-element_type=\"container\" data-e-type=\"container\">\n\t\t\t\t\t<div class=\"e-con-inner\">\n\t\t<div class=\"elementor-element elementor-element-1fa887a e-con-full e-flex e-con e-child\" data-id=\"1fa887a\" data-element_type=\"container\" data-e-type=\"container\">\n\t\t\t\t<div class=\"elementor-element elementor-element-db7a753 elementor-widget elementor-widget-image\" data-id=\"db7a753\" data-element_type=\"widget\" data-e-type=\"widget\" data-widget_type=\"image.default\">\n\t\t\t\t<div class=\"elementor-widget-container\">\n\t\t\t\t\t\t\t\t\t\t\t\t\t\t\t<img fetchpriority=\"high\" decoding=\"async\" width=\"724\" height=\"1024\" src=\"https:\/\/sacrebleuprod.fr\/wp-content\/uploads\/2023\/11\/Affiche-Chimeres-724x1024.jpg\" class=\"attachment-large size-large wp-image-2455\" alt=\"\" srcset=\"https:\/\/sacrebleuprod.fr\/wp-content\/uploads\/2023\/11\/Affiche-Chimeres-724x1024.jpg 724w, https:\/\/sacrebleuprod.fr\/wp-content\/uploads\/2023\/11\/Affiche-Chimeres-scaled-600x849.jpg 600w, https:\/\/sacrebleuprod.fr\/wp-content\/uploads\/2023\/11\/Affiche-Chimeres-212x300.jpg 212w, https:\/\/sacrebleuprod.fr\/wp-content\/uploads\/2023\/11\/Affiche-Chimeres-768x1086.jpg 768w, https:\/\/sacrebleuprod.fr\/wp-content\/uploads\/2023\/11\/Affiche-Chimeres-1086x1536.jpg 1086w, https:\/\/sacrebleuprod.fr\/wp-content\/uploads\/2023\/11\/Affiche-Chimeres-1448x2048.jpg 1448w, https:\/\/sacrebleuprod.fr\/wp-content\/uploads\/2023\/11\/Affiche-Chimeres-scaled.jpg 1810w\" sizes=\"(max-width: 724px) 100vw, 724px\" \/>\t\t\t\t\t\t\t\t\t\t\t\t\t\t\t<\/div>\n\t\t\t\t<\/div>\n\t\t\t\t<\/div>\n\t\t<div class=\"elementor-element elementor-element-9720575 e-con-full e-flex e-con e-child\" data-id=\"9720575\" data-element_type=\"container\" data-e-type=\"container\">\n\t\t<div class=\"elementor-element elementor-element-a8e9064 e-flex e-con-boxed e-con e-child\" data-id=\"a8e9064\" data-element_type=\"container\" data-e-type=\"container\">\n\t\t\t\t\t<div class=\"e-con-inner\">\n\t\t\t\t<div class=\"elementor-element elementor-element-34a3aea elementor-widget elementor-widget-heading\" data-id=\"34a3aea\" data-element_type=\"widget\" data-e-type=\"widget\" data-widget_type=\"heading.default\">\n\t\t\t\t<div class=\"elementor-widget-container\">\n\t\t\t\t\t<h2 class=\"elementor-heading-title elementor-size-default\">Pr\u00e9cieuses Chim\u00e8res<\/h2>\t\t\t\t<\/div>\n\t\t\t\t<\/div>\n\t\t\t\t\t<\/div>\n\t\t\t\t<\/div>\n\t\t<div class=\"elementor-element elementor-element-d73f1dd e-flex e-con-boxed e-con e-child\" data-id=\"d73f1dd\" data-element_type=\"container\" data-e-type=\"container\">\n\t\t\t\t\t<div class=\"e-con-inner\">\n\t\t\t\t<div class=\"elementor-element elementor-element-4f595c3 elementor-widget elementor-widget-text-editor\" data-id=\"4f595c3\" data-element_type=\"widget\" data-e-type=\"widget\" data-widget_type=\"text-editor.default\">\n\t\t\t\t<div class=\"elementor-widget-container\">\n\t\t\t\t\t\t\t\t\t<h2 class=\"elementor-heading-title elementor-size-medium elementor-inline-editing pen\" style=\"font-size: 19px; font-style: normal; font-weight: 400; margin-bottom: 0px; color: #000000; font-family: Urbanist, sans-serif; text-align: justify;\" data-elementor-setting-key=\"title\" data-pen-placeholder=\"Type Here...\"><span style=\"font-weight: bold;\">VR-Ado-Adulte<\/span> <br \/><br \/><br \/><span style=\"font-weight: bold;\">R\u00e9alisateur, Sc\u00e9nariste <\/span><span style=\"font-weight: bold;\">et auteur graphique:<\/span> <a href=\"https:\/\/sacrebleuprod.fr\/?page_id=17191\">Boris Labb\u00e9<\/a><br \/><br \/><span style=\"font-weight: bold;\">Production:<\/span> Sacrebleu Productions<br \/><br \/><br \/><br \/>A l\u2019heure o\u00f9 notre monde fait face \u00e0 la sixi\u00e8me extinction de masse, nous aurons tous besoin dans un futur plus ou moins proche d\u2019entrer en contact avec le monde animal. Les Pr\u00e9cieuses Chim\u00e8res sont l\u00e0, elles peuplent d\u00e9j\u00e0 nos vies, nos r\u00eaves, nos imaginaires&#8230; Ce nouveau monde, Grande arche virtuelle, nous offre une vision du vivant dans sa dynamique sociale et poli-tique, cr\u00e9ant de lui-m\u00eame sa propre histoire, sa propre g\u00e9n\u00e9tique, son propre langage.<\/h2>\t\t\t\t\t\t\t\t<\/div>\n\t\t\t\t<\/div>\n\t\t\t\t\t<\/div>\n\t\t\t\t<\/div>\n\t\t\t\t<\/div>\n\t\t\t\t\t<\/div>\n\t\t\t\t<\/div>\n\t\t<div class=\"elementor-element elementor-element-ef81dc3 e-flex e-con-boxed e-con e-parent\" data-id=\"ef81dc3\" data-element_type=\"container\" data-e-type=\"container\">\n\t\t\t\t\t<div class=\"e-con-inner\">\n\t\t<div class=\"elementor-element elementor-element-1b02878 e-con-full e-flex e-con e-child\" data-id=\"1b02878\" data-element_type=\"container\" data-e-type=\"container\">\n\t\t\t\t<div class=\"elementor-element elementor-element-ee517ff elementor-widget elementor-widget-image\" data-id=\"ee517ff\" data-element_type=\"widget\" data-e-type=\"widget\" data-widget_type=\"image.default\">\n\t\t\t\t<div class=\"elementor-widget-container\">\n\t\t\t\t\t\t\t\t\t\t\t\t\t\t\t<img decoding=\"async\" width=\"742\" height=\"524\" src=\"https:\/\/sacrebleuprod.fr\/wp-content\/uploads\/2023\/11\/Capture-decran-2023-11-29-a-17.54.02.png\" class=\"attachment-large size-large wp-image-2493\" alt=\"\" srcset=\"https:\/\/sacrebleuprod.fr\/wp-content\/uploads\/2023\/11\/Capture-decran-2023-11-29-a-17.54.02.png 742w, https:\/\/sacrebleuprod.fr\/wp-content\/uploads\/2023\/11\/Capture-decran-2023-11-29-a-17.54.02-600x424.png 600w, https:\/\/sacrebleuprod.fr\/wp-content\/uploads\/2023\/11\/Capture-decran-2023-11-29-a-17.54.02-300x212.png 300w\" sizes=\"(max-width: 742px) 100vw, 742px\" \/>\t\t\t\t\t\t\t\t\t\t\t\t\t\t\t<\/div>\n\t\t\t\t<\/div>\n\t\t\t\t<\/div>\n\t\t<div class=\"elementor-element elementor-element-a705c2a e-con-full e-flex e-con e-child\" data-id=\"a705c2a\" data-element_type=\"container\" data-e-type=\"container\">\n\t\t\t\t<div class=\"elementor-element elementor-element-2c722dc elementor-widget elementor-widget-image\" data-id=\"2c722dc\" data-element_type=\"widget\" data-e-type=\"widget\" data-widget_type=\"image.default\">\n\t\t\t\t<div class=\"elementor-widget-container\">\n\t\t\t\t\t\t\t\t\t\t\t\t\t\t\t<img decoding=\"async\" width=\"745\" height=\"524\" src=\"https:\/\/sacrebleuprod.fr\/wp-content\/uploads\/2023\/11\/Capture-decran-2023-11-29-a-17.53.22.png\" class=\"attachment-full size-full wp-image-2491\" alt=\"\" srcset=\"https:\/\/sacrebleuprod.fr\/wp-content\/uploads\/2023\/11\/Capture-decran-2023-11-29-a-17.53.22.png 745w, https:\/\/sacrebleuprod.fr\/wp-content\/uploads\/2023\/11\/Capture-decran-2023-11-29-a-17.53.22-600x422.png 600w, https:\/\/sacrebleuprod.fr\/wp-content\/uploads\/2023\/11\/Capture-decran-2023-11-29-a-17.53.22-300x211.png 300w\" sizes=\"(max-width: 745px) 100vw, 745px\" \/>\t\t\t\t\t\t\t\t\t\t\t\t\t\t\t<\/div>\n\t\t\t\t<\/div>\n\t\t\t\t<\/div>\n\t\t<div class=\"elementor-element elementor-element-a3ad7e3 e-con-full e-flex e-con e-child\" data-id=\"a3ad7e3\" data-element_type=\"container\" data-e-type=\"container\">\n\t\t\t\t<div class=\"elementor-element elementor-element-bb05728 elementor-widget elementor-widget-image\" data-id=\"bb05728\" data-element_type=\"widget\" data-e-type=\"widget\" data-widget_type=\"image.default\">\n\t\t\t\t<div class=\"elementor-widget-container\">\n\t\t\t\t\t\t\t\t\t\t\t\t\t\t\t<img loading=\"lazy\" decoding=\"async\" width=\"743\" height=\"523\" src=\"https:\/\/sacrebleuprod.fr\/wp-content\/uploads\/2023\/11\/Capture-decran-2023-11-29-a-17.54.14.png\" class=\"attachment-large size-large wp-image-2494\" alt=\"\" srcset=\"https:\/\/sacrebleuprod.fr\/wp-content\/uploads\/2023\/11\/Capture-decran-2023-11-29-a-17.54.14.png 743w, https:\/\/sacrebleuprod.fr\/wp-content\/uploads\/2023\/11\/Capture-decran-2023-11-29-a-17.54.14-600x422.png 600w, https:\/\/sacrebleuprod.fr\/wp-content\/uploads\/2023\/11\/Capture-decran-2023-11-29-a-17.54.14-300x211.png 300w\" sizes=\"(max-width: 743px) 100vw, 743px\" \/>\t\t\t\t\t\t\t\t\t\t\t\t\t\t\t<\/div>\n\t\t\t\t<\/div>\n\t\t\t\t<\/div>\n\t\t<div class=\"elementor-element elementor-element-3ca2ee7 e-con-full e-flex e-con e-child\" data-id=\"3ca2ee7\" data-element_type=\"container\" data-e-type=\"container\">\n\t\t\t\t<div class=\"elementor-element elementor-element-39582fa elementor-widget elementor-widget-image\" data-id=\"39582fa\" data-element_type=\"widget\" data-e-type=\"widget\" data-widget_type=\"image.default\">\n\t\t\t\t<div class=\"elementor-widget-container\">\n\t\t\t\t\t\t\t\t\t\t\t\t\t\t\t<img loading=\"lazy\" decoding=\"async\" width=\"745\" height=\"523\" src=\"https:\/\/sacrebleuprod.fr\/wp-content\/uploads\/2023\/11\/Capture-decran-2023-11-29-a-17.53.31.png\" class=\"attachment-large size-large wp-image-2492\" alt=\"\" srcset=\"https:\/\/sacrebleuprod.fr\/wp-content\/uploads\/2023\/11\/Capture-decran-2023-11-29-a-17.53.31.png 745w, https:\/\/sacrebleuprod.fr\/wp-content\/uploads\/2023\/11\/Capture-decran-2023-11-29-a-17.53.31-600x421.png 600w, https:\/\/sacrebleuprod.fr\/wp-content\/uploads\/2023\/11\/Capture-decran-2023-11-29-a-17.53.31-300x211.png 300w\" sizes=\"(max-width: 745px) 100vw, 745px\" \/>\t\t\t\t\t\t\t\t\t\t\t\t\t\t\t<\/div>\n\t\t\t\t<\/div>\n\t\t\t\t<\/div>\n\t\t\t\t\t<\/div>\n\t\t\t\t<\/div>\n\t\t\t\t<\/div>\n\t\t","protected":false},"excerpt":{"rendered":"<p>Pr\u00e9cieuses Chim\u00e8res VR-Ado-Adulte R\u00e9alisateur, Sc\u00e9nariste et auteur graphique: Boris Labb\u00e9 Production: Sacrebleu Productions A l\u2019heure o\u00f9 notre monde fait face \u00e0 la sixi\u00e8me extinction de masse, nous aurons tous besoin dans un futur plus ou moins proche d\u2019entrer en contact avec le monde animal. Les Pr\u00e9cieuses Chim\u00e8res sont l\u00e0, elles peuplent d\u00e9j\u00e0 nos vies, nos [&hellip;]<\/p>\n","protected":false},"author":1,"featured_media":0,"parent":1563,"menu_order":0,"comment_status":"closed","ping_status":"closed","template":"","meta":{"site-sidebar-layout":"no-sidebar","site-content-layout":"page-builder","ast-site-content-layout":"default","site-content-style":"default","site-sidebar-style":"default","ast-global-header-display":"","ast-banner-title-visibility":"","ast-main-header-display":"","ast-hfb-above-header-display":"","ast-hfb-below-header-display":"","ast-hfb-mobile-header-display":"","site-post-title":"disabled","ast-breadcrumbs-content":"","ast-featured-img":"disabled","footer-sml-layout":"","ast-disable-related-posts":"","theme-transparent-header-meta":"","adv-header-id-meta":"","stick-header-meta":"","header-above-stick-meta":"","header-main-stick-meta":"","header-below-stick-meta":"","astra-migrate-meta-layouts":"set","ast-page-background-enabled":"default","ast-page-background-meta":{"desktop":{"background-color":"var(--ast-global-color-4)","background-image":"","background-repeat":"repeat","background-position":"center center","background-size":"auto","background-attachment":"scroll","background-type":"","background-media":"","overlay-type":"","overlay-color":"","overlay-opacity":"","overlay-gradient":""},"tablet":{"background-color":"","background-image":"","background-repeat":"repeat","background-position":"center center","background-size":"auto","background-attachment":"scroll","background-type":"","background-media":"","overlay-type":"","overlay-color":"","overlay-opacity":"","overlay-gradient":""},"mobile":{"background-color":"","background-image":"","background-repeat":"repeat","background-position":"center center","background-size":"auto","background-attachment":"scroll","background-type":"","background-media":"","overlay-type":"","overlay-color":"","overlay-opacity":"","overlay-gradient":""}},"ast-content-background-meta":{"desktop":{"background-color":"var(--ast-global-color-5)","background-image":"","background-repeat":"repeat","background-position":"center center","background-size":"auto","background-attachment":"scroll","background-type":"","background-media":"","overlay-type":"","overlay-color":"","overlay-opacity":"","overlay-gradient":""},"tablet":{"background-color":"var(--ast-global-color-5)","background-image":"","background-repeat":"repeat","background-position":"center center","background-size":"auto","background-attachment":"scroll","background-type":"","background-media":"","overlay-type":"","overlay-color":"","overlay-opacity":"","overlay-gradient":""},"mobile":{"background-color":"var(--ast-global-color-5)","background-image":"","background-repeat":"repeat","background-position":"center center","background-size":"auto","background-attachment":"scroll","background-type":"","background-media":"","overlay-type":"","overlay-color":"","overlay-opacity":"","overlay-gradient":""}},"footnotes":""},"class_list":["post-2487","page","type-page","status-publish","hentry"],"_links":{"self":[{"href":"https:\/\/sacrebleuprod.fr\/index.php?rest_route=\/wp\/v2\/pages\/2487","targetHints":{"allow":["GET"]}}],"collection":[{"href":"https:\/\/sacrebleuprod.fr\/index.php?rest_route=\/wp\/v2\/pages"}],"about":[{"href":"https:\/\/sacrebleuprod.fr\/index.php?rest_route=\/wp\/v2\/types\/page"}],"author":[{"embeddable":true,"href":"https:\/\/sacrebleuprod.fr\/index.php?rest_route=\/wp\/v2\/users\/1"}],"replies":[{"embeddable":true,"href":"https:\/\/sacrebleuprod.fr\/index.php?rest_route=%2Fwp%2Fv2%2Fcomments&post=2487"}],"version-history":[{"count":22,"href":"https:\/\/sacrebleuprod.fr\/index.php?rest_route=\/wp\/v2\/pages\/2487\/revisions"}],"predecessor-version":[{"id":17545,"href":"https:\/\/sacrebleuprod.fr\/index.php?rest_route=\/wp\/v2\/pages\/2487\/revisions\/17545"}],"up":[{"embeddable":true,"href":"https:\/\/sacrebleuprod.fr\/index.php?rest_route=\/wp\/v2\/pages\/1563"}],"wp:attachment":[{"href":"https:\/\/sacrebleuprod.fr\/index.php?rest_route=%2Fwp%2Fv2%2Fmedia&parent=2487"}],"curies":[{"name":"wp","href":"https:\/\/api.w.org\/{rel}","templated":true}]}}