{"id":3843,"date":"2024-01-29T15:02:51","date_gmt":"2024-01-29T14:02:51","guid":{"rendered":"https:\/\/sacrebleuprod.fr\/?page_id=3843"},"modified":"2025-06-24T11:47:29","modified_gmt":"2025-06-24T09:47:29","slug":"la-chute","status":"publish","type":"page","link":"https:\/\/sacrebleuprod.fr\/?page_id=3843","title":{"rendered":"La Chute"},"content":{"rendered":"\t\t<div data-elementor-type=\"wp-page\" data-elementor-id=\"3843\" class=\"elementor elementor-3843\">\n\t\t\t\t<div class=\"elementor-element elementor-element-2022d9e e-flex e-con-boxed e-con e-parent\" data-id=\"2022d9e\" data-element_type=\"container\" data-e-type=\"container\">\n\t\t\t\t\t<div class=\"e-con-inner\">\n\t\t<div class=\"elementor-element elementor-element-1fa887a e-con-full e-flex e-con e-child\" data-id=\"1fa887a\" data-element_type=\"container\" data-e-type=\"container\">\n\t\t\t\t<div class=\"elementor-element elementor-element-db7a753 elementor-widget elementor-widget-image\" data-id=\"db7a753\" data-element_type=\"widget\" data-e-type=\"widget\" data-widget_type=\"image.default\">\n\t\t\t\t<div class=\"elementor-widget-container\">\n\t\t\t\t\t\t\t\t\t\t\t\t\t\t\t<img fetchpriority=\"high\" decoding=\"async\" width=\"777\" height=\"1024\" src=\"https:\/\/sacrebleuprod.fr\/wp-content\/uploads\/2024\/01\/LaChute_affiche-777x1024.jpg\" class=\"attachment-large size-large wp-image-3845\" alt=\"\" srcset=\"https:\/\/sacrebleuprod.fr\/wp-content\/uploads\/2024\/01\/LaChute_affiche-777x1024.jpg 777w, https:\/\/sacrebleuprod.fr\/wp-content\/uploads\/2024\/01\/LaChute_affiche-scaled-600x791.jpg 600w, https:\/\/sacrebleuprod.fr\/wp-content\/uploads\/2024\/01\/LaChute_affiche-228x300.jpg 228w, https:\/\/sacrebleuprod.fr\/wp-content\/uploads\/2024\/01\/LaChute_affiche-768x1012.jpg 768w, https:\/\/sacrebleuprod.fr\/wp-content\/uploads\/2024\/01\/LaChute_affiche-1166x1536.jpg 1166w, https:\/\/sacrebleuprod.fr\/wp-content\/uploads\/2024\/01\/LaChute_affiche-1554x2048.jpg 1554w, https:\/\/sacrebleuprod.fr\/wp-content\/uploads\/2024\/01\/LaChute_affiche-scaled.jpg 1943w\" sizes=\"(max-width: 777px) 100vw, 777px\" \/>\t\t\t\t\t\t\t\t\t\t\t\t\t\t\t<\/div>\n\t\t\t\t<\/div>\n\t\t\t\t<\/div>\n\t\t<div class=\"elementor-element elementor-element-9720575 e-con-full e-flex e-con e-child\" data-id=\"9720575\" data-element_type=\"container\" data-e-type=\"container\">\n\t\t<div class=\"elementor-element elementor-element-a8e9064 e-flex e-con-boxed e-con e-child\" data-id=\"a8e9064\" data-element_type=\"container\" data-e-type=\"container\">\n\t\t\t\t\t<div class=\"e-con-inner\">\n\t\t\t\t<div class=\"elementor-element elementor-element-34a3aea elementor-widget elementor-widget-heading\" data-id=\"34a3aea\" data-element_type=\"widget\" data-e-type=\"widget\" data-widget_type=\"heading.default\">\n\t\t\t\t<div class=\"elementor-widget-container\">\n\t\t\t\t\t<h2 class=\"elementor-heading-title elementor-size-default\">La Chute<\/h2>\t\t\t\t<\/div>\n\t\t\t\t<\/div>\n\t\t\t\t\t<\/div>\n\t\t\t\t<\/div>\n\t\t<div class=\"elementor-element elementor-element-d73f1dd e-flex e-con-boxed e-con e-child\" data-id=\"d73f1dd\" data-element_type=\"container\" data-e-type=\"container\">\n\t\t\t\t\t<div class=\"e-con-inner\">\n\t\t\t\t<div class=\"elementor-element elementor-element-ecb05d0 elementor-widget elementor-widget-text-editor\" data-id=\"ecb05d0\" data-element_type=\"widget\" data-e-type=\"widget\" data-widget_type=\"text-editor.default\">\n\t\t\t\t<div class=\"elementor-widget-container\">\n\t\t\t\t\t\t\t\t\t<h2 class=\"elementor-heading-title elementor-size-medium elementor-inline-editing pen\" style=\"font-size: 19px; font-style: normal; font-weight: 400; margin-bottom: 0px; color: #000000; font-family: Urbanist, sans-serif; text-align: justify;\" data-elementor-setting-key=\"title\" data-pen-placeholder=\"Type Here...\"><span style=\"font-weight: bold;\">Animation 2D-14&#8242;-Ado-Adulte<\/span><br \/><br \/><br \/><span style=\"font-weight: bold;\">Auteur &amp; R\u00e9alisateur<\/span><span style=\"font-weight: bold;\">:<\/span> <a href=\"https:\/\/sacrebleuprod.fr\/?page_id=17191\">Boris Labb\u00e9<\/a><br \/><br \/><span style=\"font-weight: bold;\">Compositeur:<\/span> Daniele Ghisi<br \/><br \/><span style=\"font-weight: bold;\">Production:<\/span> Sacrebleu Productions<br \/><br \/><br \/><br \/>Lorsque les \u00eatres qui habitent le ciel viennent contaminer ceux de la terre, l\u2019ordre du monde est boulevers\u00e9. C\u2019est le d\u00e9but d\u2019une chute tragique de laquelle na\u00eetront les enfers et, \u00e0 l\u2019oppos\u00e9, les cercles du paradis\u2026<\/h2>\t\t\t\t\t\t\t\t<\/div>\n\t\t\t\t<\/div>\n\t\t\t\t\t<\/div>\n\t\t\t\t<\/div>\n\t\t\t\t<\/div>\n\t\t\t\t\t<\/div>\n\t\t\t\t<\/div>\n\t\t<div class=\"elementor-element elementor-element-f0746d2 e-con-full e-flex e-con e-parent\" data-id=\"f0746d2\" data-element_type=\"container\" data-e-type=\"container\">\n\t\t\t\t<div class=\"elementor-element elementor-element-86c1bca elementor-widget__width-initial elementor-widget elementor-widget-image\" data-id=\"86c1bca\" data-element_type=\"widget\" data-e-type=\"widget\" data-widget_type=\"image.default\">\n\t\t\t\t<div class=\"elementor-widget-container\">\n\t\t\t\t\t\t\t\t\t\t\t\t\t\t\t<img decoding=\"async\" width=\"300\" height=\"81\" src=\"https:\/\/sacrebleuprod.fr\/wp-content\/uploads\/2023\/11\/logo-sign-charte-graphique-3-300x81.jpeg\" class=\"attachment-medium size-medium wp-image-2678\" alt=\"\" srcset=\"https:\/\/sacrebleuprod.fr\/wp-content\/uploads\/2023\/11\/logo-sign-charte-graphique-3-300x81.jpeg 300w, https:\/\/sacrebleuprod.fr\/wp-content\/uploads\/2023\/11\/logo-sign-charte-graphique-3.jpeg 540w\" sizes=\"(max-width: 300px) 100vw, 300px\" \/>\t\t\t\t\t\t\t\t\t\t\t\t\t\t\t<\/div>\n\t\t\t\t<\/div>\n\t\t\t\t<\/div>\n\t\t<div class=\"elementor-element elementor-element-e5192f4 e-flex e-con-boxed e-con e-parent\" data-id=\"e5192f4\" data-element_type=\"container\" data-e-type=\"container\">\n\t\t\t\t\t<div class=\"e-con-inner\">\n\t\t<div class=\"elementor-element elementor-element-b0f6edf e-con-full e-flex e-con e-child\" data-id=\"b0f6edf\" data-element_type=\"container\" data-e-type=\"container\">\n\t\t\t\t<div class=\"elementor-element elementor-element-3eb55c1 elementor-widget elementor-widget-image\" data-id=\"3eb55c1\" data-element_type=\"widget\" data-e-type=\"widget\" data-widget_type=\"image.default\">\n\t\t\t\t<div class=\"elementor-widget-container\">\n\t\t\t\t\t\t\t\t\t\t\t\t\t\t\t<img decoding=\"async\" width=\"427\" height=\"305\" src=\"https:\/\/sacrebleuprod.fr\/wp-content\/uploads\/2024\/02\/Curtas-Vila-do-Conde.jpg\" class=\"attachment-large size-large wp-image-5103\" alt=\"\" srcset=\"https:\/\/sacrebleuprod.fr\/wp-content\/uploads\/2024\/02\/Curtas-Vila-do-Conde.jpg 427w, https:\/\/sacrebleuprod.fr\/wp-content\/uploads\/2024\/02\/Curtas-Vila-do-Conde-300x214.jpg 300w\" sizes=\"(max-width: 427px) 100vw, 427px\" \/>\t\t\t\t\t\t\t\t\t\t\t\t\t\t\t<\/div>\n\t\t\t\t<\/div>\n\t\t\t\t<\/div>\n\t\t<div class=\"elementor-element elementor-element-05813ea e-con-full e-flex e-con e-child\" data-id=\"05813ea\" data-element_type=\"container\" data-e-type=\"container\">\n\t\t\t\t<div class=\"elementor-element elementor-element-cdcfcf0 elementor-widget__width-initial elementor-widget elementor-widget-image\" data-id=\"cdcfcf0\" data-element_type=\"widget\" data-e-type=\"widget\" data-widget_type=\"image.default\">\n\t\t\t\t<div class=\"elementor-widget-container\">\n\t\t\t\t\t\t\t\t\t\t\t\t\t\t\t<img loading=\"lazy\" decoding=\"async\" width=\"427\" height=\"305\" src=\"https:\/\/sacrebleuprod.fr\/wp-content\/uploads\/2024\/02\/Cannes-Logo.jpg\" class=\"attachment-large size-large wp-image-5102\" alt=\"\" srcset=\"https:\/\/sacrebleuprod.fr\/wp-content\/uploads\/2024\/02\/Cannes-Logo.jpg 427w, https:\/\/sacrebleuprod.fr\/wp-content\/uploads\/2024\/02\/Cannes-Logo-300x214.jpg 300w\" sizes=\"(max-width: 427px) 100vw, 427px\" \/>\t\t\t\t\t\t\t\t\t\t\t\t\t\t\t<\/div>\n\t\t\t\t<\/div>\n\t\t\t\t<\/div>\n\t\t<div class=\"elementor-element elementor-element-b292620 e-con-full e-flex e-con e-child\" data-id=\"b292620\" data-element_type=\"container\" data-e-type=\"container\">\n\t\t\t\t<div class=\"elementor-element elementor-element-3de2eb2 elementor-widget__width-initial elementor-widget elementor-widget-image\" data-id=\"3de2eb2\" data-element_type=\"widget\" data-e-type=\"widget\" data-widget_type=\"image.default\">\n\t\t\t\t<div class=\"elementor-widget-container\">\n\t\t\t\t\t\t\t\t\t\t\t\t\t\t\t<img loading=\"lazy\" decoding=\"async\" width=\"1024\" height=\"512\" src=\"https:\/\/sacrebleuprod.fr\/wp-content\/uploads\/2024\/02\/cover-1-1024x512.jpg\" class=\"attachment-large size-large wp-image-5106\" alt=\"\" srcset=\"https:\/\/sacrebleuprod.fr\/wp-content\/uploads\/2024\/02\/cover-1-1024x512.jpg 1024w, https:\/\/sacrebleuprod.fr\/wp-content\/uploads\/2024\/02\/cover-1-600x300.jpg 600w, https:\/\/sacrebleuprod.fr\/wp-content\/uploads\/2024\/02\/cover-1-300x150.jpg 300w, https:\/\/sacrebleuprod.fr\/wp-content\/uploads\/2024\/02\/cover-1-768x384.jpg 768w, https:\/\/sacrebleuprod.fr\/wp-content\/uploads\/2024\/02\/cover-1.jpg 1200w\" sizes=\"(max-width: 1024px) 100vw, 1024px\" \/>\t\t\t\t\t\t\t\t\t\t\t\t\t\t\t<\/div>\n\t\t\t\t<\/div>\n\t\t\t\t<\/div>\n\t\t<div class=\"elementor-element elementor-element-c5b1f4e e-con-full e-flex e-con e-child\" data-id=\"c5b1f4e\" data-element_type=\"container\" data-e-type=\"container\">\n\t\t\t\t<div class=\"elementor-element elementor-element-4012478 elementor-widget elementor-widget-image\" data-id=\"4012478\" data-element_type=\"widget\" data-e-type=\"widget\" data-widget_type=\"image.default\">\n\t\t\t\t<div class=\"elementor-widget-container\">\n\t\t\t\t\t\t\t\t\t\t\t\t\t\t\t<img loading=\"lazy\" decoding=\"async\" width=\"200\" height=\"184\" src=\"https:\/\/sacrebleuprod.fr\/wp-content\/uploads\/2024\/02\/ottawa-international-animation-festival-2019-Noir-1.png\" class=\"attachment-large size-large wp-image-5105\" alt=\"\" \/>\t\t\t\t\t\t\t\t\t\t\t\t\t\t\t<\/div>\n\t\t\t\t<\/div>\n\t\t\t\t<\/div>\n\t\t\t\t\t<\/div>\n\t\t\t\t<\/div>\n\t\t<div class=\"elementor-element elementor-element-dc74556 e-flex e-con-boxed e-con e-parent\" data-id=\"dc74556\" data-element_type=\"container\" data-e-type=\"container\">\n\t\t\t\t\t<div class=\"e-con-inner\">\n\t\t\t\t<div class=\"elementor-element elementor-element-8756cc9 elementor-align-center elementor-widget elementor-widget-button\" data-id=\"8756cc9\" data-element_type=\"widget\" data-e-type=\"widget\" data-widget_type=\"button.default\">\n\t\t\t\t<div class=\"elementor-widget-container\">\n\t\t\t\t\t\t\t\t\t<div class=\"elementor-button-wrapper\">\n\t\t\t\t\t<a class=\"elementor-button elementor-button-link elementor-size-sm\" href=\"http:\/\/sacrebleuprod.fr\/wp-content\/uploads\/2024\/01\/FT_LA_CHUTE.pdf\" target=\"_blank\">\n\t\t\t\t\t\t<span class=\"elementor-button-content-wrapper\">\n\t\t\t\t\t\t\t\t\t<span class=\"elementor-button-text\">Fiche Technique<\/span>\n\t\t\t\t\t<\/span>\n\t\t\t\t\t<\/a>\n\t\t\t\t<\/div>\n\t\t\t\t\t\t\t\t<\/div>\n\t\t\t\t<\/div>\n\t\t\t\t\t<\/div>\n\t\t\t\t<\/div>\n\t\t<div class=\"elementor-element elementor-element-29758e8 e-flex e-con-boxed e-con e-parent\" data-id=\"29758e8\" data-element_type=\"container\" data-e-type=\"container\">\n\t\t\t\t\t<div class=\"e-con-inner\">\n\t\t\t\t<div class=\"elementor-element elementor-element-1c3f46f elementor-widget elementor-widget-video\" data-id=\"1c3f46f\" data-element_type=\"widget\" data-e-type=\"widget\" data-settings=\"{&quot;video_type&quot;:&quot;vimeo&quot;}\" data-widget_type=\"video.default\">\n\t\t\t\t<div class=\"elementor-widget-container\">\n\t\t\t\t\t\t\t<div class=\"elementor-wrapper elementor-open-inline\">\n\t\t\t<iframe class=\"elementor-video-iframe\" allowfullscreen allow=\"clipboard-write\" title=\"Lecteur vid\u00e9o vimeo\" src=\"https:\/\/player.vimeo.com\/video\/265206396?color&amp;autopause=0&amp;loop=0&amp;muted=0&amp;title=1&amp;portrait=1&amp;byline=1#t=\"><\/iframe>\t\t<\/div>\n\t\t\t\t\t\t<\/div>\n\t\t\t\t<\/div>\n\t\t\t\t\t<\/div>\n\t\t\t\t<\/div>\n\t\t<div class=\"elementor-element elementor-element-47a90a1 e-flex e-con-boxed e-con e-parent\" data-id=\"47a90a1\" data-element_type=\"container\" data-e-type=\"container\">\n\t\t\t\t\t<div class=\"e-con-inner\">\n\t\t<div class=\"elementor-element elementor-element-af61413 e-con-full e-flex e-con e-child\" data-id=\"af61413\" data-element_type=\"container\" data-e-type=\"container\">\n\t\t\t\t<div class=\"elementor-element elementor-element-f15ecab elementor-widget elementor-widget-image\" data-id=\"f15ecab\" data-element_type=\"widget\" data-e-type=\"widget\" data-widget_type=\"image.default\">\n\t\t\t\t<div class=\"elementor-widget-container\">\n\t\t\t\t\t\t\t\t\t\t\t\t\t\t\t<img loading=\"lazy\" decoding=\"async\" width=\"1024\" height=\"576\" src=\"https:\/\/sacrebleuprod.fr\/wp-content\/uploads\/2024\/01\/La-Chute_Boris-Labbe_1-1024x576.jpg\" class=\"attachment-large size-large wp-image-3847\" alt=\"\" srcset=\"https:\/\/sacrebleuprod.fr\/wp-content\/uploads\/2024\/01\/La-Chute_Boris-Labbe_1-1024x576.jpg 1024w, https:\/\/sacrebleuprod.fr\/wp-content\/uploads\/2024\/01\/La-Chute_Boris-Labbe_1-scaled-600x338.jpg 600w, https:\/\/sacrebleuprod.fr\/wp-content\/uploads\/2024\/01\/La-Chute_Boris-Labbe_1-300x169.jpg 300w, https:\/\/sacrebleuprod.fr\/wp-content\/uploads\/2024\/01\/La-Chute_Boris-Labbe_1-768x432.jpg 768w, https:\/\/sacrebleuprod.fr\/wp-content\/uploads\/2024\/01\/La-Chute_Boris-Labbe_1-1536x864.jpg 1536w, https:\/\/sacrebleuprod.fr\/wp-content\/uploads\/2024\/01\/La-Chute_Boris-Labbe_1-2048x1152.jpg 2048w\" sizes=\"(max-width: 1024px) 100vw, 1024px\" \/>\t\t\t\t\t\t\t\t\t\t\t\t\t\t\t<\/div>\n\t\t\t\t<\/div>\n\t\t\t\t<div class=\"elementor-element elementor-element-4393d6e elementor-widget__width-initial elementor-widget elementor-widget-image\" data-id=\"4393d6e\" data-element_type=\"widget\" data-e-type=\"widget\" data-settings=\"{&quot;_animation&quot;:&quot;none&quot;}\" data-widget_type=\"image.default\">\n\t\t\t\t<div class=\"elementor-widget-container\">\n\t\t\t\t\t\t\t\t\t\t\t\t\t\t\t<img loading=\"lazy\" decoding=\"async\" width=\"1024\" height=\"576\" src=\"https:\/\/sacrebleuprod.fr\/wp-content\/uploads\/2024\/01\/La-Chute_Boris-Labbe_3-1024x576.jpg\" class=\"attachment-large size-large wp-image-3849\" alt=\"\" srcset=\"https:\/\/sacrebleuprod.fr\/wp-content\/uploads\/2024\/01\/La-Chute_Boris-Labbe_3-1024x576.jpg 1024w, https:\/\/sacrebleuprod.fr\/wp-content\/uploads\/2024\/01\/La-Chute_Boris-Labbe_3-scaled-600x338.jpg 600w, https:\/\/sacrebleuprod.fr\/wp-content\/uploads\/2024\/01\/La-Chute_Boris-Labbe_3-300x169.jpg 300w, https:\/\/sacrebleuprod.fr\/wp-content\/uploads\/2024\/01\/La-Chute_Boris-Labbe_3-768x432.jpg 768w, https:\/\/sacrebleuprod.fr\/wp-content\/uploads\/2024\/01\/La-Chute_Boris-Labbe_3-1536x864.jpg 1536w, https:\/\/sacrebleuprod.fr\/wp-content\/uploads\/2024\/01\/La-Chute_Boris-Labbe_3-2048x1152.jpg 2048w\" sizes=\"(max-width: 1024px) 100vw, 1024px\" \/>\t\t\t\t\t\t\t\t\t\t\t\t\t\t\t<\/div>\n\t\t\t\t<\/div>\n\t\t\t\t<\/div>\n\t\t<div class=\"elementor-element elementor-element-45695d5 e-con-full e-flex e-con e-child\" data-id=\"45695d5\" data-element_type=\"container\" data-e-type=\"container\">\n\t\t\t\t<div class=\"elementor-element elementor-element-73a1f73 elementor-widget__width-initial elementor-widget elementor-widget-image\" data-id=\"73a1f73\" data-element_type=\"widget\" data-e-type=\"widget\" data-widget_type=\"image.default\">\n\t\t\t\t<div class=\"elementor-widget-container\">\n\t\t\t\t\t\t\t\t\t\t\t\t\t\t\t<img loading=\"lazy\" decoding=\"async\" width=\"1024\" height=\"576\" src=\"https:\/\/sacrebleuprod.fr\/wp-content\/uploads\/2024\/01\/La-Chute_Boris-Labbe_2-1024x576.jpg\" class=\"attachment-large size-large wp-image-3848\" alt=\"\" srcset=\"https:\/\/sacrebleuprod.fr\/wp-content\/uploads\/2024\/01\/La-Chute_Boris-Labbe_2-1024x576.jpg 1024w, https:\/\/sacrebleuprod.fr\/wp-content\/uploads\/2024\/01\/La-Chute_Boris-Labbe_2-scaled-600x338.jpg 600w, https:\/\/sacrebleuprod.fr\/wp-content\/uploads\/2024\/01\/La-Chute_Boris-Labbe_2-300x169.jpg 300w, https:\/\/sacrebleuprod.fr\/wp-content\/uploads\/2024\/01\/La-Chute_Boris-Labbe_2-768x432.jpg 768w, https:\/\/sacrebleuprod.fr\/wp-content\/uploads\/2024\/01\/La-Chute_Boris-Labbe_2-1536x864.jpg 1536w, https:\/\/sacrebleuprod.fr\/wp-content\/uploads\/2024\/01\/La-Chute_Boris-Labbe_2-2048x1152.jpg 2048w\" sizes=\"(max-width: 1024px) 100vw, 1024px\" \/>\t\t\t\t\t\t\t\t\t\t\t\t\t\t\t<\/div>\n\t\t\t\t<\/div>\n\t\t\t\t<div class=\"elementor-element elementor-element-c66f54c elementor-widget__width-initial elementor-widget elementor-widget-image\" data-id=\"c66f54c\" data-element_type=\"widget\" data-e-type=\"widget\" data-widget_type=\"image.default\">\n\t\t\t\t<div class=\"elementor-widget-container\">\n\t\t\t\t\t\t\t\t\t\t\t\t\t\t\t<img loading=\"lazy\" decoding=\"async\" width=\"1024\" height=\"576\" src=\"https:\/\/sacrebleuprod.fr\/wp-content\/uploads\/2024\/01\/La-Chute_Boris-Labbe_4-1024x576.jpg\" class=\"attachment-large size-large wp-image-3850\" alt=\"\" srcset=\"https:\/\/sacrebleuprod.fr\/wp-content\/uploads\/2024\/01\/La-Chute_Boris-Labbe_4-1024x576.jpg 1024w, https:\/\/sacrebleuprod.fr\/wp-content\/uploads\/2024\/01\/La-Chute_Boris-Labbe_4-scaled-600x338.jpg 600w, https:\/\/sacrebleuprod.fr\/wp-content\/uploads\/2024\/01\/La-Chute_Boris-Labbe_4-300x169.jpg 300w, https:\/\/sacrebleuprod.fr\/wp-content\/uploads\/2024\/01\/La-Chute_Boris-Labbe_4-768x432.jpg 768w, https:\/\/sacrebleuprod.fr\/wp-content\/uploads\/2024\/01\/La-Chute_Boris-Labbe_4-1536x864.jpg 1536w, https:\/\/sacrebleuprod.fr\/wp-content\/uploads\/2024\/01\/La-Chute_Boris-Labbe_4-2048x1152.jpg 2048w\" sizes=\"(max-width: 1024px) 100vw, 1024px\" \/>\t\t\t\t\t\t\t\t\t\t\t\t\t\t\t<\/div>\n\t\t\t\t<\/div>\n\t\t\t\t<\/div>\n\t\t\t\t\t<\/div>\n\t\t\t\t<\/div>\n\t\t\t\t<\/div>\n\t\t","protected":false},"excerpt":{"rendered":"<p>La Chute Animation 2D-14&#8242;-Ado-Adulte Auteur &amp; R\u00e9alisateur: Boris Labb\u00e9 Compositeur: Daniele Ghisi Production: Sacrebleu Productions Lorsque les \u00eatres qui habitent le ciel viennent contaminer ceux de la terre, l\u2019ordre du monde est boulevers\u00e9. C\u2019est le d\u00e9but d\u2019une chute tragique de laquelle na\u00eetront les enfers et, \u00e0 l\u2019oppos\u00e9, les cercles du paradis\u2026 Fiche Technique https:\/\/vimeo.com\/manage\/videos\/265206396<\/p>\n","protected":false},"author":1,"featured_media":0,"parent":1559,"menu_order":0,"comment_status":"closed","ping_status":"closed","template":"","meta":{"site-sidebar-layout":"no-sidebar","site-content-layout":"page-builder","ast-site-content-layout":"default","site-content-style":"default","site-sidebar-style":"default","ast-global-header-display":"","ast-banner-title-visibility":"","ast-main-header-display":"","ast-hfb-above-header-display":"","ast-hfb-below-header-display":"","ast-hfb-mobile-header-display":"","site-post-title":"disabled","ast-breadcrumbs-content":"","ast-featured-img":"disabled","footer-sml-layout":"","ast-disable-related-posts":"","theme-transparent-header-meta":"","adv-header-id-meta":"","stick-header-meta":"","header-above-stick-meta":"","header-main-stick-meta":"","header-below-stick-meta":"","astra-migrate-meta-layouts":"set","ast-page-background-enabled":"default","ast-page-background-meta":{"desktop":{"background-color":"var(--ast-global-color-4)","background-image":"","background-repeat":"repeat","background-position":"center center","background-size":"auto","background-attachment":"scroll","background-type":"","background-media":"","overlay-type":"","overlay-color":"","overlay-opacity":"","overlay-gradient":""},"tablet":{"background-color":"","background-image":"","background-repeat":"repeat","background-position":"center center","background-size":"auto","background-attachment":"scroll","background-type":"","background-media":"","overlay-type":"","overlay-color":"","overlay-opacity":"","overlay-gradient":""},"mobile":{"background-color":"","background-image":"","background-repeat":"repeat","background-position":"center center","background-size":"auto","background-attachment":"scroll","background-type":"","background-media":"","overlay-type":"","overlay-color":"","overlay-opacity":"","overlay-gradient":""}},"ast-content-background-meta":{"desktop":{"background-color":"var(--ast-global-color-5)","background-image":"","background-repeat":"repeat","background-position":"center center","background-size":"auto","background-attachment":"scroll","background-type":"","background-media":"","overlay-type":"","overlay-color":"","overlay-opacity":"","overlay-gradient":""},"tablet":{"background-color":"var(--ast-global-color-5)","background-image":"","background-repeat":"repeat","background-position":"center center","background-size":"auto","background-attachment":"scroll","background-type":"","background-media":"","overlay-type":"","overlay-color":"","overlay-opacity":"","overlay-gradient":""},"mobile":{"background-color":"var(--ast-global-color-5)","background-image":"","background-repeat":"repeat","background-position":"center center","background-size":"auto","background-attachment":"scroll","background-type":"","background-media":"","overlay-type":"","overlay-color":"","overlay-opacity":"","overlay-gradient":""}},"footnotes":""},"class_list":["post-3843","page","type-page","status-publish","hentry"],"_links":{"self":[{"href":"https:\/\/sacrebleuprod.fr\/index.php?rest_route=\/wp\/v2\/pages\/3843","targetHints":{"allow":["GET"]}}],"collection":[{"href":"https:\/\/sacrebleuprod.fr\/index.php?rest_route=\/wp\/v2\/pages"}],"about":[{"href":"https:\/\/sacrebleuprod.fr\/index.php?rest_route=\/wp\/v2\/types\/page"}],"author":[{"embeddable":true,"href":"https:\/\/sacrebleuprod.fr\/index.php?rest_route=\/wp\/v2\/users\/1"}],"replies":[{"embeddable":true,"href":"https:\/\/sacrebleuprod.fr\/index.php?rest_route=%2Fwp%2Fv2%2Fcomments&post=3843"}],"version-history":[{"count":35,"href":"https:\/\/sacrebleuprod.fr\/index.php?rest_route=\/wp\/v2\/pages\/3843\/revisions"}],"predecessor-version":[{"id":17533,"href":"https:\/\/sacrebleuprod.fr\/index.php?rest_route=\/wp\/v2\/pages\/3843\/revisions\/17533"}],"up":[{"embeddable":true,"href":"https:\/\/sacrebleuprod.fr\/index.php?rest_route=\/wp\/v2\/pages\/1559"}],"wp:attachment":[{"href":"https:\/\/sacrebleuprod.fr\/index.php?rest_route=%2Fwp%2Fv2%2Fmedia&parent=3843"}],"curies":[{"name":"wp","href":"https:\/\/api.w.org\/{rel}","templated":true}]}}