{"id":3851,"date":"2024-01-29T15:34:56","date_gmt":"2024-01-29T14:34:56","guid":{"rendered":"https:\/\/sacrebleuprod.fr\/?page_id=3851"},"modified":"2025-06-24T11:46:08","modified_gmt":"2025-06-24T09:46:08","slug":"rhizome","status":"publish","type":"page","link":"https:\/\/sacrebleuprod.fr\/?page_id=3851","title":{"rendered":"Rhizome"},"content":{"rendered":"\t\t<div data-elementor-type=\"wp-page\" data-elementor-id=\"3851\" class=\"elementor elementor-3851\">\n\t\t\t\t<div class=\"elementor-element elementor-element-2022d9e e-flex e-con-boxed e-con e-parent\" data-id=\"2022d9e\" data-element_type=\"container\" data-e-type=\"container\">\n\t\t\t\t\t<div class=\"e-con-inner\">\n\t\t<div class=\"elementor-element elementor-element-1fa887a e-con-full e-flex e-con e-child\" data-id=\"1fa887a\" data-element_type=\"container\" data-e-type=\"container\">\n\t\t\t\t<div class=\"elementor-element elementor-element-db7a753 elementor-widget elementor-widget-image\" data-id=\"db7a753\" data-element_type=\"widget\" data-e-type=\"widget\" data-widget_type=\"image.default\">\n\t\t\t\t<div class=\"elementor-widget-container\">\n\t\t\t\t\t\t\t\t\t\t\t\t\t\t\t<img fetchpriority=\"high\" decoding=\"async\" width=\"699\" height=\"1024\" src=\"https:\/\/sacrebleuprod.fr\/wp-content\/uploads\/2024\/01\/AFFICHE-400x600_rhizome2-699x1024.png\" class=\"attachment-large size-large wp-image-3854\" alt=\"\" srcset=\"https:\/\/sacrebleuprod.fr\/wp-content\/uploads\/2024\/01\/AFFICHE-400x600_rhizome2-699x1024.png 699w, https:\/\/sacrebleuprod.fr\/wp-content\/uploads\/2024\/01\/AFFICHE-400x600_rhizome2-600x879.png 600w, https:\/\/sacrebleuprod.fr\/wp-content\/uploads\/2024\/01\/AFFICHE-400x600_rhizome2-205x300.png 205w, https:\/\/sacrebleuprod.fr\/wp-content\/uploads\/2024\/01\/AFFICHE-400x600_rhizome2-768x1126.png 768w, https:\/\/sacrebleuprod.fr\/wp-content\/uploads\/2024\/01\/AFFICHE-400x600_rhizome2-1048x1536.png 1048w, https:\/\/sacrebleuprod.fr\/wp-content\/uploads\/2024\/01\/AFFICHE-400x600_rhizome2-1397x2048.png 1397w\" sizes=\"(max-width: 699px) 100vw, 699px\" \/>\t\t\t\t\t\t\t\t\t\t\t\t\t\t\t<\/div>\n\t\t\t\t<\/div>\n\t\t\t\t<\/div>\n\t\t<div class=\"elementor-element elementor-element-9720575 e-con-full e-flex e-con e-child\" data-id=\"9720575\" data-element_type=\"container\" data-e-type=\"container\">\n\t\t<div class=\"elementor-element elementor-element-a8e9064 e-flex e-con-boxed e-con e-child\" data-id=\"a8e9064\" data-element_type=\"container\" data-e-type=\"container\">\n\t\t\t\t\t<div class=\"e-con-inner\">\n\t\t\t\t<div class=\"elementor-element elementor-element-34a3aea elementor-widget elementor-widget-heading\" data-id=\"34a3aea\" data-element_type=\"widget\" data-e-type=\"widget\" data-widget_type=\"heading.default\">\n\t\t\t\t<div class=\"elementor-widget-container\">\n\t\t\t\t\t<h2 class=\"elementor-heading-title elementor-size-default\">Rhizome<\/h2>\t\t\t\t<\/div>\n\t\t\t\t<\/div>\n\t\t\t\t\t<\/div>\n\t\t\t\t<\/div>\n\t\t<div class=\"elementor-element elementor-element-d73f1dd e-flex e-con-boxed e-con e-child\" data-id=\"d73f1dd\" data-element_type=\"container\" data-e-type=\"container\">\n\t\t\t\t\t<div class=\"e-con-inner\">\n\t\t\t\t<div class=\"elementor-element elementor-element-a7c4498 elementor-widget elementor-widget-text-editor\" data-id=\"a7c4498\" data-element_type=\"widget\" data-e-type=\"widget\" data-widget_type=\"text-editor.default\">\n\t\t\t\t<div class=\"elementor-widget-container\">\n\t\t\t\t\t\t\t\t\t<h2 class=\"elementor-heading-title elementor-size-medium elementor-inline-editing pen\" style=\"font-size: 19px; font-style: normal; font-weight: 400; margin-bottom: 0px; color: #000000; font-family: Urbanist, sans-serif; text-align: justify;\" data-elementor-setting-key=\"title\" data-pen-placeholder=\"Type Here...\"><span style=\"font-weight: bold;\">Animation 2D-11&#8242;-Ado-Adulte<\/span><br \/><br \/><br \/><br \/><span style=\"font-weight: bold;\">R\u00e9alisateur, Auteur Graphique &amp; Sc\u00e9nariste<\/span><span style=\"font-weight: bold;\">:<\/span> <a href=\"https:\/\/sacrebleuprod.fr\/?page_id=17191\">Boris Labb\u00e9<\/a><br \/><br \/><span style=\"font-weight: bold;\">Compositeur:<\/span> Aur\u00e9lio Edler-Copes<br \/><br \/><span style=\"font-weight: bold;\">Production:<\/span> Sacrebleu Productions<br \/><br \/><br \/><br \/>De l\u2019infiniment petit \u00e0 l\u2019infiniment grand toutes choses de l&#8217;univers sont \u00e9troitement connect\u00e9es les unes aux autres, en interagissant, en se recomposant, dans une combinaison de mouvements en perp\u00e9tuelles m\u00e9tamorphoses.<\/h2>\t\t\t\t\t\t\t\t<\/div>\n\t\t\t\t<\/div>\n\t\t\t\t\t<\/div>\n\t\t\t\t<\/div>\n\t\t\t\t<\/div>\n\t\t\t\t\t<\/div>\n\t\t\t\t<\/div>\n\t\t<div class=\"elementor-element elementor-element-d546453 e-con-full e-flex e-con e-parent\" data-id=\"d546453\" data-element_type=\"container\" data-e-type=\"container\">\n\t\t\t\t<div class=\"elementor-element elementor-element-d606f84 elementor-widget elementor-widget-image\" data-id=\"d606f84\" data-element_type=\"widget\" data-e-type=\"widget\" data-widget_type=\"image.default\">\n\t\t\t\t<div class=\"elementor-widget-container\">\n\t\t\t\t\t\t\t\t\t\t\t\t\t\t\t<img decoding=\"async\" width=\"540\" height=\"146\" src=\"https:\/\/sacrebleuprod.fr\/wp-content\/uploads\/2023\/11\/logo-sign-charte-graphique-3.jpeg\" class=\"attachment-large size-large wp-image-2678\" alt=\"\" srcset=\"https:\/\/sacrebleuprod.fr\/wp-content\/uploads\/2023\/11\/logo-sign-charte-graphique-3.jpeg 540w, https:\/\/sacrebleuprod.fr\/wp-content\/uploads\/2023\/11\/logo-sign-charte-graphique-3-300x81.jpeg 300w\" sizes=\"(max-width: 540px) 100vw, 540px\" \/>\t\t\t\t\t\t\t\t\t\t\t\t\t\t\t<\/div>\n\t\t\t\t<\/div>\n\t\t\t\t<\/div>\n\t\t<div class=\"elementor-element elementor-element-9d7e458 e-con-full e-flex e-con e-parent\" data-id=\"9d7e458\" data-element_type=\"container\" data-e-type=\"container\">\n\t\t<div class=\"elementor-element elementor-element-d204794 e-con-full e-flex e-con e-child\" data-id=\"d204794\" data-element_type=\"container\" data-e-type=\"container\">\n\t\t\t\t<div class=\"elementor-element elementor-element-2421ae1 elementor-widget elementor-widget-image\" data-id=\"2421ae1\" data-element_type=\"widget\" data-e-type=\"widget\" data-widget_type=\"image.default\">\n\t\t\t\t<div class=\"elementor-widget-container\">\n\t\t\t\t\t\t\t\t\t\t\t\t\t\t\t<img decoding=\"async\" width=\"743\" height=\"565\" src=\"https:\/\/sacrebleuprod.fr\/wp-content\/uploads\/2024\/02\/ANM2017_Laurel_BestGalleryFilm.png\" class=\"attachment-large size-large wp-image-4156\" alt=\"\" srcset=\"https:\/\/sacrebleuprod.fr\/wp-content\/uploads\/2024\/02\/ANM2017_Laurel_BestGalleryFilm.png 743w, https:\/\/sacrebleuprod.fr\/wp-content\/uploads\/2024\/02\/ANM2017_Laurel_BestGalleryFilm-600x456.png 600w, https:\/\/sacrebleuprod.fr\/wp-content\/uploads\/2024\/02\/ANM2017_Laurel_BestGalleryFilm-300x228.png 300w\" sizes=\"(max-width: 743px) 100vw, 743px\" \/>\t\t\t\t\t\t\t\t\t\t\t\t\t\t\t<\/div>\n\t\t\t\t<\/div>\n\t\t\t\t<\/div>\n\t\t<div class=\"elementor-element elementor-element-13111eb e-con-full e-flex e-con e-child\" data-id=\"13111eb\" data-element_type=\"container\" data-e-type=\"container\">\n\t\t\t\t<div class=\"elementor-element elementor-element-887d864 elementor-widget__width-initial elementor-widget elementor-widget-image\" data-id=\"887d864\" data-element_type=\"widget\" data-e-type=\"widget\" data-widget_type=\"image.default\">\n\t\t\t\t<div class=\"elementor-widget-container\">\n\t\t\t\t\t\t\t\t\t\t\t\t\t\t\t<img loading=\"lazy\" decoding=\"async\" width=\"1000\" height=\"1000\" src=\"https:\/\/sacrebleuprod.fr\/wp-content\/uploads\/2024\/02\/BN2015-Imagine-Science-Film-Festival.png\" class=\"attachment-large size-large wp-image-4164\" alt=\"\" srcset=\"https:\/\/sacrebleuprod.fr\/wp-content\/uploads\/2024\/02\/BN2015-Imagine-Science-Film-Festival.png 1000w, https:\/\/sacrebleuprod.fr\/wp-content\/uploads\/2024\/02\/BN2015-Imagine-Science-Film-Festival-300x300.png 300w, https:\/\/sacrebleuprod.fr\/wp-content\/uploads\/2024\/02\/BN2015-Imagine-Science-Film-Festival-100x100.png 100w, https:\/\/sacrebleuprod.fr\/wp-content\/uploads\/2024\/02\/BN2015-Imagine-Science-Film-Festival-600x600.png 600w, https:\/\/sacrebleuprod.fr\/wp-content\/uploads\/2024\/02\/BN2015-Imagine-Science-Film-Festival-150x150.png 150w, https:\/\/sacrebleuprod.fr\/wp-content\/uploads\/2024\/02\/BN2015-Imagine-Science-Film-Festival-768x768.png 768w\" sizes=\"(max-width: 1000px) 100vw, 1000px\" \/>\t\t\t\t\t\t\t\t\t\t\t\t\t\t\t<\/div>\n\t\t\t\t<\/div>\n\t\t\t\t<\/div>\n\t\t<div class=\"elementor-element elementor-element-97faeaa e-con-full e-flex e-con e-child\" data-id=\"97faeaa\" data-element_type=\"container\" data-e-type=\"container\">\n\t\t\t\t<div class=\"elementor-element elementor-element-632da96 elementor-widget__width-initial elementor-widget elementor-widget-image\" data-id=\"632da96\" data-element_type=\"widget\" data-e-type=\"widget\" data-widget_type=\"image.default\">\n\t\t\t\t<div class=\"elementor-widget-container\">\n\t\t\t\t\t\t\t\t\t\t\t\t\t\t\t<img loading=\"lazy\" decoding=\"async\" width=\"1024\" height=\"680\" src=\"https:\/\/sacrebleuprod.fr\/wp-content\/uploads\/2024\/02\/SELECTION-OFFICIELLE-BIAF-2015-1024x680.png\" class=\"attachment-large size-large wp-image-4157\" alt=\"\" srcset=\"https:\/\/sacrebleuprod.fr\/wp-content\/uploads\/2024\/02\/SELECTION-OFFICIELLE-BIAF-2015-1024x680.png 1024w, https:\/\/sacrebleuprod.fr\/wp-content\/uploads\/2024\/02\/SELECTION-OFFICIELLE-BIAF-2015-600x398.png 600w, https:\/\/sacrebleuprod.fr\/wp-content\/uploads\/2024\/02\/SELECTION-OFFICIELLE-BIAF-2015-300x199.png 300w, https:\/\/sacrebleuprod.fr\/wp-content\/uploads\/2024\/02\/SELECTION-OFFICIELLE-BIAF-2015-768x510.png 768w, https:\/\/sacrebleuprod.fr\/wp-content\/uploads\/2024\/02\/SELECTION-OFFICIELLE-BIAF-2015-1536x1020.png 1536w, https:\/\/sacrebleuprod.fr\/wp-content\/uploads\/2024\/02\/SELECTION-OFFICIELLE-BIAF-2015.png 1735w\" sizes=\"(max-width: 1024px) 100vw, 1024px\" \/>\t\t\t\t\t\t\t\t\t\t\t\t\t\t\t<\/div>\n\t\t\t\t<\/div>\n\t\t\t\t<\/div>\n\t\t\t\t<\/div>\n\t\t<div class=\"elementor-element elementor-element-5bc594b e-flex e-con-boxed e-con e-parent\" data-id=\"5bc594b\" data-element_type=\"container\" data-e-type=\"container\">\n\t\t\t\t\t<div class=\"e-con-inner\">\n\t\t\t\t<div class=\"elementor-element elementor-element-d8d6b72 elementor-align-center elementor-widget elementor-widget-button\" data-id=\"d8d6b72\" data-element_type=\"widget\" data-e-type=\"widget\" data-widget_type=\"button.default\">\n\t\t\t\t<div class=\"elementor-widget-container\">\n\t\t\t\t\t\t\t\t\t<div class=\"elementor-button-wrapper\">\n\t\t\t\t\t<a class=\"elementor-button elementor-button-link elementor-size-sm\" href=\"http:\/\/sacrebleuprod.fr\/wp-content\/uploads\/2024\/03\/fiche-technique-RHIZOME-V3.pdf\" target=\"_blank\">\n\t\t\t\t\t\t<span class=\"elementor-button-content-wrapper\">\n\t\t\t\t\t\t\t\t\t<span class=\"elementor-button-text\">Fiche Technique<\/span>\n\t\t\t\t\t<\/span>\n\t\t\t\t\t<\/a>\n\t\t\t\t<\/div>\n\t\t\t\t\t\t\t\t<\/div>\n\t\t\t\t<\/div>\n\t\t\t\t\t<\/div>\n\t\t\t\t<\/div>\n\t\t<div class=\"elementor-element elementor-element-29758e8 e-flex e-con-boxed e-con e-parent\" data-id=\"29758e8\" data-element_type=\"container\" data-e-type=\"container\">\n\t\t\t\t\t<div class=\"e-con-inner\">\n\t\t\t\t<div class=\"elementor-element elementor-element-1c3f46f elementor-widget elementor-widget-video\" data-id=\"1c3f46f\" data-element_type=\"widget\" data-e-type=\"widget\" data-settings=\"{&quot;video_type&quot;:&quot;vimeo&quot;}\" data-widget_type=\"video.default\">\n\t\t\t\t<div class=\"elementor-widget-container\">\n\t\t\t\t\t\t\t<div class=\"elementor-wrapper elementor-open-inline\">\n\t\t\t<iframe class=\"elementor-video-iframe\" allowfullscreen allow=\"clipboard-write\" title=\"Lecteur vid\u00e9o vimeo\" src=\"https:\/\/player.vimeo.com\/video\/126784841?color&amp;autopause=0&amp;loop=0&amp;muted=0&amp;title=1&amp;portrait=1&amp;byline=1#t=\"><\/iframe>\t\t<\/div>\n\t\t\t\t\t\t<\/div>\n\t\t\t\t<\/div>\n\t\t\t\t\t<\/div>\n\t\t\t\t<\/div>\n\t\t<div class=\"elementor-element elementor-element-47a90a1 e-flex e-con-boxed e-con e-parent\" data-id=\"47a90a1\" data-element_type=\"container\" data-e-type=\"container\">\n\t\t\t\t\t<div class=\"e-con-inner\">\n\t\t<div class=\"elementor-element elementor-element-af61413 e-con-full e-flex e-con e-child\" data-id=\"af61413\" data-element_type=\"container\" data-e-type=\"container\">\n\t\t\t\t<div class=\"elementor-element elementor-element-f15ecab elementor-widget elementor-widget-image\" data-id=\"f15ecab\" data-element_type=\"widget\" data-e-type=\"widget\" data-widget_type=\"image.default\">\n\t\t\t\t<div class=\"elementor-widget-container\">\n\t\t\t\t\t\t\t\t\t\t\t\t\t\t\t<img loading=\"lazy\" decoding=\"async\" width=\"1024\" height=\"576\" src=\"https:\/\/sacrebleuprod.fr\/wp-content\/uploads\/2024\/01\/RHIZOME_logo_DEF_02187-1024x576.jpg\" class=\"attachment-large size-large wp-image-3857\" alt=\"\" srcset=\"https:\/\/sacrebleuprod.fr\/wp-content\/uploads\/2024\/01\/RHIZOME_logo_DEF_02187-1024x576.jpg 1024w, https:\/\/sacrebleuprod.fr\/wp-content\/uploads\/2024\/01\/RHIZOME_logo_DEF_02187-600x338.jpg 600w, https:\/\/sacrebleuprod.fr\/wp-content\/uploads\/2024\/01\/RHIZOME_logo_DEF_02187-300x169.jpg 300w, https:\/\/sacrebleuprod.fr\/wp-content\/uploads\/2024\/01\/RHIZOME_logo_DEF_02187-768x432.jpg 768w, https:\/\/sacrebleuprod.fr\/wp-content\/uploads\/2024\/01\/RHIZOME_logo_DEF_02187-1536x864.jpg 1536w, https:\/\/sacrebleuprod.fr\/wp-content\/uploads\/2024\/01\/RHIZOME_logo_DEF_02187.jpg 2048w\" sizes=\"(max-width: 1024px) 100vw, 1024px\" \/>\t\t\t\t\t\t\t\t\t\t\t\t\t\t\t<\/div>\n\t\t\t\t<\/div>\n\t\t\t\t<div class=\"elementor-element elementor-element-4393d6e elementor-widget__width-initial elementor-widget elementor-widget-image\" data-id=\"4393d6e\" data-element_type=\"widget\" data-e-type=\"widget\" data-settings=\"{&quot;_animation&quot;:&quot;none&quot;}\" data-widget_type=\"image.default\">\n\t\t\t\t<div class=\"elementor-widget-container\">\n\t\t\t\t\t\t\t\t\t\t\t\t\t\t\t<img loading=\"lazy\" decoding=\"async\" width=\"857\" height=\"482\" src=\"https:\/\/sacrebleuprod.fr\/wp-content\/uploads\/2024\/01\/RHIZOME_logo_DEF_08787.jpg\" class=\"attachment-large size-large wp-image-3859\" alt=\"\" srcset=\"https:\/\/sacrebleuprod.fr\/wp-content\/uploads\/2024\/01\/RHIZOME_logo_DEF_08787.jpg 857w, https:\/\/sacrebleuprod.fr\/wp-content\/uploads\/2024\/01\/RHIZOME_logo_DEF_08787-600x337.jpg 600w, https:\/\/sacrebleuprod.fr\/wp-content\/uploads\/2024\/01\/RHIZOME_logo_DEF_08787-300x169.jpg 300w, https:\/\/sacrebleuprod.fr\/wp-content\/uploads\/2024\/01\/RHIZOME_logo_DEF_08787-768x432.jpg 768w\" sizes=\"(max-width: 857px) 100vw, 857px\" \/>\t\t\t\t\t\t\t\t\t\t\t\t\t\t\t<\/div>\n\t\t\t\t<\/div>\n\t\t\t\t<\/div>\n\t\t<div class=\"elementor-element elementor-element-45695d5 e-con-full e-flex e-con e-child\" data-id=\"45695d5\" data-element_type=\"container\" data-e-type=\"container\">\n\t\t\t\t<div class=\"elementor-element elementor-element-73a1f73 elementor-widget__width-initial elementor-widget elementor-widget-image\" data-id=\"73a1f73\" data-element_type=\"widget\" data-e-type=\"widget\" data-widget_type=\"image.default\">\n\t\t\t\t<div class=\"elementor-widget-container\">\n\t\t\t\t\t\t\t\t\t\t\t\t\t\t\t<img loading=\"lazy\" decoding=\"async\" width=\"1024\" height=\"576\" src=\"https:\/\/sacrebleuprod.fr\/wp-content\/uploads\/2024\/01\/RHIZOME_logo_DEF_03093-1024x576.jpg\" class=\"attachment-large size-large wp-image-3858\" alt=\"\" srcset=\"https:\/\/sacrebleuprod.fr\/wp-content\/uploads\/2024\/01\/RHIZOME_logo_DEF_03093-1024x576.jpg 1024w, https:\/\/sacrebleuprod.fr\/wp-content\/uploads\/2024\/01\/RHIZOME_logo_DEF_03093-600x338.jpg 600w, https:\/\/sacrebleuprod.fr\/wp-content\/uploads\/2024\/01\/RHIZOME_logo_DEF_03093-300x169.jpg 300w, https:\/\/sacrebleuprod.fr\/wp-content\/uploads\/2024\/01\/RHIZOME_logo_DEF_03093-768x432.jpg 768w, https:\/\/sacrebleuprod.fr\/wp-content\/uploads\/2024\/01\/RHIZOME_logo_DEF_03093-1536x864.jpg 1536w, https:\/\/sacrebleuprod.fr\/wp-content\/uploads\/2024\/01\/RHIZOME_logo_DEF_03093.jpg 2048w\" sizes=\"(max-width: 1024px) 100vw, 1024px\" \/>\t\t\t\t\t\t\t\t\t\t\t\t\t\t\t<\/div>\n\t\t\t\t<\/div>\n\t\t\t\t<div class=\"elementor-element elementor-element-c66f54c elementor-widget__width-initial elementor-widget elementor-widget-image\" data-id=\"c66f54c\" data-element_type=\"widget\" data-e-type=\"widget\" data-widget_type=\"image.default\">\n\t\t\t\t<div class=\"elementor-widget-container\">\n\t\t\t\t\t\t\t\t\t\t\t\t\t\t\t<img loading=\"lazy\" decoding=\"async\" width=\"857\" height=\"482\" src=\"https:\/\/sacrebleuprod.fr\/wp-content\/uploads\/2024\/01\/RHIZOME_logo_DEF_12864.jpg\" class=\"attachment-large size-large wp-image-3860\" alt=\"\" srcset=\"https:\/\/sacrebleuprod.fr\/wp-content\/uploads\/2024\/01\/RHIZOME_logo_DEF_12864.jpg 857w, https:\/\/sacrebleuprod.fr\/wp-content\/uploads\/2024\/01\/RHIZOME_logo_DEF_12864-600x337.jpg 600w, https:\/\/sacrebleuprod.fr\/wp-content\/uploads\/2024\/01\/RHIZOME_logo_DEF_12864-300x169.jpg 300w, https:\/\/sacrebleuprod.fr\/wp-content\/uploads\/2024\/01\/RHIZOME_logo_DEF_12864-768x432.jpg 768w\" sizes=\"(max-width: 857px) 100vw, 857px\" \/>\t\t\t\t\t\t\t\t\t\t\t\t\t\t\t<\/div>\n\t\t\t\t<\/div>\n\t\t\t\t<\/div>\n\t\t\t\t\t<\/div>\n\t\t\t\t<\/div>\n\t\t\t\t<\/div>\n\t\t","protected":false},"excerpt":{"rendered":"<p>Rhizome Animation 2D-11&#8242;-Ado-Adulte R\u00e9alisateur, Auteur Graphique &amp; Sc\u00e9nariste: Boris Labb\u00e9 Compositeur: Aur\u00e9lio Edler-Copes Production: Sacrebleu Productions De l\u2019infiniment petit \u00e0 l\u2019infiniment grand toutes choses de l&#8217;univers sont \u00e9troitement connect\u00e9es les unes aux autres, en interagissant, en se recomposant, dans une combinaison de mouvements en perp\u00e9tuelles m\u00e9tamorphoses. Fiche Technique https:\/\/vimeo.com\/manage\/videos\/126784841<\/p>\n","protected":false},"author":1,"featured_media":0,"parent":1559,"menu_order":0,"comment_status":"closed","ping_status":"closed","template":"","meta":{"site-sidebar-layout":"no-sidebar","site-content-layout":"page-builder","ast-site-content-layout":"default","site-content-style":"default","site-sidebar-style":"default","ast-global-header-display":"","ast-banner-title-visibility":"","ast-main-header-display":"","ast-hfb-above-header-display":"","ast-hfb-below-header-display":"","ast-hfb-mobile-header-display":"","site-post-title":"disabled","ast-breadcrumbs-content":"","ast-featured-img":"disabled","footer-sml-layout":"","ast-disable-related-posts":"","theme-transparent-header-meta":"","adv-header-id-meta":"","stick-header-meta":"","header-above-stick-meta":"","header-main-stick-meta":"","header-below-stick-meta":"","astra-migrate-meta-layouts":"set","ast-page-background-enabled":"default","ast-page-background-meta":{"desktop":{"background-color":"var(--ast-global-color-4)","background-image":"","background-repeat":"repeat","background-position":"center center","background-size":"auto","background-attachment":"scroll","background-type":"","background-media":"","overlay-type":"","overlay-color":"","overlay-opacity":"","overlay-gradient":""},"tablet":{"background-color":"","background-image":"","background-repeat":"repeat","background-position":"center center","background-size":"auto","background-attachment":"scroll","background-type":"","background-media":"","overlay-type":"","overlay-color":"","overlay-opacity":"","overlay-gradient":""},"mobile":{"background-color":"","background-image":"","background-repeat":"repeat","background-position":"center center","background-size":"auto","background-attachment":"scroll","background-type":"","background-media":"","overlay-type":"","overlay-color":"","overlay-opacity":"","overlay-gradient":""}},"ast-content-background-meta":{"desktop":{"background-color":"var(--ast-global-color-5)","background-image":"","background-repeat":"repeat","background-position":"center center","background-size":"auto","background-attachment":"scroll","background-type":"","background-media":"","overlay-type":"","overlay-color":"","overlay-opacity":"","overlay-gradient":""},"tablet":{"background-color":"var(--ast-global-color-5)","background-image":"","background-repeat":"repeat","background-position":"center center","background-size":"auto","background-attachment":"scroll","background-type":"","background-media":"","overlay-type":"","overlay-color":"","overlay-opacity":"","overlay-gradient":""},"mobile":{"background-color":"var(--ast-global-color-5)","background-image":"","background-repeat":"repeat","background-position":"center center","background-size":"auto","background-attachment":"scroll","background-type":"","background-media":"","overlay-type":"","overlay-color":"","overlay-opacity":"","overlay-gradient":""}},"footnotes":""},"class_list":["post-3851","page","type-page","status-publish","hentry"],"_links":{"self":[{"href":"https:\/\/sacrebleuprod.fr\/index.php?rest_route=\/wp\/v2\/pages\/3851","targetHints":{"allow":["GET"]}}],"collection":[{"href":"https:\/\/sacrebleuprod.fr\/index.php?rest_route=\/wp\/v2\/pages"}],"about":[{"href":"https:\/\/sacrebleuprod.fr\/index.php?rest_route=\/wp\/v2\/types\/page"}],"author":[{"embeddable":true,"href":"https:\/\/sacrebleuprod.fr\/index.php?rest_route=\/wp\/v2\/users\/1"}],"replies":[{"embeddable":true,"href":"https:\/\/sacrebleuprod.fr\/index.php?rest_route=%2Fwp%2Fv2%2Fcomments&post=3851"}],"version-history":[{"count":39,"href":"https:\/\/sacrebleuprod.fr\/index.php?rest_route=\/wp\/v2\/pages\/3851\/revisions"}],"predecessor-version":[{"id":17527,"href":"https:\/\/sacrebleuprod.fr\/index.php?rest_route=\/wp\/v2\/pages\/3851\/revisions\/17527"}],"up":[{"embeddable":true,"href":"https:\/\/sacrebleuprod.fr\/index.php?rest_route=\/wp\/v2\/pages\/1559"}],"wp:attachment":[{"href":"https:\/\/sacrebleuprod.fr\/index.php?rest_route=%2Fwp%2Fv2%2Fmedia&parent=3851"}],"curies":[{"name":"wp","href":"https:\/\/api.w.org\/{rel}","templated":true}]}}