{"id":3968,"date":"2024-02-05T16:59:28","date_gmt":"2024-02-05T15:59:28","guid":{"rendered":"https:\/\/sacrebleuprod.fr\/?page_id=3968"},"modified":"2024-11-07T15:23:37","modified_gmt":"2024-11-07T14:23:37","slug":"acoustic-kitty","status":"publish","type":"page","link":"https:\/\/sacrebleuprod.fr\/?page_id=3968","title":{"rendered":"Acoustic Kitty"},"content":{"rendered":"\t\t<div data-elementor-type=\"wp-page\" data-elementor-id=\"3968\" class=\"elementor elementor-3968\">\n\t\t\t\t<div class=\"elementor-element elementor-element-2022d9e e-flex e-con-boxed e-con e-parent\" data-id=\"2022d9e\" data-element_type=\"container\" data-e-type=\"container\">\n\t\t\t\t\t<div class=\"e-con-inner\">\n\t\t<div class=\"elementor-element elementor-element-1fa887a e-con-full e-flex e-con e-child\" data-id=\"1fa887a\" data-element_type=\"container\" data-e-type=\"container\">\n\t\t\t\t<div class=\"elementor-element elementor-element-db7a753 elementor-widget elementor-widget-image\" data-id=\"db7a753\" data-element_type=\"widget\" data-e-type=\"widget\" data-widget_type=\"image.default\">\n\t\t\t\t<div class=\"elementor-widget-container\">\n\t\t\t\t\t\t\t\t\t\t\t\t\t\t\t<img fetchpriority=\"high\" decoding=\"async\" width=\"682\" height=\"1024\" src=\"https:\/\/sacrebleuprod.fr\/wp-content\/uploads\/2024\/11\/Sacrebleu-Productions-Site-Internet-26-4-682x1024.jpg\" class=\"attachment-large size-large wp-image-14778\" alt=\"\" srcset=\"https:\/\/sacrebleuprod.fr\/wp-content\/uploads\/2024\/11\/Sacrebleu-Productions-Site-Internet-26-4-682x1024.jpg 682w, https:\/\/sacrebleuprod.fr\/wp-content\/uploads\/2024\/11\/Sacrebleu-Productions-Site-Internet-26-4-600x900.jpg 600w, https:\/\/sacrebleuprod.fr\/wp-content\/uploads\/2024\/11\/Sacrebleu-Productions-Site-Internet-26-4-200x300.jpg 200w, https:\/\/sacrebleuprod.fr\/wp-content\/uploads\/2024\/11\/Sacrebleu-Productions-Site-Internet-26-4-768x1152.jpg 768w, https:\/\/sacrebleuprod.fr\/wp-content\/uploads\/2024\/11\/Sacrebleu-Productions-Site-Internet-26-4-1024x1536.jpg 1024w, https:\/\/sacrebleuprod.fr\/wp-content\/uploads\/2024\/11\/Sacrebleu-Productions-Site-Internet-26-4-1365x2048.jpg 1365w, https:\/\/sacrebleuprod.fr\/wp-content\/uploads\/2024\/11\/Sacrebleu-Productions-Site-Internet-26-4.jpg 1706w\" sizes=\"(max-width: 682px) 100vw, 682px\" \/>\t\t\t\t\t\t\t\t\t\t\t\t\t\t\t<\/div>\n\t\t\t\t<\/div>\n\t\t\t\t<\/div>\n\t\t<div class=\"elementor-element elementor-element-9720575 e-con-full e-flex e-con e-child\" data-id=\"9720575\" data-element_type=\"container\" data-e-type=\"container\">\n\t\t<div class=\"elementor-element elementor-element-a8e9064 e-flex e-con-boxed e-con e-child\" data-id=\"a8e9064\" data-element_type=\"container\" data-e-type=\"container\">\n\t\t\t\t\t<div class=\"e-con-inner\">\n\t\t\t\t<div class=\"elementor-element elementor-element-34a3aea elementor-widget elementor-widget-heading\" data-id=\"34a3aea\" data-element_type=\"widget\" data-e-type=\"widget\" data-widget_type=\"heading.default\">\n\t\t\t\t<div class=\"elementor-widget-container\">\n\t\t\t\t\t<h2 class=\"elementor-heading-title elementor-size-default\">Acoustic Kitty<\/h2>\t\t\t\t<\/div>\n\t\t\t\t<\/div>\n\t\t\t\t\t<\/div>\n\t\t\t\t<\/div>\n\t\t<div class=\"elementor-element elementor-element-d73f1dd e-flex e-con-boxed e-con e-child\" data-id=\"d73f1dd\" data-element_type=\"container\" data-e-type=\"container\">\n\t\t\t\t\t<div class=\"e-con-inner\">\n\t\t\t\t<div class=\"elementor-element elementor-element-b0d2820 elementor-widget__width-initial elementor-widget elementor-widget-heading\" data-id=\"b0d2820\" data-element_type=\"widget\" data-e-type=\"widget\" data-widget_type=\"heading.default\">\n\t\t\t\t<div class=\"elementor-widget-container\">\n\t\t\t\t\t<h2 class=\"elementor-heading-title elementor-size-medium\"><b>Animation 2D &amp; 3D-12'-Tous publics<\/b><br><br><br><br><br><b>R\u00e9alisateur &amp; Sc\u00e9nariste: <\/b>Ron Dyens<b style=\"font-style: inherit\"> <\/b><br><br><b>Auteurs graphiques<\/b><b>:<\/b> Orn\u00e9lie Prioul &amp; Paul Nivet<br><br><b>Compositeur:<\/b> Arno Alyvan<br><br><b>Production:<\/b> Sacrebleu Productions<br><br><br><br>\u00ab ACOUSTIC KITTY \u00bb est un film l\u00e9ger qui traite, de fa\u00e7on humoristique, de la course aux armements et de l\u2019absurdit\u00e9 des moyens mis en oeuvre lors de la Guerre Froide. Il est bas\u00e9 sur une histoire vraie selon laquelle, pendant la Guerre Froide, les services secrets am\u00e9ricains auraient tent\u00e9 d\u2019introduire des microphones dans des chats afin de proc\u00e9der \u00e0 des \u00e9coutes de l\u2019Ambassade de l\u2019URSS \u00e0 Washington.<\/h2>\t\t\t\t<\/div>\n\t\t\t\t<\/div>\n\t\t\t\t\t<\/div>\n\t\t\t\t<\/div>\n\t\t\t\t<\/div>\n\t\t\t\t\t<\/div>\n\t\t\t\t<\/div>\n\t\t<div class=\"elementor-element elementor-element-bcc16a6 e-flex e-con-boxed e-con e-parent\" data-id=\"bcc16a6\" data-element_type=\"container\" data-e-type=\"container\">\n\t\t\t\t\t<div class=\"e-con-inner\">\n\t\t<div class=\"elementor-element elementor-element-380d858 e-con-full e-flex e-con e-child\" data-id=\"380d858\" data-element_type=\"container\" data-e-type=\"container\">\n\t\t\t\t<div class=\"elementor-element elementor-element-e532520 elementor-widget elementor-widget-image\" data-id=\"e532520\" data-element_type=\"widget\" data-e-type=\"widget\" data-widget_type=\"image.default\">\n\t\t\t\t<div class=\"elementor-widget-container\">\n\t\t\t\t\t\t\t\t\t\t\t\t\t\t\t<img decoding=\"async\" width=\"1024\" height=\"680\" src=\"https:\/\/sacrebleuprod.fr\/wp-content\/uploads\/2024\/02\/SELECTION-OFFICIELLE-Anima-Mundi-2015-1-1024x680.png\" class=\"attachment-large size-large wp-image-5075\" alt=\"\" srcset=\"https:\/\/sacrebleuprod.fr\/wp-content\/uploads\/2024\/02\/SELECTION-OFFICIELLE-Anima-Mundi-2015-1-1024x680.png 1024w, https:\/\/sacrebleuprod.fr\/wp-content\/uploads\/2024\/02\/SELECTION-OFFICIELLE-Anima-Mundi-2015-1-600x398.png 600w, https:\/\/sacrebleuprod.fr\/wp-content\/uploads\/2024\/02\/SELECTION-OFFICIELLE-Anima-Mundi-2015-1-300x199.png 300w, https:\/\/sacrebleuprod.fr\/wp-content\/uploads\/2024\/02\/SELECTION-OFFICIELLE-Anima-Mundi-2015-1-768x510.png 768w, https:\/\/sacrebleuprod.fr\/wp-content\/uploads\/2024\/02\/SELECTION-OFFICIELLE-Anima-Mundi-2015-1-1536x1020.png 1536w, https:\/\/sacrebleuprod.fr\/wp-content\/uploads\/2024\/02\/SELECTION-OFFICIELLE-Anima-Mundi-2015-1.png 1735w\" sizes=\"(max-width: 1024px) 100vw, 1024px\" \/>\t\t\t\t\t\t\t\t\t\t\t\t\t\t\t<\/div>\n\t\t\t\t<\/div>\n\t\t\t\t<\/div>\n\t\t\t\t<div class=\"elementor-element elementor-element-69f3445 elementor-widget__width-initial elementor-widget elementor-widget-image\" data-id=\"69f3445\" data-element_type=\"widget\" data-e-type=\"widget\" data-widget_type=\"image.default\">\n\t\t\t\t<div class=\"elementor-widget-container\">\n\t\t\t\t\t\t\t\t\t\t\t\t\t\t\t<img decoding=\"async\" width=\"1024\" height=\"680\" src=\"https:\/\/sacrebleuprod.fr\/wp-content\/uploads\/2024\/02\/SELECTION-OFFICIELLE-Festival-du-film-court-en-plein-air-de-Grenoble-2015-1-1024x680.png\" class=\"attachment-large size-large wp-image-5077\" alt=\"\" srcset=\"https:\/\/sacrebleuprod.fr\/wp-content\/uploads\/2024\/02\/SELECTION-OFFICIELLE-Festival-du-film-court-en-plein-air-de-Grenoble-2015-1-1024x680.png 1024w, https:\/\/sacrebleuprod.fr\/wp-content\/uploads\/2024\/02\/SELECTION-OFFICIELLE-Festival-du-film-court-en-plein-air-de-Grenoble-2015-1-600x398.png 600w, https:\/\/sacrebleuprod.fr\/wp-content\/uploads\/2024\/02\/SELECTION-OFFICIELLE-Festival-du-film-court-en-plein-air-de-Grenoble-2015-1-300x199.png 300w, https:\/\/sacrebleuprod.fr\/wp-content\/uploads\/2024\/02\/SELECTION-OFFICIELLE-Festival-du-film-court-en-plein-air-de-Grenoble-2015-1-768x510.png 768w, https:\/\/sacrebleuprod.fr\/wp-content\/uploads\/2024\/02\/SELECTION-OFFICIELLE-Festival-du-film-court-en-plein-air-de-Grenoble-2015-1-1536x1020.png 1536w, https:\/\/sacrebleuprod.fr\/wp-content\/uploads\/2024\/02\/SELECTION-OFFICIELLE-Festival-du-film-court-en-plein-air-de-Grenoble-2015-1.png 1735w\" sizes=\"(max-width: 1024px) 100vw, 1024px\" \/>\t\t\t\t\t\t\t\t\t\t\t\t\t\t\t<\/div>\n\t\t\t\t<\/div>\n\t\t<div class=\"elementor-element elementor-element-ac3e6c5 e-con-full e-flex e-con e-child\" data-id=\"ac3e6c5\" data-element_type=\"container\" data-e-type=\"container\">\n\t\t\t\t<div class=\"elementor-element elementor-element-387e8f7 elementor-widget elementor-widget-image\" data-id=\"387e8f7\" data-element_type=\"widget\" data-e-type=\"widget\" data-widget_type=\"image.default\">\n\t\t\t\t<div class=\"elementor-widget-container\">\n\t\t\t\t\t\t\t\t\t\t\t\t\t\t\t<img loading=\"lazy\" decoding=\"async\" width=\"1024\" height=\"680\" src=\"https:\/\/sacrebleuprod.fr\/wp-content\/uploads\/2024\/02\/SELECTION-OFFICIELLE-Festival-international-de-cinma-de-Gijn-2015-1-1024x680.png\" class=\"attachment-large size-large wp-image-5076\" alt=\"\" srcset=\"https:\/\/sacrebleuprod.fr\/wp-content\/uploads\/2024\/02\/SELECTION-OFFICIELLE-Festival-international-de-cinma-de-Gijn-2015-1-1024x680.png 1024w, https:\/\/sacrebleuprod.fr\/wp-content\/uploads\/2024\/02\/SELECTION-OFFICIELLE-Festival-international-de-cinma-de-Gijn-2015-1-600x398.png 600w, https:\/\/sacrebleuprod.fr\/wp-content\/uploads\/2024\/02\/SELECTION-OFFICIELLE-Festival-international-de-cinma-de-Gijn-2015-1-300x199.png 300w, https:\/\/sacrebleuprod.fr\/wp-content\/uploads\/2024\/02\/SELECTION-OFFICIELLE-Festival-international-de-cinma-de-Gijn-2015-1-768x510.png 768w, https:\/\/sacrebleuprod.fr\/wp-content\/uploads\/2024\/02\/SELECTION-OFFICIELLE-Festival-international-de-cinma-de-Gijn-2015-1-1536x1020.png 1536w, https:\/\/sacrebleuprod.fr\/wp-content\/uploads\/2024\/02\/SELECTION-OFFICIELLE-Festival-international-de-cinma-de-Gijn-2015-1.png 1735w\" sizes=\"(max-width: 1024px) 100vw, 1024px\" \/>\t\t\t\t\t\t\t\t\t\t\t\t\t\t\t<\/div>\n\t\t\t\t<\/div>\n\t\t\t\t<\/div>\n\t\t\t\t\t<\/div>\n\t\t\t\t<\/div>\n\t\t<div class=\"elementor-element elementor-element-85935a1 e-con-full e-flex e-con e-parent\" data-id=\"85935a1\" data-element_type=\"container\" data-e-type=\"container\">\n\t\t\t\t<div class=\"elementor-element elementor-element-df2f944 elementor-align-center elementor-widget elementor-widget-button\" data-id=\"df2f944\" data-element_type=\"widget\" data-e-type=\"widget\" data-widget_type=\"button.default\">\n\t\t\t\t<div class=\"elementor-widget-container\">\n\t\t\t\t\t\t\t\t\t<div class=\"elementor-button-wrapper\">\n\t\t\t\t\t<a class=\"elementor-button elementor-button-link elementor-size-sm\" href=\"http:\/\/sacrebleuprod.fr\/wp-content\/uploads\/2024\/02\/FT_Acoustic-Kitty-1.pdf\" target=\"_blank\">\n\t\t\t\t\t\t<span class=\"elementor-button-content-wrapper\">\n\t\t\t\t\t\t\t\t\t<span class=\"elementor-button-text\">Fiche Technique<\/span>\n\t\t\t\t\t<\/span>\n\t\t\t\t\t<\/a>\n\t\t\t\t<\/div>\n\t\t\t\t\t\t\t\t<\/div>\n\t\t\t\t<\/div>\n\t\t\t\t<\/div>\n\t\t<div class=\"elementor-element elementor-element-47a90a1 e-flex e-con-boxed e-con e-parent\" data-id=\"47a90a1\" data-element_type=\"container\" data-e-type=\"container\">\n\t\t\t\t\t<div class=\"e-con-inner\">\n\t\t<div class=\"elementor-element elementor-element-af61413 e-con-full e-flex e-con e-child\" data-id=\"af61413\" data-element_type=\"container\" data-e-type=\"container\">\n\t\t\t\t<div class=\"elementor-element elementor-element-f15ecab elementor-widget elementor-widget-image\" data-id=\"f15ecab\" data-element_type=\"widget\" data-e-type=\"widget\" data-widget_type=\"image.default\">\n\t\t\t\t<div class=\"elementor-widget-container\">\n\t\t\t\t\t\t\t\t\t\t\t\t\t\t\t<img loading=\"lazy\" decoding=\"async\" width=\"1024\" height=\"576\" src=\"https:\/\/sacrebleuprod.fr\/wp-content\/uploads\/2024\/02\/PHOTO-6-Acoustic-Kitty-1024x576.jpeg\" class=\"attachment-large size-large wp-image-3973\" alt=\"\" srcset=\"https:\/\/sacrebleuprod.fr\/wp-content\/uploads\/2024\/02\/PHOTO-6-Acoustic-Kitty-1024x576.jpeg 1024w, https:\/\/sacrebleuprod.fr\/wp-content\/uploads\/2024\/02\/PHOTO-6-Acoustic-Kitty-600x338.jpeg 600w, https:\/\/sacrebleuprod.fr\/wp-content\/uploads\/2024\/02\/PHOTO-6-Acoustic-Kitty-300x169.jpeg 300w, https:\/\/sacrebleuprod.fr\/wp-content\/uploads\/2024\/02\/PHOTO-6-Acoustic-Kitty-768x432.jpeg 768w, https:\/\/sacrebleuprod.fr\/wp-content\/uploads\/2024\/02\/PHOTO-6-Acoustic-Kitty-1536x864.jpeg 1536w, https:\/\/sacrebleuprod.fr\/wp-content\/uploads\/2024\/02\/PHOTO-6-Acoustic-Kitty.jpeg 1920w\" sizes=\"(max-width: 1024px) 100vw, 1024px\" \/>\t\t\t\t\t\t\t\t\t\t\t\t\t\t\t<\/div>\n\t\t\t\t<\/div>\n\t\t\t\t<div class=\"elementor-element elementor-element-4393d6e elementor-widget__width-initial elementor-widget elementor-widget-image\" data-id=\"4393d6e\" data-element_type=\"widget\" data-e-type=\"widget\" data-settings=\"{&quot;_animation&quot;:&quot;none&quot;}\" data-widget_type=\"image.default\">\n\t\t\t\t<div class=\"elementor-widget-container\">\n\t\t\t\t\t\t\t\t\t\t\t\t\t\t\t<img loading=\"lazy\" decoding=\"async\" width=\"1024\" height=\"576\" src=\"https:\/\/sacrebleuprod.fr\/wp-content\/uploads\/2024\/02\/PHOTO-4-Acoustic-Kitty-1024x576.jpeg\" class=\"attachment-large size-large wp-image-3975\" alt=\"\" srcset=\"https:\/\/sacrebleuprod.fr\/wp-content\/uploads\/2024\/02\/PHOTO-4-Acoustic-Kitty-1024x576.jpeg 1024w, https:\/\/sacrebleuprod.fr\/wp-content\/uploads\/2024\/02\/PHOTO-4-Acoustic-Kitty-600x338.jpeg 600w, https:\/\/sacrebleuprod.fr\/wp-content\/uploads\/2024\/02\/PHOTO-4-Acoustic-Kitty-300x169.jpeg 300w, https:\/\/sacrebleuprod.fr\/wp-content\/uploads\/2024\/02\/PHOTO-4-Acoustic-Kitty-768x432.jpeg 768w, https:\/\/sacrebleuprod.fr\/wp-content\/uploads\/2024\/02\/PHOTO-4-Acoustic-Kitty-1536x864.jpeg 1536w, https:\/\/sacrebleuprod.fr\/wp-content\/uploads\/2024\/02\/PHOTO-4-Acoustic-Kitty.jpeg 1920w\" sizes=\"(max-width: 1024px) 100vw, 1024px\" \/>\t\t\t\t\t\t\t\t\t\t\t\t\t\t\t<\/div>\n\t\t\t\t<\/div>\n\t\t\t\t<\/div>\n\t\t<div class=\"elementor-element elementor-element-45695d5 e-con-full e-flex e-con e-child\" data-id=\"45695d5\" data-element_type=\"container\" data-e-type=\"container\">\n\t\t\t\t<div class=\"elementor-element elementor-element-73a1f73 elementor-widget__width-initial elementor-widget elementor-widget-image\" data-id=\"73a1f73\" data-element_type=\"widget\" data-e-type=\"widget\" data-widget_type=\"image.default\">\n\t\t\t\t<div class=\"elementor-widget-container\">\n\t\t\t\t\t\t\t\t\t\t\t\t\t\t\t<img loading=\"lazy\" decoding=\"async\" width=\"1024\" height=\"576\" src=\"https:\/\/sacrebleuprod.fr\/wp-content\/uploads\/2024\/02\/PHOTO-1-Acoustic-Kitty-1024x576.jpeg\" class=\"attachment-large size-large wp-image-3974\" alt=\"\" srcset=\"https:\/\/sacrebleuprod.fr\/wp-content\/uploads\/2024\/02\/PHOTO-1-Acoustic-Kitty-1024x576.jpeg 1024w, https:\/\/sacrebleuprod.fr\/wp-content\/uploads\/2024\/02\/PHOTO-1-Acoustic-Kitty-600x338.jpeg 600w, https:\/\/sacrebleuprod.fr\/wp-content\/uploads\/2024\/02\/PHOTO-1-Acoustic-Kitty-300x169.jpeg 300w, https:\/\/sacrebleuprod.fr\/wp-content\/uploads\/2024\/02\/PHOTO-1-Acoustic-Kitty-768x432.jpeg 768w, https:\/\/sacrebleuprod.fr\/wp-content\/uploads\/2024\/02\/PHOTO-1-Acoustic-Kitty-1536x864.jpeg 1536w, https:\/\/sacrebleuprod.fr\/wp-content\/uploads\/2024\/02\/PHOTO-1-Acoustic-Kitty.jpeg 1920w\" sizes=\"(max-width: 1024px) 100vw, 1024px\" \/>\t\t\t\t\t\t\t\t\t\t\t\t\t\t\t<\/div>\n\t\t\t\t<\/div>\n\t\t\t\t<div class=\"elementor-element elementor-element-c66f54c elementor-widget__width-initial elementor-widget elementor-widget-image\" data-id=\"c66f54c\" data-element_type=\"widget\" data-e-type=\"widget\" data-widget_type=\"image.default\">\n\t\t\t\t<div class=\"elementor-widget-container\">\n\t\t\t\t\t\t\t\t\t\t\t\t\t\t\t<img loading=\"lazy\" decoding=\"async\" width=\"1024\" height=\"576\" src=\"https:\/\/sacrebleuprod.fr\/wp-content\/uploads\/2024\/02\/PHOTO-3-Acoustic-Kitty-1024x576.jpeg\" class=\"attachment-large size-large wp-image-3976\" alt=\"\" srcset=\"https:\/\/sacrebleuprod.fr\/wp-content\/uploads\/2024\/02\/PHOTO-3-Acoustic-Kitty-1024x576.jpeg 1024w, https:\/\/sacrebleuprod.fr\/wp-content\/uploads\/2024\/02\/PHOTO-3-Acoustic-Kitty-600x338.jpeg 600w, https:\/\/sacrebleuprod.fr\/wp-content\/uploads\/2024\/02\/PHOTO-3-Acoustic-Kitty-300x169.jpeg 300w, https:\/\/sacrebleuprod.fr\/wp-content\/uploads\/2024\/02\/PHOTO-3-Acoustic-Kitty-768x432.jpeg 768w, https:\/\/sacrebleuprod.fr\/wp-content\/uploads\/2024\/02\/PHOTO-3-Acoustic-Kitty-1536x864.jpeg 1536w, https:\/\/sacrebleuprod.fr\/wp-content\/uploads\/2024\/02\/PHOTO-3-Acoustic-Kitty.jpeg 1920w\" sizes=\"(max-width: 1024px) 100vw, 1024px\" \/>\t\t\t\t\t\t\t\t\t\t\t\t\t\t\t<\/div>\n\t\t\t\t<\/div>\n\t\t\t\t<\/div>\n\t\t\t\t\t<\/div>\n\t\t\t\t<\/div>\n\t\t\t\t<\/div>\n\t\t","protected":false},"excerpt":{"rendered":"<p>Acoustic Kitty Animation 2D &amp; 3D-12&#8242;-Tous publics R\u00e9alisateur &amp; Sc\u00e9nariste: Ron Dyens Auteurs graphiques: Orn\u00e9lie Prioul &amp; Paul Nivet Compositeur: Arno Alyvan Production: Sacrebleu Productions \u00ab ACOUSTIC KITTY \u00bb est un film l\u00e9ger qui traite, de fa\u00e7on humoristique, de la course aux armements et de l\u2019absurdit\u00e9 des moyens mis en oeuvre lors de la Guerre [&hellip;]<\/p>\n","protected":false},"author":1,"featured_media":0,"parent":1559,"menu_order":0,"comment_status":"closed","ping_status":"closed","template":"","meta":{"site-sidebar-layout":"no-sidebar","site-content-layout":"page-builder","ast-site-content-layout":"default","site-content-style":"default","site-sidebar-style":"default","ast-global-header-display":"","ast-banner-title-visibility":"","ast-main-header-display":"","ast-hfb-above-header-display":"","ast-hfb-below-header-display":"","ast-hfb-mobile-header-display":"","site-post-title":"disabled","ast-breadcrumbs-content":"","ast-featured-img":"disabled","footer-sml-layout":"","ast-disable-related-posts":"","theme-transparent-header-meta":"","adv-header-id-meta":"","stick-header-meta":"","header-above-stick-meta":"","header-main-stick-meta":"","header-below-stick-meta":"","astra-migrate-meta-layouts":"set","ast-page-background-enabled":"default","ast-page-background-meta":{"desktop":{"background-color":"var(--ast-global-color-4)","background-image":"","background-repeat":"repeat","background-position":"center center","background-size":"auto","background-attachment":"scroll","background-type":"","background-media":"","overlay-type":"","overlay-color":"","overlay-opacity":"","overlay-gradient":""},"tablet":{"background-color":"","background-image":"","background-repeat":"repeat","background-position":"center center","background-size":"auto","background-attachment":"scroll","background-type":"","background-media":"","overlay-type":"","overlay-color":"","overlay-opacity":"","overlay-gradient":""},"mobile":{"background-color":"","background-image":"","background-repeat":"repeat","background-position":"center center","background-size":"auto","background-attachment":"scroll","background-type":"","background-media":"","overlay-type":"","overlay-color":"","overlay-opacity":"","overlay-gradient":""}},"ast-content-background-meta":{"desktop":{"background-color":"var(--ast-global-color-5)","background-image":"","background-repeat":"repeat","background-position":"center center","background-size":"auto","background-attachment":"scroll","background-type":"","background-media":"","overlay-type":"","overlay-color":"","overlay-opacity":"","overlay-gradient":""},"tablet":{"background-color":"var(--ast-global-color-5)","background-image":"","background-repeat":"repeat","background-position":"center center","background-size":"auto","background-attachment":"scroll","background-type":"","background-media":"","overlay-type":"","overlay-color":"","overlay-opacity":"","overlay-gradient":""},"mobile":{"background-color":"var(--ast-global-color-5)","background-image":"","background-repeat":"repeat","background-position":"center center","background-size":"auto","background-attachment":"scroll","background-type":"","background-media":"","overlay-type":"","overlay-color":"","overlay-opacity":"","overlay-gradient":""}},"footnotes":""},"class_list":["post-3968","page","type-page","status-publish","hentry"],"_links":{"self":[{"href":"https:\/\/sacrebleuprod.fr\/index.php?rest_route=\/wp\/v2\/pages\/3968","targetHints":{"allow":["GET"]}}],"collection":[{"href":"https:\/\/sacrebleuprod.fr\/index.php?rest_route=\/wp\/v2\/pages"}],"about":[{"href":"https:\/\/sacrebleuprod.fr\/index.php?rest_route=\/wp\/v2\/types\/page"}],"author":[{"embeddable":true,"href":"https:\/\/sacrebleuprod.fr\/index.php?rest_route=\/wp\/v2\/users\/1"}],"replies":[{"embeddable":true,"href":"https:\/\/sacrebleuprod.fr\/index.php?rest_route=%2Fwp%2Fv2%2Fcomments&post=3968"}],"version-history":[{"count":40,"href":"https:\/\/sacrebleuprod.fr\/index.php?rest_route=\/wp\/v2\/pages\/3968\/revisions"}],"predecessor-version":[{"id":14784,"href":"https:\/\/sacrebleuprod.fr\/index.php?rest_route=\/wp\/v2\/pages\/3968\/revisions\/14784"}],"up":[{"embeddable":true,"href":"https:\/\/sacrebleuprod.fr\/index.php?rest_route=\/wp\/v2\/pages\/1559"}],"wp:attachment":[{"href":"https:\/\/sacrebleuprod.fr\/index.php?rest_route=%2Fwp%2Fv2%2Fmedia&parent=3968"}],"curies":[{"name":"wp","href":"https:\/\/api.w.org\/{rel}","templated":true}]}}