{"id":4087,"date":"2024-02-06T12:21:27","date_gmt":"2024-02-06T11:21:27","guid":{"rendered":"https:\/\/sacrebleuprod.fr\/?page_id=4087"},"modified":"2025-06-24T11:48:57","modified_gmt":"2025-06-24T09:48:57","slug":"fil-derrance","status":"publish","type":"page","link":"https:\/\/sacrebleuprod.fr\/?page_id=4087","title":{"rendered":"Fil d&#8217;errance"},"content":{"rendered":"\t\t<div data-elementor-type=\"wp-page\" data-elementor-id=\"4087\" class=\"elementor elementor-4087\">\n\t\t\t\t<div class=\"elementor-element elementor-element-6b201a0 e-flex e-con-boxed e-con e-parent\" data-id=\"6b201a0\" data-element_type=\"container\" data-e-type=\"container\">\n\t\t\t\t\t<div class=\"e-con-inner\">\n\t\t<div class=\"elementor-element elementor-element-6616919 e-con-full e-flex e-con e-child\" data-id=\"6616919\" data-element_type=\"container\" data-e-type=\"container\">\n\t\t\t\t<div class=\"elementor-element elementor-element-87dceae elementor-widget elementor-widget-image\" data-id=\"87dceae\" data-element_type=\"widget\" data-e-type=\"widget\" data-widget_type=\"image.default\">\n\t\t\t\t<div class=\"elementor-widget-container\">\n\t\t\t\t\t\t\t\t\t\t\t\t\t\t\t<img fetchpriority=\"high\" decoding=\"async\" width=\"724\" height=\"1024\" src=\"https:\/\/sacrebleuprod.fr\/wp-content\/uploads\/2024\/02\/Fil-derrance-724x1024.jpg\" class=\"attachment-large size-large wp-image-4090\" alt=\"\" srcset=\"https:\/\/sacrebleuprod.fr\/wp-content\/uploads\/2024\/02\/Fil-derrance-724x1024.jpg 724w, https:\/\/sacrebleuprod.fr\/wp-content\/uploads\/2024\/02\/Fil-derrance-scaled-600x849.jpg 600w, https:\/\/sacrebleuprod.fr\/wp-content\/uploads\/2024\/02\/Fil-derrance-212x300.jpg 212w, https:\/\/sacrebleuprod.fr\/wp-content\/uploads\/2024\/02\/Fil-derrance-768x1086.jpg 768w, https:\/\/sacrebleuprod.fr\/wp-content\/uploads\/2024\/02\/Fil-derrance-1086x1536.jpg 1086w, https:\/\/sacrebleuprod.fr\/wp-content\/uploads\/2024\/02\/Fil-derrance-1448x2048.jpg 1448w, https:\/\/sacrebleuprod.fr\/wp-content\/uploads\/2024\/02\/Fil-derrance-scaled.jpg 1810w\" sizes=\"(max-width: 724px) 100vw, 724px\" \/>\t\t\t\t\t\t\t\t\t\t\t\t\t\t\t<\/div>\n\t\t\t\t<\/div>\n\t\t\t\t<\/div>\n\t\t<div class=\"elementor-element elementor-element-56c038b e-con-full e-flex e-con e-child\" data-id=\"56c038b\" data-element_type=\"container\" data-e-type=\"container\">\n\t\t<div class=\"elementor-element elementor-element-38ec7c1 e-con-full e-flex e-con e-child\" data-id=\"38ec7c1\" data-element_type=\"container\" data-e-type=\"container\">\n\t\t\t\t<div class=\"elementor-element elementor-element-0f6e591 elementor-widget elementor-widget-heading\" data-id=\"0f6e591\" data-element_type=\"widget\" data-e-type=\"widget\" data-widget_type=\"heading.default\">\n\t\t\t\t<div class=\"elementor-widget-container\">\n\t\t\t\t\t<h2 class=\"elementor-heading-title elementor-size-default\">Fil d'errance<\/h2>\t\t\t\t<\/div>\n\t\t\t\t<\/div>\n\t\t\t\t<\/div>\n\t\t<div class=\"elementor-element elementor-element-f60dab3 e-con-full e-flex e-con e-child\" data-id=\"f60dab3\" data-element_type=\"container\" data-e-type=\"container\">\n\t\t\t\t<div class=\"elementor-element elementor-element-15f3737 elementor-widget elementor-widget-text-editor\" data-id=\"15f3737\" data-element_type=\"widget\" data-e-type=\"widget\" data-widget_type=\"text-editor.default\">\n\t\t\t\t<div class=\"elementor-widget-container\">\n\t\t\t\t\t\t\t\t\t<h2 class=\"elementor-heading-title elementor-size-medium elementor-inline-editing pen\" style=\"font-size: 19px; font-style: normal; font-weight: 400; margin-bottom: 0px; color: #000000; font-family: Urbanist, sans-serif; text-align: justify;\" data-elementor-setting-key=\"title\" data-pen-placeholder=\"Type Here...\"><span style=\"font-weight: bold;\">Animation 2D-14&#8242;<\/span> <br \/><br \/><br \/><span style=\"font-weight: bold;\">R\u00e9alisateurs &amp; Auteurs graphiques :<\/span> <a href=\"https:\/\/sacrebleuprod.fr\/?page_id=17191\">Boris Labb\u00e9<\/a> &amp; Ryo Orikasa<br \/><br \/><span style=\"font-weight: bold; white-space-collapse: collapse;\">Sc\u00e9nariste:\u00a0<\/span><a href=\"https:\/\/sacrebleuprod.fr\/?page_id=17191\">Boris Labb\u00e9<\/a><span style=\"font-weight: bold; white-space-collapse: collapse;\"><br \/><\/span><br \/><span style=\"font-weight: bold;\">Production :<\/span> Sacrebleu Productions<br \/><br \/><br \/>Int\u00e9rieur et ext\u00e9rieur, transparence et opacit\u00e9, exhibitionnisme et voyeurisme, f\u00e9minin et masculin; toutes ces notions s&#8217;opposent ou s&#8217;unissent dans le cycle infini d&#8217;un labyrinthe sans issue. L&#8217;existence ici est telle un m\u00e9tier \u00e0 tisser dont la trame vivante est ourdit d&#8217;une myriade de fils et sentiers qui bifurquent.<\/h2>\t\t\t\t\t\t\t\t<\/div>\n\t\t\t\t<\/div>\n\t\t\t\t<\/div>\n\t\t\t\t<\/div>\n\t\t\t\t\t<\/div>\n\t\t\t\t<\/div>\n\t\t<div class=\"elementor-element elementor-element-df6d2fc e-flex e-con-boxed e-con e-parent\" data-id=\"df6d2fc\" data-element_type=\"container\" data-e-type=\"container\">\n\t\t\t\t\t<div class=\"e-con-inner\">\n\t\t<div class=\"elementor-element elementor-element-a7923ab e-con-full e-flex e-con e-child\" data-id=\"a7923ab\" data-element_type=\"container\" data-e-type=\"container\">\n\t\t\t\t<div class=\"elementor-element elementor-element-4ea4f79 elementor-widget__width-initial elementor-widget elementor-widget-image\" data-id=\"4ea4f79\" data-element_type=\"widget\" data-e-type=\"widget\" data-widget_type=\"image.default\">\n\t\t\t\t<div class=\"elementor-widget-container\">\n\t\t\t\t\t\t\t\t\t\t\t\t\t\t\t<img decoding=\"async\" width=\"1024\" height=\"178\" src=\"https:\/\/sacrebleuprod.fr\/wp-content\/uploads\/2024\/10\/France.tv_-_logo_2022.svg-1024x178.png\" class=\"attachment-large size-large wp-image-11598\" alt=\"\" srcset=\"https:\/\/sacrebleuprod.fr\/wp-content\/uploads\/2024\/10\/France.tv_-_logo_2022.svg-1024x178.png 1024w, https:\/\/sacrebleuprod.fr\/wp-content\/uploads\/2024\/10\/France.tv_-_logo_2022.svg-600x104.png 600w, https:\/\/sacrebleuprod.fr\/wp-content\/uploads\/2024\/10\/France.tv_-_logo_2022.svg-300x52.png 300w, https:\/\/sacrebleuprod.fr\/wp-content\/uploads\/2024\/10\/France.tv_-_logo_2022.svg-768x133.png 768w, https:\/\/sacrebleuprod.fr\/wp-content\/uploads\/2024\/10\/France.tv_-_logo_2022.svg-1536x266.png 1536w, https:\/\/sacrebleuprod.fr\/wp-content\/uploads\/2024\/10\/France.tv_-_logo_2022.svg-2048x355.png 2048w\" sizes=\"(max-width: 1024px) 100vw, 1024px\" \/>\t\t\t\t\t\t\t\t\t\t\t\t\t\t\t<\/div>\n\t\t\t\t<\/div>\n\t\t\t\t<\/div>\n\t\t\t\t\t<\/div>\n\t\t\t\t<\/div>\n\t\t<div class=\"elementor-element elementor-element-60acea6 e-con-full e-flex e-con e-parent\" data-id=\"60acea6\" data-element_type=\"container\" data-e-type=\"container\">\n\t\t<div class=\"elementor-element elementor-element-8233b4b e-con-full e-flex e-con e-child\" data-id=\"8233b4b\" data-element_type=\"container\" data-e-type=\"container\">\n\t\t\t\t<div class=\"elementor-element elementor-element-c0846a4 elementor-widget__width-initial elementor-widget elementor-widget-image\" data-id=\"c0846a4\" data-element_type=\"widget\" data-e-type=\"widget\" data-widget_type=\"image.default\">\n\t\t\t\t<div class=\"elementor-widget-container\">\n\t\t\t\t\t\t\t\t\t\t\t\t\t\t\t<img decoding=\"async\" width=\"490\" height=\"265\" src=\"https:\/\/sacrebleuprod.fr\/wp-content\/uploads\/2024\/04\/Capture-decran-2024-04-12-a-10.04.57-e1729759315411.png\" class=\"attachment-1536x1536 size-1536x1536 wp-image-5741\" alt=\"\" srcset=\"https:\/\/sacrebleuprod.fr\/wp-content\/uploads\/2024\/04\/Capture-decran-2024-04-12-a-10.04.57-e1729759315411.png 490w, https:\/\/sacrebleuprod.fr\/wp-content\/uploads\/2024\/04\/Capture-decran-2024-04-12-a-10.04.57-e1729759315411-300x162.png 300w\" sizes=\"(max-width: 490px) 100vw, 490px\" \/>\t\t\t\t\t\t\t\t\t\t\t\t\t\t\t<\/div>\n\t\t\t\t<\/div>\n\t\t\t\t<\/div>\n\t\t<div class=\"elementor-element elementor-element-ff456e3 e-con-full e-flex e-con e-child\" data-id=\"ff456e3\" data-element_type=\"container\" data-e-type=\"container\">\n\t\t\t\t<div class=\"elementor-element elementor-element-a900304 elementor-widget__width-initial elementor-widget elementor-widget-image\" data-id=\"a900304\" data-element_type=\"widget\" data-e-type=\"widget\" data-widget_type=\"image.default\">\n\t\t\t\t<div class=\"elementor-widget-container\">\n\t\t\t\t\t\t\t\t\t\t\t\t\t\t\t<img loading=\"lazy\" decoding=\"async\" width=\"364\" height=\"217\" src=\"https:\/\/sacrebleuprod.fr\/wp-content\/uploads\/2024\/04\/Capture-decran-2024-04-12-a-10.05.29-1.png\" class=\"attachment-large size-large wp-image-5743\" alt=\"\" srcset=\"https:\/\/sacrebleuprod.fr\/wp-content\/uploads\/2024\/04\/Capture-decran-2024-04-12-a-10.05.29-1.png 364w, https:\/\/sacrebleuprod.fr\/wp-content\/uploads\/2024\/04\/Capture-decran-2024-04-12-a-10.05.29-1-300x179.png 300w\" sizes=\"(max-width: 364px) 100vw, 364px\" \/>\t\t\t\t\t\t\t\t\t\t\t\t\t\t\t<\/div>\n\t\t\t\t<\/div>\n\t\t\t\t<\/div>\n\t\t<div class=\"elementor-element elementor-element-883927e e-con-full e-flex e-con e-child\" data-id=\"883927e\" data-element_type=\"container\" data-e-type=\"container\">\n\t\t\t\t<div class=\"elementor-element elementor-element-035724d elementor-widget__width-initial elementor-widget elementor-widget-image\" data-id=\"035724d\" data-element_type=\"widget\" data-e-type=\"widget\" data-widget_type=\"image.default\">\n\t\t\t\t<div class=\"elementor-widget-container\">\n\t\t\t\t\t\t\t\t\t\t\t\t\t\t\t<img loading=\"lazy\" decoding=\"async\" width=\"364\" height=\"214\" src=\"https:\/\/sacrebleuprod.fr\/wp-content\/uploads\/2024\/04\/Capture-decran-2024-04-12-a-10.05.40.png\" class=\"attachment-large size-large wp-image-5744\" alt=\"\" srcset=\"https:\/\/sacrebleuprod.fr\/wp-content\/uploads\/2024\/04\/Capture-decran-2024-04-12-a-10.05.40.png 364w, https:\/\/sacrebleuprod.fr\/wp-content\/uploads\/2024\/04\/Capture-decran-2024-04-12-a-10.05.40-300x176.png 300w\" sizes=\"(max-width: 364px) 100vw, 364px\" \/>\t\t\t\t\t\t\t\t\t\t\t\t\t\t\t<\/div>\n\t\t\t\t<\/div>\n\t\t\t\t<\/div>\n\t\t<div class=\"elementor-element elementor-element-b970079 e-con-full e-flex e-con e-child\" data-id=\"b970079\" data-element_type=\"container\" data-e-type=\"container\">\n\t\t\t\t<div class=\"elementor-element elementor-element-81ada19 elementor-widget elementor-widget-image\" data-id=\"81ada19\" data-element_type=\"widget\" data-e-type=\"widget\" data-widget_type=\"image.default\">\n\t\t\t\t<div class=\"elementor-widget-container\">\n\t\t\t\t\t\t\t\t\t\t\t\t\t\t\t<img loading=\"lazy\" decoding=\"async\" width=\"364\" height=\"212\" src=\"https:\/\/sacrebleuprod.fr\/wp-content\/uploads\/2024\/04\/Capture-decran-2024-04-12-a-10.06.08.png\" class=\"attachment-large size-large wp-image-5745\" alt=\"\" srcset=\"https:\/\/sacrebleuprod.fr\/wp-content\/uploads\/2024\/04\/Capture-decran-2024-04-12-a-10.06.08.png 364w, https:\/\/sacrebleuprod.fr\/wp-content\/uploads\/2024\/04\/Capture-decran-2024-04-12-a-10.06.08-300x175.png 300w\" sizes=\"(max-width: 364px) 100vw, 364px\" \/>\t\t\t\t\t\t\t\t\t\t\t\t\t\t\t<\/div>\n\t\t\t\t<\/div>\n\t\t\t\t<\/div>\n\t\t\t\t<\/div>\n\t\t\t\t<\/div>\n\t\t","protected":false},"excerpt":{"rendered":"<p>Fil d&#8217;errance Animation 2D-14&#8242; R\u00e9alisateurs &amp; Auteurs graphiques : Boris Labb\u00e9 &amp; Ryo Orikasa Sc\u00e9nariste:\u00a0Boris Labb\u00e9 Production : Sacrebleu Productions Int\u00e9rieur et ext\u00e9rieur, transparence et opacit\u00e9, exhibitionnisme et voyeurisme, f\u00e9minin et masculin; toutes ces notions s&#8217;opposent ou s&#8217;unissent dans le cycle infini d&#8217;un labyrinthe sans issue. L&#8217;existence ici est telle un m\u00e9tier \u00e0 tisser dont [&hellip;]<\/p>\n","protected":false},"author":1,"featured_media":0,"parent":1557,"menu_order":0,"comment_status":"closed","ping_status":"closed","template":"","meta":{"site-sidebar-layout":"no-sidebar","site-content-layout":"page-builder","ast-site-content-layout":"default","site-content-style":"default","site-sidebar-style":"default","ast-global-header-display":"","ast-banner-title-visibility":"","ast-main-header-display":"","ast-hfb-above-header-display":"","ast-hfb-below-header-display":"","ast-hfb-mobile-header-display":"","site-post-title":"disabled","ast-breadcrumbs-content":"","ast-featured-img":"disabled","footer-sml-layout":"","ast-disable-related-posts":"","theme-transparent-header-meta":"","adv-header-id-meta":"","stick-header-meta":"","header-above-stick-meta":"","header-main-stick-meta":"","header-below-stick-meta":"","astra-migrate-meta-layouts":"set","ast-page-background-enabled":"default","ast-page-background-meta":{"desktop":{"background-color":"var(--ast-global-color-4)","background-image":"","background-repeat":"repeat","background-position":"center center","background-size":"auto","background-attachment":"scroll","background-type":"","background-media":"","overlay-type":"","overlay-color":"","overlay-opacity":"","overlay-gradient":""},"tablet":{"background-color":"","background-image":"","background-repeat":"repeat","background-position":"center center","background-size":"auto","background-attachment":"scroll","background-type":"","background-media":"","overlay-type":"","overlay-color":"","overlay-opacity":"","overlay-gradient":""},"mobile":{"background-color":"","background-image":"","background-repeat":"repeat","background-position":"center center","background-size":"auto","background-attachment":"scroll","background-type":"","background-media":"","overlay-type":"","overlay-color":"","overlay-opacity":"","overlay-gradient":""}},"ast-content-background-meta":{"desktop":{"background-color":"var(--ast-global-color-5)","background-image":"","background-repeat":"repeat","background-position":"center center","background-size":"auto","background-attachment":"scroll","background-type":"","background-media":"","overlay-type":"","overlay-color":"","overlay-opacity":"","overlay-gradient":""},"tablet":{"background-color":"var(--ast-global-color-5)","background-image":"","background-repeat":"repeat","background-position":"center center","background-size":"auto","background-attachment":"scroll","background-type":"","background-media":"","overlay-type":"","overlay-color":"","overlay-opacity":"","overlay-gradient":""},"mobile":{"background-color":"var(--ast-global-color-5)","background-image":"","background-repeat":"repeat","background-position":"center center","background-size":"auto","background-attachment":"scroll","background-type":"","background-media":"","overlay-type":"","overlay-color":"","overlay-opacity":"","overlay-gradient":""}},"footnotes":""},"class_list":["post-4087","page","type-page","status-publish","hentry"],"_links":{"self":[{"href":"https:\/\/sacrebleuprod.fr\/index.php?rest_route=\/wp\/v2\/pages\/4087","targetHints":{"allow":["GET"]}}],"collection":[{"href":"https:\/\/sacrebleuprod.fr\/index.php?rest_route=\/wp\/v2\/pages"}],"about":[{"href":"https:\/\/sacrebleuprod.fr\/index.php?rest_route=\/wp\/v2\/types\/page"}],"author":[{"embeddable":true,"href":"https:\/\/sacrebleuprod.fr\/index.php?rest_route=\/wp\/v2\/users\/1"}],"replies":[{"embeddable":true,"href":"https:\/\/sacrebleuprod.fr\/index.php?rest_route=%2Fwp%2Fv2%2Fcomments&post=4087"}],"version-history":[{"count":61,"href":"https:\/\/sacrebleuprod.fr\/index.php?rest_route=\/wp\/v2\/pages\/4087\/revisions"}],"predecessor-version":[{"id":17539,"href":"https:\/\/sacrebleuprod.fr\/index.php?rest_route=\/wp\/v2\/pages\/4087\/revisions\/17539"}],"up":[{"embeddable":true,"href":"https:\/\/sacrebleuprod.fr\/index.php?rest_route=\/wp\/v2\/pages\/1557"}],"wp:attachment":[{"href":"https:\/\/sacrebleuprod.fr\/index.php?rest_route=%2Fwp%2Fv2%2Fmedia&parent=4087"}],"curies":[{"name":"wp","href":"https:\/\/api.w.org\/{rel}","templated":true}]}}