{"id":5214,"date":"2024-02-22T18:06:46","date_gmt":"2024-02-22T17:06:46","guid":{"rendered":"https:\/\/sacrebleuprod.fr\/?page_id=5214"},"modified":"2024-10-29T11:23:39","modified_gmt":"2024-10-29T10:23:39","slug":"blue-room","status":"publish","type":"page","link":"https:\/\/sacrebleuprod.fr\/?page_id=5214","title":{"rendered":"Blue Room"},"content":{"rendered":"\t\t<div data-elementor-type=\"wp-page\" data-elementor-id=\"5214\" class=\"elementor elementor-5214\">\n\t\t\t\t<div class=\"elementor-element elementor-element-2022d9e e-flex e-con-boxed e-con e-parent\" data-id=\"2022d9e\" data-element_type=\"container\" data-e-type=\"container\">\n\t\t\t\t\t<div class=\"e-con-inner\">\n\t\t<div class=\"elementor-element elementor-element-1fa887a e-con-full e-flex e-con e-child\" data-id=\"1fa887a\" data-element_type=\"container\" data-e-type=\"container\">\n\t\t\t\t<div class=\"elementor-element elementor-element-db7a753 elementor-widget elementor-widget-image\" data-id=\"db7a753\" data-element_type=\"widget\" data-e-type=\"widget\" data-widget_type=\"image.default\">\n\t\t\t\t<div class=\"elementor-widget-container\">\n\t\t\t\t\t\t\t\t\t\t\t\t\t\t\t<img fetchpriority=\"high\" decoding=\"async\" width=\"692\" height=\"1024\" src=\"https:\/\/sacrebleuprod.fr\/wp-content\/uploads\/2024\/02\/blue-room-poster-tomasz_version-01-scaled-e1727773818436-692x1024.jpg\" class=\"attachment-large size-large wp-image-5217\" alt=\"\" srcset=\"https:\/\/sacrebleuprod.fr\/wp-content\/uploads\/2024\/02\/blue-room-poster-tomasz_version-01-scaled-e1727773818436-692x1024.jpg 692w, https:\/\/sacrebleuprod.fr\/wp-content\/uploads\/2024\/02\/blue-room-poster-tomasz_version-01-scaled-e1727773818436-600x888.jpg 600w, https:\/\/sacrebleuprod.fr\/wp-content\/uploads\/2024\/02\/blue-room-poster-tomasz_version-01-scaled-e1727773818436-203x300.jpg 203w, https:\/\/sacrebleuprod.fr\/wp-content\/uploads\/2024\/02\/blue-room-poster-tomasz_version-01-scaled-e1727773818436-768x1136.jpg 768w, https:\/\/sacrebleuprod.fr\/wp-content\/uploads\/2024\/02\/blue-room-poster-tomasz_version-01-scaled-e1727773818436-1038x1536.jpg 1038w, https:\/\/sacrebleuprod.fr\/wp-content\/uploads\/2024\/02\/blue-room-poster-tomasz_version-01-scaled-e1727773818436-1384x2048.jpg 1384w, https:\/\/sacrebleuprod.fr\/wp-content\/uploads\/2024\/02\/blue-room-poster-tomasz_version-01-scaled-e1727773818436.jpg 1655w\" sizes=\"(max-width: 692px) 100vw, 692px\" \/>\t\t\t\t\t\t\t\t\t\t\t\t\t\t\t<\/div>\n\t\t\t\t<\/div>\n\t\t\t\t<\/div>\n\t\t<div class=\"elementor-element elementor-element-9720575 e-con-full e-flex e-con e-child\" data-id=\"9720575\" data-element_type=\"container\" data-e-type=\"container\">\n\t\t<div class=\"elementor-element elementor-element-a8e9064 e-flex e-con-boxed e-con e-child\" data-id=\"a8e9064\" data-element_type=\"container\" data-e-type=\"container\">\n\t\t\t\t\t<div class=\"e-con-inner\">\n\t\t\t\t<div class=\"elementor-element elementor-element-34a3aea elementor-widget elementor-widget-heading\" data-id=\"34a3aea\" data-element_type=\"widget\" data-e-type=\"widget\" data-widget_type=\"heading.default\">\n\t\t\t\t<div class=\"elementor-widget-container\">\n\t\t\t\t\t<h2 class=\"elementor-heading-title elementor-size-default\">Blue Room<\/h2>\t\t\t\t<\/div>\n\t\t\t\t<\/div>\n\t\t\t\t\t<\/div>\n\t\t\t\t<\/div>\n\t\t<div class=\"elementor-element elementor-element-d73f1dd e-flex e-con-boxed e-con e-child\" data-id=\"d73f1dd\" data-element_type=\"container\" data-e-type=\"container\">\n\t\t\t\t\t<div class=\"e-con-inner\">\n\t\t\t\t<div class=\"elementor-element elementor-element-b0d2820 elementor-widget__width-initial elementor-widget elementor-widget-heading\" data-id=\"b0d2820\" data-element_type=\"widget\" data-e-type=\"widget\" data-widget_type=\"heading.default\">\n\t\t\t\t<div class=\"elementor-widget-container\">\n\t\t\t\t\t<h2 class=\"elementor-heading-title elementor-size-medium\"><b>Peinture sur verre-14'26-Adulte<\/b>\n<br><br>\n<br><b>R\u00e9alisateur &amp; Sc\u00e9nariste:<\/b> Tomasz Siwinski <br><br><b>Compositeur:<\/b> R\u00e9mi Boubal<br><br><b>Production:<\/b> Sacrebleu Productions, Se-ma-for Produkcja<br><br><br><br>Un Homme se r\u00e9veille dans une chambre bleue. Il est coinc\u00e9. Il ne peut pas s'en \u00e9chapper. La fen\u00eatre est son seul lien avec le monde ext\u00e9rieur. Elle filtre myst\u00e9rieusement la r\u00e9alit\u00e9.<br><br><\/h2>\t\t\t\t<\/div>\n\t\t\t\t<\/div>\n\t\t\t\t\t<\/div>\n\t\t\t\t<\/div>\n\t\t\t\t<\/div>\n\t\t\t\t\t<\/div>\n\t\t\t\t<\/div>\n\t\t<div class=\"elementor-element elementor-element-30ba17f e-con-full e-flex e-con e-parent\" data-id=\"30ba17f\" data-element_type=\"container\" data-e-type=\"container\">\n\t\t\t\t<div class=\"elementor-element elementor-element-d9b9c10 elementor-widget elementor-widget-image\" data-id=\"d9b9c10\" data-element_type=\"widget\" data-e-type=\"widget\" data-widget_type=\"image.default\">\n\t\t\t\t<div class=\"elementor-widget-container\">\n\t\t\t\t\t\t\t\t\t\t\t\t\t\t\t<img decoding=\"async\" width=\"540\" height=\"146\" src=\"https:\/\/sacrebleuprod.fr\/wp-content\/uploads\/2023\/11\/logo-sign-charte-graphique-3.jpeg\" class=\"attachment-large size-large wp-image-2678\" alt=\"\" srcset=\"https:\/\/sacrebleuprod.fr\/wp-content\/uploads\/2023\/11\/logo-sign-charte-graphique-3.jpeg 540w, https:\/\/sacrebleuprod.fr\/wp-content\/uploads\/2023\/11\/logo-sign-charte-graphique-3-300x81.jpeg 300w\" sizes=\"(max-width: 540px) 100vw, 540px\" \/>\t\t\t\t\t\t\t\t\t\t\t\t\t\t\t<\/div>\n\t\t\t\t<\/div>\n\t\t\t\t<\/div>\n\t\t<div class=\"elementor-element elementor-element-ef301e8 e-con-full e-flex e-con e-parent\" data-id=\"ef301e8\" data-element_type=\"container\" data-e-type=\"container\">\n\t\t<div class=\"elementor-element elementor-element-c16e1f5 e-con-full e-flex e-con e-child\" data-id=\"c16e1f5\" data-element_type=\"container\" data-e-type=\"container\">\n\t\t\t\t<div class=\"elementor-element elementor-element-a9a54ff elementor-widget__width-initial elementor-widget elementor-widget-image\" data-id=\"a9a54ff\" data-element_type=\"widget\" data-e-type=\"widget\" data-widget_type=\"image.default\">\n\t\t\t\t<div class=\"elementor-widget-container\">\n\t\t\t\t\t\t\t\t\t\t\t\t\t\t\t<img decoding=\"async\" width=\"1024\" height=\"680\" src=\"https:\/\/sacrebleuprod.fr\/wp-content\/uploads\/2024\/02\/OFFICIAL-SELECTION-Animatou-2014-1024x680.png\" class=\"attachment-large size-large wp-image-5218\" alt=\"\" srcset=\"https:\/\/sacrebleuprod.fr\/wp-content\/uploads\/2024\/02\/OFFICIAL-SELECTION-Animatou-2014-1024x680.png 1024w, https:\/\/sacrebleuprod.fr\/wp-content\/uploads\/2024\/02\/OFFICIAL-SELECTION-Animatou-2014-600x398.png 600w, https:\/\/sacrebleuprod.fr\/wp-content\/uploads\/2024\/02\/OFFICIAL-SELECTION-Animatou-2014-300x199.png 300w, https:\/\/sacrebleuprod.fr\/wp-content\/uploads\/2024\/02\/OFFICIAL-SELECTION-Animatou-2014-768x510.png 768w, https:\/\/sacrebleuprod.fr\/wp-content\/uploads\/2024\/02\/OFFICIAL-SELECTION-Animatou-2014-1536x1020.png 1536w, https:\/\/sacrebleuprod.fr\/wp-content\/uploads\/2024\/02\/OFFICIAL-SELECTION-Animatou-2014.png 1735w\" sizes=\"(max-width: 1024px) 100vw, 1024px\" \/>\t\t\t\t\t\t\t\t\t\t\t\t\t\t\t<\/div>\n\t\t\t\t<\/div>\n\t\t\t\t<\/div>\n\t\t<div class=\"elementor-element elementor-element-1239dc7 e-con-full e-flex e-con e-child\" data-id=\"1239dc7\" data-element_type=\"container\" data-e-type=\"container\">\n\t\t\t\t<div class=\"elementor-element elementor-element-fcaa2a9 elementor-widget__width-initial elementor-widget elementor-widget-image\" data-id=\"fcaa2a9\" data-element_type=\"widget\" data-e-type=\"widget\" data-widget_type=\"image.default\">\n\t\t\t\t<div class=\"elementor-widget-container\">\n\t\t\t\t\t\t\t\t\t\t\t\t\t\t\t<img loading=\"lazy\" decoding=\"async\" width=\"772\" height=\"526\" src=\"https:\/\/sacrebleuprod.fr\/wp-content\/uploads\/2024\/02\/cannes-semaine-critique.jpeg\" class=\"attachment-large size-large wp-image-5219\" alt=\"\" srcset=\"https:\/\/sacrebleuprod.fr\/wp-content\/uploads\/2024\/02\/cannes-semaine-critique.jpeg 772w, https:\/\/sacrebleuprod.fr\/wp-content\/uploads\/2024\/02\/cannes-semaine-critique-600x409.jpeg 600w, https:\/\/sacrebleuprod.fr\/wp-content\/uploads\/2024\/02\/cannes-semaine-critique-300x204.jpeg 300w, https:\/\/sacrebleuprod.fr\/wp-content\/uploads\/2024\/02\/cannes-semaine-critique-768x523.jpeg 768w\" sizes=\"(max-width: 772px) 100vw, 772px\" \/>\t\t\t\t\t\t\t\t\t\t\t\t\t\t\t<\/div>\n\t\t\t\t<\/div>\n\t\t\t\t<\/div>\n\t\t<div class=\"elementor-element elementor-element-5d66e31 e-con-full e-flex e-con e-child\" data-id=\"5d66e31\" data-element_type=\"container\" data-e-type=\"container\">\n\t\t\t\t<div class=\"elementor-element elementor-element-f07daa3 elementor-widget__width-initial elementor-widget elementor-widget-image\" data-id=\"f07daa3\" data-element_type=\"widget\" data-e-type=\"widget\" data-widget_type=\"image.default\">\n\t\t\t\t<div class=\"elementor-widget-container\">\n\t\t\t\t\t\t\t\t\t\t\t\t\t\t\t<img loading=\"lazy\" decoding=\"async\" width=\"1024\" height=\"680\" src=\"https:\/\/sacrebleuprod.fr\/wp-content\/uploads\/2024\/02\/OFFICIAL-SELECTION-Lille-European-Cinema-Festival-2014-1024x680.png\" class=\"attachment-large size-large wp-image-5220\" alt=\"\" srcset=\"https:\/\/sacrebleuprod.fr\/wp-content\/uploads\/2024\/02\/OFFICIAL-SELECTION-Lille-European-Cinema-Festival-2014-1024x680.png 1024w, https:\/\/sacrebleuprod.fr\/wp-content\/uploads\/2024\/02\/OFFICIAL-SELECTION-Lille-European-Cinema-Festival-2014-600x398.png 600w, https:\/\/sacrebleuprod.fr\/wp-content\/uploads\/2024\/02\/OFFICIAL-SELECTION-Lille-European-Cinema-Festival-2014-300x199.png 300w, https:\/\/sacrebleuprod.fr\/wp-content\/uploads\/2024\/02\/OFFICIAL-SELECTION-Lille-European-Cinema-Festival-2014-768x510.png 768w, https:\/\/sacrebleuprod.fr\/wp-content\/uploads\/2024\/02\/OFFICIAL-SELECTION-Lille-European-Cinema-Festival-2014-1536x1020.png 1536w, https:\/\/sacrebleuprod.fr\/wp-content\/uploads\/2024\/02\/OFFICIAL-SELECTION-Lille-European-Cinema-Festival-2014.png 1735w\" sizes=\"(max-width: 1024px) 100vw, 1024px\" \/>\t\t\t\t\t\t\t\t\t\t\t\t\t\t\t<\/div>\n\t\t\t\t<\/div>\n\t\t\t\t<\/div>\n\t\t\t\t<\/div>\n\t\t<div class=\"elementor-element elementor-element-f3bd2d3 e-flex e-con-boxed e-con e-parent\" data-id=\"f3bd2d3\" data-element_type=\"container\" data-e-type=\"container\">\n\t\t\t\t\t<div class=\"e-con-inner\">\n\t\t<div class=\"elementor-element elementor-element-fac900a e-con-full e-flex e-con e-child\" data-id=\"fac900a\" data-element_type=\"container\" data-e-type=\"container\">\n\t\t\t\t<div class=\"elementor-element elementor-element-7edd8be elementor-align-center elementor-widget elementor-widget-button\" data-id=\"7edd8be\" data-element_type=\"widget\" data-e-type=\"widget\" data-widget_type=\"button.default\">\n\t\t\t\t<div class=\"elementor-widget-container\">\n\t\t\t\t\t\t\t\t\t<div class=\"elementor-button-wrapper\">\n\t\t\t\t\t<a class=\"elementor-button elementor-button-link elementor-size-sm\" href=\"http:\/\/sacrebleuprod.fr\/wp-content\/uploads\/2024\/02\/Fiche-technique-Blue-Room.pdf\" target=\"_blank\">\n\t\t\t\t\t\t<span class=\"elementor-button-content-wrapper\">\n\t\t\t\t\t\t\t\t\t<span class=\"elementor-button-text\">Fiche Technique<\/span>\n\t\t\t\t\t<\/span>\n\t\t\t\t\t<\/a>\n\t\t\t\t<\/div>\n\t\t\t\t\t\t\t\t<\/div>\n\t\t\t\t<\/div>\n\t\t\t\t<\/div>\n\t\t<div class=\"elementor-element elementor-element-45f2b09 e-con-full e-flex e-con e-child\" data-id=\"45f2b09\" data-element_type=\"container\" data-e-type=\"container\">\n\t\t\t\t<div class=\"elementor-element elementor-element-9be5e5f elementor-align-center elementor-widget elementor-widget-button\" data-id=\"9be5e5f\" data-element_type=\"widget\" data-e-type=\"widget\" data-widget_type=\"button.default\">\n\t\t\t\t<div class=\"elementor-widget-container\">\n\t\t\t\t\t\t\t\t\t<div class=\"elementor-button-wrapper\">\n\t\t\t\t\t<a class=\"elementor-button elementor-button-link elementor-size-sm\" href=\"https:\/\/www.disneyplus.com\/fr-fr\/browse\/entity-dde8420b-3a4b-4c25-88b5-38dbb02ddd52\" target=\"_blank\">\n\t\t\t\t\t\t<span class=\"elementor-button-content-wrapper\">\n\t\t\t\t\t\t\t\t\t<span class=\"elementor-button-text\">Voir le film sur Disney+<\/span>\n\t\t\t\t\t<\/span>\n\t\t\t\t\t<\/a>\n\t\t\t\t<\/div>\n\t\t\t\t\t\t\t\t<\/div>\n\t\t\t\t<\/div>\n\t\t\t\t<\/div>\n\t\t\t\t\t<\/div>\n\t\t\t\t<\/div>\n\t\t<div class=\"elementor-element elementor-element-ffae72a e-flex e-con-boxed e-con e-parent\" data-id=\"ffae72a\" data-element_type=\"container\" data-e-type=\"container\">\n\t\t\t\t\t<div class=\"e-con-inner\">\n\t\t\t\t<div class=\"elementor-element elementor-element-ba48c91 elementor-widget elementor-widget-video\" data-id=\"ba48c91\" data-element_type=\"widget\" data-e-type=\"widget\" data-settings=\"{&quot;video_type&quot;:&quot;vimeo&quot;}\" data-widget_type=\"video.default\">\n\t\t\t\t<div class=\"elementor-widget-container\">\n\t\t\t\t\t\t\t<div class=\"elementor-wrapper elementor-open-inline\">\n\t\t\t<iframe class=\"elementor-video-iframe\" allowfullscreen allow=\"clipboard-write\" title=\"Lecteur vid\u00e9o vimeo\" src=\"https:\/\/player.vimeo.com\/video\/92598315?color&amp;autopause=0&amp;loop=0&amp;muted=0&amp;title=1&amp;portrait=1&amp;byline=1#t=\"><\/iframe>\t\t<\/div>\n\t\t\t\t\t\t<\/div>\n\t\t\t\t<\/div>\n\t\t\t\t\t<\/div>\n\t\t\t\t<\/div>\n\t\t<div class=\"elementor-element elementor-element-9302de9 e-flex e-con-boxed e-con e-parent\" data-id=\"9302de9\" data-element_type=\"container\" data-e-type=\"container\">\n\t\t\t\t\t<div class=\"e-con-inner\">\n\t\t<div class=\"elementor-element elementor-element-4c61e5b e-con-full e-flex e-con e-child\" data-id=\"4c61e5b\" data-element_type=\"container\" data-e-type=\"container\">\n\t\t\t\t<div class=\"elementor-element elementor-element-3ec889b elementor-widget elementor-widget-image\" data-id=\"3ec889b\" data-element_type=\"widget\" data-e-type=\"widget\" data-widget_type=\"image.default\">\n\t\t\t\t<div class=\"elementor-widget-container\">\n\t\t\t\t\t\t\t\t\t\t\t\t\t\t\t<img loading=\"lazy\" decoding=\"async\" width=\"1024\" height=\"576\" src=\"https:\/\/sacrebleuprod.fr\/wp-content\/uploads\/2024\/02\/UneChambreBleue-1024x576.jpg\" class=\"attachment-large size-large wp-image-5223\" alt=\"\" srcset=\"https:\/\/sacrebleuprod.fr\/wp-content\/uploads\/2024\/02\/UneChambreBleue-1024x576.jpg 1024w, https:\/\/sacrebleuprod.fr\/wp-content\/uploads\/2024\/02\/UneChambreBleue-600x338.jpg 600w, https:\/\/sacrebleuprod.fr\/wp-content\/uploads\/2024\/02\/UneChambreBleue-300x169.jpg 300w, https:\/\/sacrebleuprod.fr\/wp-content\/uploads\/2024\/02\/UneChambreBleue-768x432.jpg 768w, https:\/\/sacrebleuprod.fr\/wp-content\/uploads\/2024\/02\/UneChambreBleue-1536x864.jpg 1536w, https:\/\/sacrebleuprod.fr\/wp-content\/uploads\/2024\/02\/UneChambreBleue.jpg 1920w\" sizes=\"(max-width: 1024px) 100vw, 1024px\" \/>\t\t\t\t\t\t\t\t\t\t\t\t\t\t\t<\/div>\n\t\t\t\t<\/div>\n\t\t\t\t<\/div>\n\t\t<div class=\"elementor-element elementor-element-8bd20aa e-con-full e-flex e-con e-child\" data-id=\"8bd20aa\" data-element_type=\"container\" data-e-type=\"container\">\n\t\t\t\t<div class=\"elementor-element elementor-element-73a1f73 elementor-widget elementor-widget-image\" data-id=\"73a1f73\" data-element_type=\"widget\" data-e-type=\"widget\" data-widget_type=\"image.default\">\n\t\t\t\t<div class=\"elementor-widget-container\">\n\t\t\t\t\t\t\t\t\t\t\t\t\t\t\t<img loading=\"lazy\" decoding=\"async\" width=\"1024\" height=\"576\" src=\"https:\/\/sacrebleuprod.fr\/wp-content\/uploads\/2024\/02\/UneChambreBleue-2-1024x576.jpg\" class=\"attachment-large size-large wp-image-5224\" alt=\"\" srcset=\"https:\/\/sacrebleuprod.fr\/wp-content\/uploads\/2024\/02\/UneChambreBleue-2-1024x576.jpg 1024w, https:\/\/sacrebleuprod.fr\/wp-content\/uploads\/2024\/02\/UneChambreBleue-2-600x338.jpg 600w, https:\/\/sacrebleuprod.fr\/wp-content\/uploads\/2024\/02\/UneChambreBleue-2-300x169.jpg 300w, https:\/\/sacrebleuprod.fr\/wp-content\/uploads\/2024\/02\/UneChambreBleue-2-768x432.jpg 768w, https:\/\/sacrebleuprod.fr\/wp-content\/uploads\/2024\/02\/UneChambreBleue-2-1536x864.jpg 1536w, https:\/\/sacrebleuprod.fr\/wp-content\/uploads\/2024\/02\/UneChambreBleue-2.jpg 1920w\" sizes=\"(max-width: 1024px) 100vw, 1024px\" \/>\t\t\t\t\t\t\t\t\t\t\t\t\t\t\t<\/div>\n\t\t\t\t<\/div>\n\t\t\t\t<\/div>\n\t\t<div class=\"elementor-element elementor-element-da224a3 e-con-full e-flex e-con e-child\" data-id=\"da224a3\" data-element_type=\"container\" data-e-type=\"container\">\n\t\t\t\t<div class=\"elementor-element elementor-element-6e61667 elementor-widget elementor-widget-image\" data-id=\"6e61667\" data-element_type=\"widget\" data-e-type=\"widget\" data-widget_type=\"image.default\">\n\t\t\t\t<div class=\"elementor-widget-container\">\n\t\t\t\t\t\t\t\t\t\t\t\t\t\t\t<img loading=\"lazy\" decoding=\"async\" width=\"1024\" height=\"576\" src=\"https:\/\/sacrebleuprod.fr\/wp-content\/uploads\/2024\/02\/UneChambreBleue-4-1024x576.jpg\" class=\"attachment-large size-large wp-image-5225\" alt=\"\" srcset=\"https:\/\/sacrebleuprod.fr\/wp-content\/uploads\/2024\/02\/UneChambreBleue-4-1024x576.jpg 1024w, https:\/\/sacrebleuprod.fr\/wp-content\/uploads\/2024\/02\/UneChambreBleue-4-600x338.jpg 600w, https:\/\/sacrebleuprod.fr\/wp-content\/uploads\/2024\/02\/UneChambreBleue-4-300x169.jpg 300w, https:\/\/sacrebleuprod.fr\/wp-content\/uploads\/2024\/02\/UneChambreBleue-4-768x432.jpg 768w, https:\/\/sacrebleuprod.fr\/wp-content\/uploads\/2024\/02\/UneChambreBleue-4-1536x864.jpg 1536w, https:\/\/sacrebleuprod.fr\/wp-content\/uploads\/2024\/02\/UneChambreBleue-4.jpg 1920w\" sizes=\"(max-width: 1024px) 100vw, 1024px\" \/>\t\t\t\t\t\t\t\t\t\t\t\t\t\t\t<\/div>\n\t\t\t\t<\/div>\n\t\t\t\t<\/div>\n\t\t<div class=\"elementor-element elementor-element-39f4eed e-con-full e-flex e-con e-child\" data-id=\"39f4eed\" data-element_type=\"container\" data-e-type=\"container\">\n\t\t\t\t<div class=\"elementor-element elementor-element-a3882ff elementor-widget elementor-widget-image\" data-id=\"a3882ff\" data-element_type=\"widget\" data-e-type=\"widget\" data-widget_type=\"image.default\">\n\t\t\t\t<div class=\"elementor-widget-container\">\n\t\t\t\t\t\t\t\t\t\t\t\t\t\t\t<img loading=\"lazy\" decoding=\"async\" width=\"1024\" height=\"576\" src=\"https:\/\/sacrebleuprod.fr\/wp-content\/uploads\/2024\/02\/UneChambreBleue-6-1024x576.jpg\" class=\"attachment-large size-large wp-image-5226\" alt=\"\" srcset=\"https:\/\/sacrebleuprod.fr\/wp-content\/uploads\/2024\/02\/UneChambreBleue-6-1024x576.jpg 1024w, https:\/\/sacrebleuprod.fr\/wp-content\/uploads\/2024\/02\/UneChambreBleue-6-600x338.jpg 600w, https:\/\/sacrebleuprod.fr\/wp-content\/uploads\/2024\/02\/UneChambreBleue-6-300x169.jpg 300w, https:\/\/sacrebleuprod.fr\/wp-content\/uploads\/2024\/02\/UneChambreBleue-6-768x432.jpg 768w, https:\/\/sacrebleuprod.fr\/wp-content\/uploads\/2024\/02\/UneChambreBleue-6-1536x864.jpg 1536w, https:\/\/sacrebleuprod.fr\/wp-content\/uploads\/2024\/02\/UneChambreBleue-6.jpg 1920w\" sizes=\"(max-width: 1024px) 100vw, 1024px\" \/>\t\t\t\t\t\t\t\t\t\t\t\t\t\t\t<\/div>\n\t\t\t\t<\/div>\n\t\t\t\t<\/div>\n\t\t\t\t\t<\/div>\n\t\t\t\t<\/div>\n\t\t\t\t<\/div>\n\t\t","protected":false},"excerpt":{"rendered":"<p>Blue Room Peinture sur verre-14&#8217;26-Adulte R\u00e9alisateur &amp; Sc\u00e9nariste: Tomasz Siwinski Compositeur: R\u00e9mi Boubal Production: Sacrebleu Productions, Se-ma-for Produkcja Un Homme se r\u00e9veille dans une chambre bleue. Il est coinc\u00e9. Il ne peut pas s&#8217;en \u00e9chapper. La fen\u00eatre est son seul lien avec le monde ext\u00e9rieur. Elle filtre myst\u00e9rieusement la r\u00e9alit\u00e9. Fiche Technique Voir le film [&hellip;]<\/p>\n","protected":false},"author":1,"featured_media":0,"parent":1559,"menu_order":0,"comment_status":"closed","ping_status":"closed","template":"","meta":{"site-sidebar-layout":"no-sidebar","site-content-layout":"page-builder","ast-site-content-layout":"default","site-content-style":"default","site-sidebar-style":"default","ast-global-header-display":"","ast-banner-title-visibility":"","ast-main-header-display":"","ast-hfb-above-header-display":"","ast-hfb-below-header-display":"","ast-hfb-mobile-header-display":"","site-post-title":"disabled","ast-breadcrumbs-content":"","ast-featured-img":"disabled","footer-sml-layout":"","ast-disable-related-posts":"","theme-transparent-header-meta":"","adv-header-id-meta":"","stick-header-meta":"","header-above-stick-meta":"","header-main-stick-meta":"","header-below-stick-meta":"","astra-migrate-meta-layouts":"set","ast-page-background-enabled":"default","ast-page-background-meta":{"desktop":{"background-color":"var(--ast-global-color-4)","background-image":"","background-repeat":"repeat","background-position":"center center","background-size":"auto","background-attachment":"scroll","background-type":"","background-media":"","overlay-type":"","overlay-color":"","overlay-opacity":"","overlay-gradient":""},"tablet":{"background-color":"","background-image":"","background-repeat":"repeat","background-position":"center center","background-size":"auto","background-attachment":"scroll","background-type":"","background-media":"","overlay-type":"","overlay-color":"","overlay-opacity":"","overlay-gradient":""},"mobile":{"background-color":"","background-image":"","background-repeat":"repeat","background-position":"center center","background-size":"auto","background-attachment":"scroll","background-type":"","background-media":"","overlay-type":"","overlay-color":"","overlay-opacity":"","overlay-gradient":""}},"ast-content-background-meta":{"desktop":{"background-color":"var(--ast-global-color-5)","background-image":"","background-repeat":"repeat","background-position":"center center","background-size":"auto","background-attachment":"scroll","background-type":"","background-media":"","overlay-type":"","overlay-color":"","overlay-opacity":"","overlay-gradient":""},"tablet":{"background-color":"var(--ast-global-color-5)","background-image":"","background-repeat":"repeat","background-position":"center center","background-size":"auto","background-attachment":"scroll","background-type":"","background-media":"","overlay-type":"","overlay-color":"","overlay-opacity":"","overlay-gradient":""},"mobile":{"background-color":"var(--ast-global-color-5)","background-image":"","background-repeat":"repeat","background-position":"center center","background-size":"auto","background-attachment":"scroll","background-type":"","background-media":"","overlay-type":"","overlay-color":"","overlay-opacity":"","overlay-gradient":""}},"footnotes":""},"class_list":["post-5214","page","type-page","status-publish","hentry"],"_links":{"self":[{"href":"https:\/\/sacrebleuprod.fr\/index.php?rest_route=\/wp\/v2\/pages\/5214","targetHints":{"allow":["GET"]}}],"collection":[{"href":"https:\/\/sacrebleuprod.fr\/index.php?rest_route=\/wp\/v2\/pages"}],"about":[{"href":"https:\/\/sacrebleuprod.fr\/index.php?rest_route=\/wp\/v2\/types\/page"}],"author":[{"embeddable":true,"href":"https:\/\/sacrebleuprod.fr\/index.php?rest_route=\/wp\/v2\/users\/1"}],"replies":[{"embeddable":true,"href":"https:\/\/sacrebleuprod.fr\/index.php?rest_route=%2Fwp%2Fv2%2Fcomments&post=5214"}],"version-history":[{"count":28,"href":"https:\/\/sacrebleuprod.fr\/index.php?rest_route=\/wp\/v2\/pages\/5214\/revisions"}],"predecessor-version":[{"id":12797,"href":"https:\/\/sacrebleuprod.fr\/index.php?rest_route=\/wp\/v2\/pages\/5214\/revisions\/12797"}],"up":[{"embeddable":true,"href":"https:\/\/sacrebleuprod.fr\/index.php?rest_route=\/wp\/v2\/pages\/1559"}],"wp:attachment":[{"href":"https:\/\/sacrebleuprod.fr\/index.php?rest_route=%2Fwp%2Fv2%2Fmedia&parent=5214"}],"curies":[{"name":"wp","href":"https:\/\/api.w.org\/{rel}","templated":true}]}}