{"id":7335,"date":"2024-09-05T15:42:42","date_gmt":"2024-09-05T13:42:42","guid":{"rendered":"https:\/\/sacrebleuprod.fr\/?page_id=7335"},"modified":"2024-11-07T11:55:14","modified_gmt":"2024-11-07T10:55:14","slug":"un-vert-denfer","status":"publish","type":"page","link":"https:\/\/sacrebleuprod.fr\/?page_id=7335","title":{"rendered":"Un vert d&#8217;Enfer"},"content":{"rendered":"\t\t<div data-elementor-type=\"wp-page\" data-elementor-id=\"7335\" class=\"elementor elementor-7335\">\n\t\t\t\t<div class=\"elementor-element elementor-element-4ce8913 e-flex e-con-boxed e-con e-parent\" data-id=\"4ce8913\" data-element_type=\"container\" data-e-type=\"container\">\n\t\t\t\t\t<div class=\"e-con-inner\">\n\t\t<div class=\"elementor-element elementor-element-03169a6 e-con-full e-flex e-con e-child\" data-id=\"03169a6\" data-element_type=\"container\" data-e-type=\"container\">\n\t\t\t\t<div class=\"elementor-element elementor-element-9cec900 elementor-widget elementor-widget-image\" data-id=\"9cec900\" data-element_type=\"widget\" data-e-type=\"widget\" data-widget_type=\"image.default\">\n\t\t\t\t<div class=\"elementor-widget-container\">\n\t\t\t\t\t\t\t\t\t\t\t\t\t\t\t<img fetchpriority=\"high\" decoding=\"async\" width=\"682\" height=\"1024\" src=\"https:\/\/sacrebleuprod.fr\/wp-content\/uploads\/2024\/11\/Sacrebleu-Productions-Site-Internet-30-6-682x1024.jpg\" class=\"attachment-large size-large wp-image-14504\" alt=\"\" srcset=\"https:\/\/sacrebleuprod.fr\/wp-content\/uploads\/2024\/11\/Sacrebleu-Productions-Site-Internet-30-6-682x1024.jpg 682w, https:\/\/sacrebleuprod.fr\/wp-content\/uploads\/2024\/11\/Sacrebleu-Productions-Site-Internet-30-6-600x900.jpg 600w, https:\/\/sacrebleuprod.fr\/wp-content\/uploads\/2024\/11\/Sacrebleu-Productions-Site-Internet-30-6-200x300.jpg 200w, https:\/\/sacrebleuprod.fr\/wp-content\/uploads\/2024\/11\/Sacrebleu-Productions-Site-Internet-30-6-768x1152.jpg 768w, https:\/\/sacrebleuprod.fr\/wp-content\/uploads\/2024\/11\/Sacrebleu-Productions-Site-Internet-30-6-1024x1536.jpg 1024w, https:\/\/sacrebleuprod.fr\/wp-content\/uploads\/2024\/11\/Sacrebleu-Productions-Site-Internet-30-6-1365x2048.jpg 1365w, https:\/\/sacrebleuprod.fr\/wp-content\/uploads\/2024\/11\/Sacrebleu-Productions-Site-Internet-30-6.jpg 1706w\" sizes=\"(max-width: 682px) 100vw, 682px\" \/>\t\t\t\t\t\t\t\t\t\t\t\t\t\t\t<\/div>\n\t\t\t\t<\/div>\n\t\t\t\t<\/div>\n\t\t<div class=\"elementor-element elementor-element-0ded5e8 e-con-full e-flex e-con e-child\" data-id=\"0ded5e8\" data-element_type=\"container\" data-e-type=\"container\">\n\t\t<div class=\"elementor-element elementor-element-826d2f1 e-con-full e-flex e-con e-child\" data-id=\"826d2f1\" data-element_type=\"container\" data-e-type=\"container\">\n\t\t\t\t<div class=\"elementor-element elementor-element-e43f9f6 elementor-widget elementor-widget-heading\" data-id=\"e43f9f6\" data-element_type=\"widget\" data-e-type=\"widget\" data-widget_type=\"heading.default\">\n\t\t\t\t<div class=\"elementor-widget-container\">\n\t\t\t\t\t<h2 class=\"elementor-heading-title elementor-size-default\">Un Vert d'Enfer<\/h2>\t\t\t\t<\/div>\n\t\t\t\t<\/div>\n\t\t\t\t<\/div>\n\t\t<div class=\"elementor-element elementor-element-a115925 e-con-full e-flex e-con e-child\" data-id=\"a115925\" data-element_type=\"container\" data-e-type=\"container\">\n\t\t\t\t<div class=\"elementor-element elementor-element-3b06233 elementor-widget__width-initial elementor-widget elementor-widget-heading\" data-id=\"3b06233\" data-element_type=\"widget\" data-e-type=\"widget\" data-widget_type=\"heading.default\">\n\t\t\t\t<div class=\"elementor-widget-container\">\n\t\t\t\t\t<h2 class=\"elementor-heading-title elementor-size-medium\"><b>Animation 2D-18'<\/b>\n<br><br><br><b>R\u00e9alisateur, Sc\u00e9nariste &amp; Auteur graphique:<\/b> Niccol\u00f2 Manzolini et Lucia Malerba<br><br><b>Production :<\/b> Sacrebleu Productions, 6X2 SRL<br><br><p style=\"margin: 0cm 0cm 0.0001pt;font-size: 12pt;font-family: Calibri, sans-serif;font-style: normal;font-weight: 400;text-align: start\"><\/p><br><br>\u00c0 la fin du XIXe si\u00e8cle, dans la for\u00eat amazonienne, deux explorateurs, un homme et une femme, sont abandonn\u00e9s par leurs guides. La maladie et la faim les plongent dans un tourbillon hallucinatoire qui ouvre la porte aux fant\u00f4mes du pass\u00e9 et du futur. <\/h2>\t\t\t\t<\/div>\n\t\t\t\t<\/div>\n\t\t\t\t<\/div>\n\t\t\t\t<\/div>\n\t\t\t\t\t<\/div>\n\t\t\t\t<\/div>\n\t\t<div class=\"elementor-element elementor-element-da4ded9 e-flex e-con-boxed e-con e-parent\" data-id=\"da4ded9\" data-element_type=\"container\" data-e-type=\"container\">\n\t\t\t\t\t<div class=\"e-con-inner\">\n\t\t<div class=\"elementor-element elementor-element-f29caf2 e-con-full e-flex e-con e-child\" data-id=\"f29caf2\" data-element_type=\"container\" data-e-type=\"container\">\n\t\t<div class=\"elementor-element elementor-element-70ec1a7 e-con-full e-flex e-con e-child\" data-id=\"70ec1a7\" data-element_type=\"container\" data-e-type=\"container\">\n\t\t\t\t<div class=\"elementor-element elementor-element-f30788e elementor-widget__width-initial elementor-widget elementor-widget-image\" data-id=\"f30788e\" data-element_type=\"widget\" data-e-type=\"widget\" data-widget_type=\"image.default\">\n\t\t\t\t<div class=\"elementor-widget-container\">\n\t\t\t\t\t\t\t\t\t\t\t\t\t\t\t<img decoding=\"async\" width=\"768\" height=\"407\" src=\"https:\/\/sacrebleuprod.fr\/wp-content\/uploads\/2024\/07\/Capture1-4-768x407.jpg\" class=\"attachment-medium_large size-medium_large wp-image-6822\" alt=\"\" srcset=\"https:\/\/sacrebleuprod.fr\/wp-content\/uploads\/2024\/07\/Capture1-4-768x407.jpg 768w, https:\/\/sacrebleuprod.fr\/wp-content\/uploads\/2024\/07\/Capture1-4-600x318.jpg 600w, https:\/\/sacrebleuprod.fr\/wp-content\/uploads\/2024\/07\/Capture1-4-300x159.jpg 300w, https:\/\/sacrebleuprod.fr\/wp-content\/uploads\/2024\/07\/Capture1-4-1024x543.jpg 1024w, https:\/\/sacrebleuprod.fr\/wp-content\/uploads\/2024\/07\/Capture1-4.jpg 1243w\" sizes=\"(max-width: 768px) 100vw, 768px\" \/>\t\t\t\t\t\t\t\t\t\t\t\t\t\t\t<\/div>\n\t\t\t\t<\/div>\n\t\t\t\t<\/div>\n\t\t<div class=\"elementor-element elementor-element-3eccdb7 e-con-full e-flex e-con e-child\" data-id=\"3eccdb7\" data-element_type=\"container\" data-e-type=\"container\">\n\t\t\t\t<div class=\"elementor-element elementor-element-cf50460 elementor-widget elementor-widget-image\" data-id=\"cf50460\" data-element_type=\"widget\" data-e-type=\"widget\" data-widget_type=\"image.default\">\n\t\t\t\t<div class=\"elementor-widget-container\">\n\t\t\t\t\t\t\t\t\t\t\t\t\t\t\t<img decoding=\"async\" width=\"1024\" height=\"582\" src=\"https:\/\/sacrebleuprod.fr\/wp-content\/uploads\/2024\/07\/Capture3-4-1024x582.jpg\" class=\"attachment-large size-large wp-image-6823\" alt=\"\" srcset=\"https:\/\/sacrebleuprod.fr\/wp-content\/uploads\/2024\/07\/Capture3-4-1024x582.jpg 1024w, https:\/\/sacrebleuprod.fr\/wp-content\/uploads\/2024\/07\/Capture3-4-600x341.jpg 600w, https:\/\/sacrebleuprod.fr\/wp-content\/uploads\/2024\/07\/Capture3-4-300x170.jpg 300w, https:\/\/sacrebleuprod.fr\/wp-content\/uploads\/2024\/07\/Capture3-4-768x436.jpg 768w, https:\/\/sacrebleuprod.fr\/wp-content\/uploads\/2024\/07\/Capture3-4.jpg 1245w\" sizes=\"(max-width: 1024px) 100vw, 1024px\" \/>\t\t\t\t\t\t\t\t\t\t\t\t\t\t\t<\/div>\n\t\t\t\t<\/div>\n\t\t\t\t<\/div>\n\t\t<div class=\"elementor-element elementor-element-a41a76a e-con-full e-flex e-con e-child\" data-id=\"a41a76a\" data-element_type=\"container\" data-e-type=\"container\">\n\t\t\t\t<div class=\"elementor-element elementor-element-f82ae32 elementor-widget elementor-widget-image\" data-id=\"f82ae32\" data-element_type=\"widget\" data-e-type=\"widget\" data-widget_type=\"image.default\">\n\t\t\t\t<div class=\"elementor-widget-container\">\n\t\t\t\t\t\t\t\t\t\t\t\t\t\t\t<img loading=\"lazy\" decoding=\"async\" width=\"1024\" height=\"577\" src=\"https:\/\/sacrebleuprod.fr\/wp-content\/uploads\/2024\/07\/Capture5-1024x577.jpg\" class=\"attachment-large size-large wp-image-6824\" alt=\"\" srcset=\"https:\/\/sacrebleuprod.fr\/wp-content\/uploads\/2024\/07\/Capture5-1024x577.jpg 1024w, https:\/\/sacrebleuprod.fr\/wp-content\/uploads\/2024\/07\/Capture5-600x338.jpg 600w, https:\/\/sacrebleuprod.fr\/wp-content\/uploads\/2024\/07\/Capture5-300x169.jpg 300w, https:\/\/sacrebleuprod.fr\/wp-content\/uploads\/2024\/07\/Capture5-768x432.jpg 768w, https:\/\/sacrebleuprod.fr\/wp-content\/uploads\/2024\/07\/Capture5.jpg 1481w\" sizes=\"(max-width: 1024px) 100vw, 1024px\" \/>\t\t\t\t\t\t\t\t\t\t\t\t\t\t\t<\/div>\n\t\t\t\t<\/div>\n\t\t\t\t<\/div>\n\t\t<div class=\"elementor-element elementor-element-5e77380 e-con-full e-flex e-con e-child\" data-id=\"5e77380\" data-element_type=\"container\" data-e-type=\"container\">\n\t\t\t\t<div class=\"elementor-element elementor-element-9c8a8c7 elementor-widget elementor-widget-image\" data-id=\"9c8a8c7\" data-element_type=\"widget\" data-e-type=\"widget\" data-widget_type=\"image.default\">\n\t\t\t\t<div class=\"elementor-widget-container\">\n\t\t\t\t\t\t\t\t\t\t\t\t\t\t\t<img loading=\"lazy\" decoding=\"async\" width=\"1024\" height=\"617\" src=\"https:\/\/sacrebleuprod.fr\/wp-content\/uploads\/2024\/07\/Capture7-e1725533890209-1024x617.jpg\" class=\"attachment-large size-large wp-image-6825\" alt=\"\" srcset=\"https:\/\/sacrebleuprod.fr\/wp-content\/uploads\/2024\/07\/Capture7-e1725533890209-1024x617.jpg 1024w, https:\/\/sacrebleuprod.fr\/wp-content\/uploads\/2024\/07\/Capture7-e1725533890209-600x362.jpg 600w, https:\/\/sacrebleuprod.fr\/wp-content\/uploads\/2024\/07\/Capture7-e1725533890209-300x181.jpg 300w, https:\/\/sacrebleuprod.fr\/wp-content\/uploads\/2024\/07\/Capture7-e1725533890209-768x463.jpg 768w, https:\/\/sacrebleuprod.fr\/wp-content\/uploads\/2024\/07\/Capture7-e1725533890209.jpg 1243w\" sizes=\"(max-width: 1024px) 100vw, 1024px\" \/>\t\t\t\t\t\t\t\t\t\t\t\t\t\t\t<\/div>\n\t\t\t\t<\/div>\n\t\t\t\t<\/div>\n\t\t\t\t<\/div>\n\t\t\t\t\t<\/div>\n\t\t\t\t<\/div>\n\t\t\t\t<\/div>\n\t\t","protected":false},"excerpt":{"rendered":"<p>Un Vert d&#8217;Enfer Animation 2D-18&#8242; R\u00e9alisateur, Sc\u00e9nariste &amp; Auteur graphique: Niccol\u00f2 Manzolini et Lucia Malerba Production : Sacrebleu Productions, 6X2 SRL \u00c0 la fin du XIXe si\u00e8cle, dans la for\u00eat amazonienne, deux explorateurs, un homme et une femme, sont abandonn\u00e9s par leurs guides. La maladie et la faim les plongent dans un tourbillon hallucinatoire qui [&hellip;]<\/p>\n","protected":false},"author":1,"featured_media":0,"parent":0,"menu_order":0,"comment_status":"closed","ping_status":"closed","template":"","meta":{"site-sidebar-layout":"no-sidebar","site-content-layout":"page-builder","ast-site-content-layout":"full-width-container","site-content-style":"default","site-sidebar-style":"default","ast-global-header-display":"","ast-banner-title-visibility":"","ast-main-header-display":"","ast-hfb-above-header-display":"","ast-hfb-below-header-display":"","ast-hfb-mobile-header-display":"","site-post-title":"disabled","ast-breadcrumbs-content":"","ast-featured-img":"disabled","footer-sml-layout":"","ast-disable-related-posts":"","theme-transparent-header-meta":"","adv-header-id-meta":"","stick-header-meta":"","header-above-stick-meta":"","header-main-stick-meta":"","header-below-stick-meta":"","astra-migrate-meta-layouts":"set","ast-page-background-enabled":"default","ast-page-background-meta":{"desktop":{"background-color":"var(--ast-global-color-4)","background-image":"","background-repeat":"repeat","background-position":"center center","background-size":"auto","background-attachment":"scroll","background-type":"","background-media":"","overlay-type":"","overlay-color":"","overlay-opacity":"","overlay-gradient":""},"tablet":{"background-color":"","background-image":"","background-repeat":"repeat","background-position":"center center","background-size":"auto","background-attachment":"scroll","background-type":"","background-media":"","overlay-type":"","overlay-color":"","overlay-opacity":"","overlay-gradient":""},"mobile":{"background-color":"","background-image":"","background-repeat":"repeat","background-position":"center center","background-size":"auto","background-attachment":"scroll","background-type":"","background-media":"","overlay-type":"","overlay-color":"","overlay-opacity":"","overlay-gradient":""}},"ast-content-background-meta":{"desktop":{"background-color":"var(--ast-global-color-5)","background-image":"","background-repeat":"repeat","background-position":"center center","background-size":"auto","background-attachment":"scroll","background-type":"","background-media":"","overlay-type":"","overlay-color":"","overlay-opacity":"","overlay-gradient":""},"tablet":{"background-color":"var(--ast-global-color-5)","background-image":"","background-repeat":"repeat","background-position":"center center","background-size":"auto","background-attachment":"scroll","background-type":"","background-media":"","overlay-type":"","overlay-color":"","overlay-opacity":"","overlay-gradient":""},"mobile":{"background-color":"var(--ast-global-color-5)","background-image":"","background-repeat":"repeat","background-position":"center center","background-size":"auto","background-attachment":"scroll","background-type":"","background-media":"","overlay-type":"","overlay-color":"","overlay-opacity":"","overlay-gradient":""}},"footnotes":""},"class_list":["post-7335","page","type-page","status-publish","hentry"],"_links":{"self":[{"href":"https:\/\/sacrebleuprod.fr\/index.php?rest_route=\/wp\/v2\/pages\/7335","targetHints":{"allow":["GET"]}}],"collection":[{"href":"https:\/\/sacrebleuprod.fr\/index.php?rest_route=\/wp\/v2\/pages"}],"about":[{"href":"https:\/\/sacrebleuprod.fr\/index.php?rest_route=\/wp\/v2\/types\/page"}],"author":[{"embeddable":true,"href":"https:\/\/sacrebleuprod.fr\/index.php?rest_route=\/wp\/v2\/users\/1"}],"replies":[{"embeddable":true,"href":"https:\/\/sacrebleuprod.fr\/index.php?rest_route=%2Fwp%2Fv2%2Fcomments&post=7335"}],"version-history":[{"count":19,"href":"https:\/\/sacrebleuprod.fr\/index.php?rest_route=\/wp\/v2\/pages\/7335\/revisions"}],"predecessor-version":[{"id":14507,"href":"https:\/\/sacrebleuprod.fr\/index.php?rest_route=\/wp\/v2\/pages\/7335\/revisions\/14507"}],"wp:attachment":[{"href":"https:\/\/sacrebleuprod.fr\/index.php?rest_route=%2Fwp%2Fv2%2Fmedia&parent=7335"}],"curies":[{"name":"wp","href":"https:\/\/api.w.org\/{rel}","templated":true}]}}