{"id":8239,"date":"2024-10-01T15:05:15","date_gmt":"2024-10-01T13:05:15","guid":{"rendered":"https:\/\/sacrebleuprod.fr\/?page_id=8239"},"modified":"2024-11-05T10:54:59","modified_gmt":"2024-11-05T09:54:59","slug":"dun-bord-a-lautre","status":"publish","type":"page","link":"https:\/\/sacrebleuprod.fr\/?page_id=8239","title":{"rendered":"D&#8217;un bord \u00e0 l&#8217;autre"},"content":{"rendered":"\t\t<div data-elementor-type=\"wp-page\" data-elementor-id=\"8239\" class=\"elementor elementor-8239\">\n\t\t\t\t<div class=\"elementor-element elementor-element-235648a e-flex e-con-boxed e-con e-parent\" data-id=\"235648a\" data-element_type=\"container\" data-e-type=\"container\">\n\t\t\t\t\t<div class=\"e-con-inner\">\n\t\t<div class=\"elementor-element elementor-element-f3c3105 e-con-full e-flex e-con e-child\" data-id=\"f3c3105\" data-element_type=\"container\" data-e-type=\"container\">\n\t\t\t\t<div class=\"elementor-element elementor-element-8de337b elementor-widget elementor-widget-image\" data-id=\"8de337b\" data-element_type=\"widget\" data-e-type=\"widget\" data-widget_type=\"image.default\">\n\t\t\t\t<div class=\"elementor-widget-container\">\n\t\t\t\t\t\t\t\t\t\t\t\t\t\t\t<img fetchpriority=\"high\" decoding=\"async\" width=\"682\" height=\"1024\" src=\"https:\/\/sacrebleuprod.fr\/wp-content\/uploads\/2024\/11\/Sacrebleu-Productions-Site-Internet-27-682x1024.jpg\" class=\"attachment-large size-large wp-image-13956\" alt=\"\" srcset=\"https:\/\/sacrebleuprod.fr\/wp-content\/uploads\/2024\/11\/Sacrebleu-Productions-Site-Internet-27-682x1024.jpg 682w, https:\/\/sacrebleuprod.fr\/wp-content\/uploads\/2024\/11\/Sacrebleu-Productions-Site-Internet-27-600x900.jpg 600w, https:\/\/sacrebleuprod.fr\/wp-content\/uploads\/2024\/11\/Sacrebleu-Productions-Site-Internet-27-200x300.jpg 200w, https:\/\/sacrebleuprod.fr\/wp-content\/uploads\/2024\/11\/Sacrebleu-Productions-Site-Internet-27-768x1152.jpg 768w, https:\/\/sacrebleuprod.fr\/wp-content\/uploads\/2024\/11\/Sacrebleu-Productions-Site-Internet-27-1024x1536.jpg 1024w, https:\/\/sacrebleuprod.fr\/wp-content\/uploads\/2024\/11\/Sacrebleu-Productions-Site-Internet-27-1365x2048.jpg 1365w, https:\/\/sacrebleuprod.fr\/wp-content\/uploads\/2024\/11\/Sacrebleu-Productions-Site-Internet-27.jpg 1706w\" sizes=\"(max-width: 682px) 100vw, 682px\" \/>\t\t\t\t\t\t\t\t\t\t\t\t\t\t\t<\/div>\n\t\t\t\t<\/div>\n\t\t\t\t<\/div>\n\t\t<div class=\"elementor-element elementor-element-7d4d175 e-con-full e-flex e-con e-child\" data-id=\"7d4d175\" data-element_type=\"container\" data-e-type=\"container\">\n\t\t<div class=\"elementor-element elementor-element-59aecda e-con-full e-flex e-con e-child\" data-id=\"59aecda\" data-element_type=\"container\" data-e-type=\"container\">\n\t\t\t\t<div class=\"elementor-element elementor-element-5132ba8 elementor-widget elementor-widget-heading\" data-id=\"5132ba8\" data-element_type=\"widget\" data-e-type=\"widget\" data-widget_type=\"heading.default\">\n\t\t\t\t<div class=\"elementor-widget-container\">\n\t\t\t\t\t<h2 class=\"elementor-heading-title elementor-size-default\">D'un Bord \u00e0 L'autre <\/h2>\t\t\t\t<\/div>\n\t\t\t\t<\/div>\n\t\t\t\t<\/div>\n\t\t<div class=\"elementor-element elementor-element-ec29df9 e-con-full e-flex e-con e-child\" data-id=\"ec29df9\" data-element_type=\"container\" data-e-type=\"container\">\n\t\t\t\t<div class=\"elementor-element elementor-element-0fd22f6 elementor-widget__width-initial elementor-widget elementor-widget-heading\" data-id=\"0fd22f6\" data-element_type=\"widget\" data-e-type=\"widget\" data-widget_type=\"heading.default\">\n\t\t\t\t<div class=\"elementor-widget-container\">\n\t\t\t\t\t<h2 class=\"elementor-heading-title elementor-size-medium\"><b>Prise de vu r\u00e9elle-18'-Ado-Adulte<\/b>\n<br><br><br><b>R\u00e9alisateur: <\/b><span style=\", sans-serif;font-size: 14pt;font-weight: inherit\">R\u00e9mi Mazet<\/span><b><br><\/b><br><b>Sc\u00e9nariste:<\/b><span style=\"font-size:14.0pt;,sans-serif\"> Gaia Guasti &amp; <\/span><span lang=\"EN-US\" style=\"font-size:14.0pt;,sans-serif\">R\u00e9mi Mazet<\/span><br><br><b>Compositeur: <\/b>Yann Jankielewicz<br><br><b>Production:<\/b> Sacrebleu Productions<br><br><br><br>Un groupe d'amis de retrouve pour disperser les cendres d'un proche apr\u00e8s des ann\u00e9es de s\u00e9paration. Ils ont choisi un endroit symbolique pour lui dire adieu; une rivi\u00e8re o\u00f9 il passaient leurs \u00e9t\u00e9s et o\u00f9 il ont construit leurs futures. Cependant d'autres pr\u00e9sences habitent ce lieu...<\/h2>\t\t\t\t<\/div>\n\t\t\t\t<\/div>\n\t\t\t\t<\/div>\n\t\t\t\t<\/div>\n\t\t\t\t\t<\/div>\n\t\t\t\t<\/div>\n\t\t<div class=\"elementor-element elementor-element-1a76713 e-flex e-con-boxed e-con e-parent\" data-id=\"1a76713\" data-element_type=\"container\" data-e-type=\"container\">\n\t\t\t\t\t<div class=\"e-con-inner\">\n\t\t\t\t<div class=\"elementor-element elementor-element-49274a1 elementor-align-center elementor-widget elementor-widget-button\" data-id=\"49274a1\" data-element_type=\"widget\" data-e-type=\"widget\" data-widget_type=\"button.default\">\n\t\t\t\t<div class=\"elementor-widget-container\">\n\t\t\t\t\t\t\t\t\t<div class=\"elementor-button-wrapper\">\n\t\t\t\t\t<a class=\"elementor-button elementor-button-link elementor-size-sm\" href=\"http:\/\/sacrebleuprod.fr\/wp-content\/uploads\/2024\/10\/Fiche-technique-dun-bord-a-lautre.pdf\">\n\t\t\t\t\t\t<span class=\"elementor-button-content-wrapper\">\n\t\t\t\t\t\t\t\t\t<span class=\"elementor-button-text\">Fiche Technique<\/span>\n\t\t\t\t\t<\/span>\n\t\t\t\t\t<\/a>\n\t\t\t\t<\/div>\n\t\t\t\t\t\t\t\t<\/div>\n\t\t\t\t<\/div>\n\t\t\t\t\t<\/div>\n\t\t\t\t<\/div>\n\t\t<div class=\"elementor-element elementor-element-45dcea0 e-flex e-con-boxed e-con e-parent\" data-id=\"45dcea0\" data-element_type=\"container\" data-e-type=\"container\">\n\t\t\t\t\t<div class=\"e-con-inner\">\n\t\t<div class=\"elementor-element elementor-element-9b8af9c e-con-full e-flex e-con e-child\" data-id=\"9b8af9c\" data-element_type=\"container\" data-e-type=\"container\">\n\t\t\t\t<div class=\"elementor-element elementor-element-42696fd elementor-widget elementor-widget-image\" data-id=\"42696fd\" data-element_type=\"widget\" data-e-type=\"widget\" data-widget_type=\"image.default\">\n\t\t\t\t<div class=\"elementor-widget-container\">\n\t\t\t\t\t\t\t\t\t\t\t\t\t\t\t<img decoding=\"async\" width=\"1024\" height=\"576\" src=\"https:\/\/sacrebleuprod.fr\/wp-content\/uploads\/2024\/10\/d-un-bord-a-l-autre_4.jpeg\" class=\"attachment-large size-large wp-image-8245\" alt=\"\" srcset=\"https:\/\/sacrebleuprod.fr\/wp-content\/uploads\/2024\/10\/d-un-bord-a-l-autre_4.jpeg 1024w, https:\/\/sacrebleuprod.fr\/wp-content\/uploads\/2024\/10\/d-un-bord-a-l-autre_4-600x338.jpeg 600w, https:\/\/sacrebleuprod.fr\/wp-content\/uploads\/2024\/10\/d-un-bord-a-l-autre_4-300x169.jpeg 300w, https:\/\/sacrebleuprod.fr\/wp-content\/uploads\/2024\/10\/d-un-bord-a-l-autre_4-768x432.jpeg 768w\" sizes=\"(max-width: 1024px) 100vw, 1024px\" \/>\t\t\t\t\t\t\t\t\t\t\t\t\t\t\t<\/div>\n\t\t\t\t<\/div>\n\t\t\t\t<\/div>\n\t\t<div class=\"elementor-element elementor-element-05d229b e-con-full e-flex e-con e-child\" data-id=\"05d229b\" data-element_type=\"container\" data-e-type=\"container\">\n\t\t\t\t<div class=\"elementor-element elementor-element-c8bd96e elementor-widget elementor-widget-image\" data-id=\"c8bd96e\" data-element_type=\"widget\" data-e-type=\"widget\" data-widget_type=\"image.default\">\n\t\t\t\t<div class=\"elementor-widget-container\">\n\t\t\t\t\t\t\t\t\t\t\t\t\t\t\t<img decoding=\"async\" width=\"1024\" height=\"576\" src=\"https:\/\/sacrebleuprod.fr\/wp-content\/uploads\/2024\/10\/d-un-bord-a-l-autre_3.jpeg\" class=\"attachment-large size-large wp-image-8244\" alt=\"\" srcset=\"https:\/\/sacrebleuprod.fr\/wp-content\/uploads\/2024\/10\/d-un-bord-a-l-autre_3.jpeg 1024w, https:\/\/sacrebleuprod.fr\/wp-content\/uploads\/2024\/10\/d-un-bord-a-l-autre_3-600x338.jpeg 600w, https:\/\/sacrebleuprod.fr\/wp-content\/uploads\/2024\/10\/d-un-bord-a-l-autre_3-300x169.jpeg 300w, https:\/\/sacrebleuprod.fr\/wp-content\/uploads\/2024\/10\/d-un-bord-a-l-autre_3-768x432.jpeg 768w\" sizes=\"(max-width: 1024px) 100vw, 1024px\" \/>\t\t\t\t\t\t\t\t\t\t\t\t\t\t\t<\/div>\n\t\t\t\t<\/div>\n\t\t\t\t<\/div>\n\t\t\t\t\t<\/div>\n\t\t\t\t<\/div>\n\t\t\t\t<\/div>\n\t\t","protected":false},"excerpt":{"rendered":"<p>D&#8217;un Bord \u00e0 L&#8217;autre Prise de vu r\u00e9elle-18&#8242;-Ado-Adulte R\u00e9alisateur: R\u00e9mi MazetSc\u00e9nariste: Gaia Guasti &amp; R\u00e9mi Mazet Compositeur: Yann Jankielewicz Production: Sacrebleu Productions Un groupe d&#8217;amis de retrouve pour disperser les cendres d&#8217;un proche apr\u00e8s des ann\u00e9es de s\u00e9paration. Ils ont choisi un endroit symbolique pour lui dire adieu; une rivi\u00e8re o\u00f9 il passaient leurs \u00e9t\u00e9s [&hellip;]<\/p>\n","protected":false},"author":1,"featured_media":0,"parent":0,"menu_order":0,"comment_status":"closed","ping_status":"closed","template":"","meta":{"site-sidebar-layout":"no-sidebar","site-content-layout":"page-builder","ast-site-content-layout":"full-width-container","site-content-style":"default","site-sidebar-style":"default","ast-global-header-display":"","ast-banner-title-visibility":"","ast-main-header-display":"","ast-hfb-above-header-display":"","ast-hfb-below-header-display":"","ast-hfb-mobile-header-display":"","site-post-title":"disabled","ast-breadcrumbs-content":"","ast-featured-img":"disabled","footer-sml-layout":"","ast-disable-related-posts":"","theme-transparent-header-meta":"","adv-header-id-meta":"","stick-header-meta":"","header-above-stick-meta":"","header-main-stick-meta":"","header-below-stick-meta":"","astra-migrate-meta-layouts":"set","ast-page-background-enabled":"default","ast-page-background-meta":{"desktop":{"background-color":"var(--ast-global-color-4)","background-image":"","background-repeat":"repeat","background-position":"center center","background-size":"auto","background-attachment":"scroll","background-type":"","background-media":"","overlay-type":"","overlay-color":"","overlay-opacity":"","overlay-gradient":""},"tablet":{"background-color":"","background-image":"","background-repeat":"repeat","background-position":"center center","background-size":"auto","background-attachment":"scroll","background-type":"","background-media":"","overlay-type":"","overlay-color":"","overlay-opacity":"","overlay-gradient":""},"mobile":{"background-color":"","background-image":"","background-repeat":"repeat","background-position":"center center","background-size":"auto","background-attachment":"scroll","background-type":"","background-media":"","overlay-type":"","overlay-color":"","overlay-opacity":"","overlay-gradient":""}},"ast-content-background-meta":{"desktop":{"background-color":"var(--ast-global-color-5)","background-image":"","background-repeat":"repeat","background-position":"center center","background-size":"auto","background-attachment":"scroll","background-type":"","background-media":"","overlay-type":"","overlay-color":"","overlay-opacity":"","overlay-gradient":""},"tablet":{"background-color":"var(--ast-global-color-5)","background-image":"","background-repeat":"repeat","background-position":"center center","background-size":"auto","background-attachment":"scroll","background-type":"","background-media":"","overlay-type":"","overlay-color":"","overlay-opacity":"","overlay-gradient":""},"mobile":{"background-color":"var(--ast-global-color-5)","background-image":"","background-repeat":"repeat","background-position":"center center","background-size":"auto","background-attachment":"scroll","background-type":"","background-media":"","overlay-type":"","overlay-color":"","overlay-opacity":"","overlay-gradient":""}},"footnotes":""},"class_list":["post-8239","page","type-page","status-publish","hentry"],"_links":{"self":[{"href":"https:\/\/sacrebleuprod.fr\/index.php?rest_route=\/wp\/v2\/pages\/8239","targetHints":{"allow":["GET"]}}],"collection":[{"href":"https:\/\/sacrebleuprod.fr\/index.php?rest_route=\/wp\/v2\/pages"}],"about":[{"href":"https:\/\/sacrebleuprod.fr\/index.php?rest_route=\/wp\/v2\/types\/page"}],"author":[{"embeddable":true,"href":"https:\/\/sacrebleuprod.fr\/index.php?rest_route=\/wp\/v2\/users\/1"}],"replies":[{"embeddable":true,"href":"https:\/\/sacrebleuprod.fr\/index.php?rest_route=%2Fwp%2Fv2%2Fcomments&post=8239"}],"version-history":[{"count":37,"href":"https:\/\/sacrebleuprod.fr\/index.php?rest_route=\/wp\/v2\/pages\/8239\/revisions"}],"predecessor-version":[{"id":13962,"href":"https:\/\/sacrebleuprod.fr\/index.php?rest_route=\/wp\/v2\/pages\/8239\/revisions\/13962"}],"wp:attachment":[{"href":"https:\/\/sacrebleuprod.fr\/index.php?rest_route=%2Fwp%2Fv2%2Fmedia&parent=8239"}],"curies":[{"name":"wp","href":"https:\/\/api.w.org\/{rel}","templated":true}]}}