{"id":8362,"date":"2024-10-01T16:31:30","date_gmt":"2024-10-01T14:31:30","guid":{"rendered":"https:\/\/sacrebleuprod.fr\/?page_id=8362"},"modified":"2024-10-29T11:59:33","modified_gmt":"2024-10-29T10:59:33","slug":"tete-a-tete","status":"publish","type":"page","link":"https:\/\/sacrebleuprod.fr\/?page_id=8362","title":{"rendered":"T\u00eate \u00e0 t\u00eate"},"content":{"rendered":"\t\t<div data-elementor-type=\"wp-page\" data-elementor-id=\"8362\" class=\"elementor elementor-8362\">\n\t\t\t\t<div class=\"elementor-element elementor-element-b2d8beb e-flex e-con-boxed e-con e-parent\" data-id=\"b2d8beb\" data-element_type=\"container\" data-e-type=\"container\">\n\t\t\t\t\t<div class=\"e-con-inner\">\n\t\t<div class=\"elementor-element elementor-element-bb082bb e-con-full e-flex e-con e-child\" data-id=\"bb082bb\" data-element_type=\"container\" data-e-type=\"container\">\n\t\t\t\t<div class=\"elementor-element elementor-element-5d596b5 elementor-widget elementor-widget-image\" data-id=\"5d596b5\" data-element_type=\"widget\" data-e-type=\"widget\" data-widget_type=\"image.default\">\n\t\t\t\t<div class=\"elementor-widget-container\">\n\t\t\t\t\t\t\t\t\t\t\t\t\t\t\t\t<a href=\"http:\/\/sacrebleuprod.fr\/wp-content\/uploads\/2024\/10\/Fiche-Technique_TETE_A_TETE.pdf\">\n\t\t\t\t\t\t\t<img fetchpriority=\"high\" decoding=\"async\" width=\"724\" height=\"1024\" src=\"https:\/\/sacrebleuprod.fr\/wp-content\/uploads\/2024\/10\/Affiche_tete_a_tete-724x1024.png\" class=\"attachment-large size-large wp-image-8361\" alt=\"\" srcset=\"https:\/\/sacrebleuprod.fr\/wp-content\/uploads\/2024\/10\/Affiche_tete_a_tete-724x1024.png 724w, https:\/\/sacrebleuprod.fr\/wp-content\/uploads\/2024\/10\/Affiche_tete_a_tete-600x849.png 600w, https:\/\/sacrebleuprod.fr\/wp-content\/uploads\/2024\/10\/Affiche_tete_a_tete-212x300.png 212w, https:\/\/sacrebleuprod.fr\/wp-content\/uploads\/2024\/10\/Affiche_tete_a_tete-768x1086.png 768w, https:\/\/sacrebleuprod.fr\/wp-content\/uploads\/2024\/10\/Affiche_tete_a_tete-1086x1536.png 1086w, https:\/\/sacrebleuprod.fr\/wp-content\/uploads\/2024\/10\/Affiche_tete_a_tete-1448x2048.png 1448w\" sizes=\"(max-width: 724px) 100vw, 724px\" \/>\t\t\t\t\t\t\t\t<\/a>\n\t\t\t\t\t\t\t\t\t\t\t\t\t\t\t<\/div>\n\t\t\t\t<\/div>\n\t\t\t\t<\/div>\n\t\t<div class=\"elementor-element elementor-element-b71a837 e-con-full e-flex e-con e-child\" data-id=\"b71a837\" data-element_type=\"container\" data-e-type=\"container\">\n\t\t<div class=\"elementor-element elementor-element-98ef1b2 e-con-full e-flex e-con e-child\" data-id=\"98ef1b2\" data-element_type=\"container\" data-e-type=\"container\">\n\t\t\t\t<div class=\"elementor-element elementor-element-2ec2f7c elementor-widget elementor-widget-heading\" data-id=\"2ec2f7c\" data-element_type=\"widget\" data-e-type=\"widget\" data-widget_type=\"heading.default\">\n\t\t\t\t<div class=\"elementor-widget-container\">\n\t\t\t\t\t<h2 class=\"elementor-heading-title elementor-size-default\">T\u00eate \u00e0 T\u00eate<\/h2>\t\t\t\t<\/div>\n\t\t\t\t<\/div>\n\t\t\t\t<\/div>\n\t\t<div class=\"elementor-element elementor-element-f60e69b e-con-full e-flex e-con e-child\" data-id=\"f60e69b\" data-element_type=\"container\" data-e-type=\"container\">\n\t\t\t\t<div class=\"elementor-element elementor-element-9ce8451 elementor-widget__width-initial elementor-widget elementor-widget-heading\" data-id=\"9ce8451\" data-element_type=\"widget\" data-e-type=\"widget\" data-widget_type=\"heading.default\">\n\t\t\t\t<div class=\"elementor-widget-container\">\n\t\t\t\t\t<h2 class=\"elementor-heading-title elementor-size-medium\"><b>Prise de vue r\u00e9elle-18'-Ado-Adulte<\/b>\n<br><br>\n<br><b>R\u00e9alisatrice:<\/b> Virginie Boda<br><br><b>Sc\u00e9naristes: <\/b>Virginie Boda &amp; Nathalie Mars<b><br><\/b><br><b>Compositeur:<\/b> Virgile Van Ginneken<br><br><b>Production:<\/b> Sacrebleu Productions<br><br><br><br>La semaine \u00e0 bosser au garage, \u00e0 s'occuper de ses fr\u00e8res et soeurs comme s'il \u00e9tait leur p\u00e8re, c'est le quotidien de Greg, 17ans. Alors quand arrive le dimanche, il s'offre une journ\u00e9e \u00e0 la mer avec sa copine. Il fait beau, ils sont amoureux, la journ\u00e9e commence come un r\u00eave...<\/h2>\t\t\t\t<\/div>\n\t\t\t\t<\/div>\n\t\t\t\t<\/div>\n\t\t\t\t<\/div>\n\t\t\t\t\t<\/div>\n\t\t\t\t<\/div>\n\t\t<div class=\"elementor-element elementor-element-f1c069c e-flex e-con-boxed e-con e-parent\" data-id=\"f1c069c\" data-element_type=\"container\" data-e-type=\"container\">\n\t\t\t\t\t<div class=\"e-con-inner\">\n\t\t\t\t<div class=\"elementor-element elementor-element-7c50c50 elementor-align-center elementor-widget elementor-widget-button\" data-id=\"7c50c50\" data-element_type=\"widget\" data-e-type=\"widget\" data-widget_type=\"button.default\">\n\t\t\t\t<div class=\"elementor-widget-container\">\n\t\t\t\t\t\t\t\t\t<div class=\"elementor-button-wrapper\">\n\t\t\t\t\t<a class=\"elementor-button elementor-button-link elementor-size-sm\" href=\"http:\/\/sacrebleuprod.fr\/wp-content\/uploads\/2024\/10\/Fiche-Technique_TETE_A_TETE-2.pdf\">\n\t\t\t\t\t\t<span class=\"elementor-button-content-wrapper\">\n\t\t\t\t\t\t\t\t\t<span class=\"elementor-button-text\">Fiche Technique <\/span>\n\t\t\t\t\t<\/span>\n\t\t\t\t\t<\/a>\n\t\t\t\t<\/div>\n\t\t\t\t\t\t\t\t<\/div>\n\t\t\t\t<\/div>\n\t\t\t\t\t<\/div>\n\t\t\t\t<\/div>\n\t\t<div class=\"elementor-element elementor-element-b4c871d e-grid e-con-boxed e-con e-parent\" data-id=\"b4c871d\" data-element_type=\"container\" data-e-type=\"container\">\n\t\t\t\t\t<div class=\"e-con-inner\">\n\t\t\t\t<div class=\"elementor-element elementor-element-b35b283 elementor-widget elementor-widget-image\" data-id=\"b35b283\" data-element_type=\"widget\" data-e-type=\"widget\" data-widget_type=\"image.default\">\n\t\t\t\t<div class=\"elementor-widget-container\">\n\t\t\t\t\t\t\t\t\t\t\t\t\t\t\t<img decoding=\"async\" width=\"768\" height=\"430\" src=\"https:\/\/sacrebleuprod.fr\/wp-content\/uploads\/2024\/10\/tete-a-tete_5.jpeg\" class=\"attachment-large size-large wp-image-8375\" alt=\"\" srcset=\"https:\/\/sacrebleuprod.fr\/wp-content\/uploads\/2024\/10\/tete-a-tete_5.jpeg 768w, https:\/\/sacrebleuprod.fr\/wp-content\/uploads\/2024\/10\/tete-a-tete_5-600x336.jpeg 600w, https:\/\/sacrebleuprod.fr\/wp-content\/uploads\/2024\/10\/tete-a-tete_5-300x168.jpeg 300w\" sizes=\"(max-width: 768px) 100vw, 768px\" \/>\t\t\t\t\t\t\t\t\t\t\t\t\t\t\t<\/div>\n\t\t\t\t<\/div>\n\t\t\t\t<div class=\"elementor-element elementor-element-5434f75 elementor-widget elementor-widget-image\" data-id=\"5434f75\" data-element_type=\"widget\" data-e-type=\"widget\" data-widget_type=\"image.default\">\n\t\t\t\t<div class=\"elementor-widget-container\">\n\t\t\t\t\t\t\t\t\t\t\t\t\t\t\t<img decoding=\"async\" width=\"767\" height=\"434\" src=\"https:\/\/sacrebleuprod.fr\/wp-content\/uploads\/2024\/10\/tete-a-tete_2-1.jpeg\" class=\"attachment-large size-large wp-image-8372\" alt=\"\" srcset=\"https:\/\/sacrebleuprod.fr\/wp-content\/uploads\/2024\/10\/tete-a-tete_2-1.jpeg 767w, https:\/\/sacrebleuprod.fr\/wp-content\/uploads\/2024\/10\/tete-a-tete_2-1-600x340.jpeg 600w, https:\/\/sacrebleuprod.fr\/wp-content\/uploads\/2024\/10\/tete-a-tete_2-1-300x170.jpeg 300w\" sizes=\"(max-width: 767px) 100vw, 767px\" \/>\t\t\t\t\t\t\t\t\t\t\t\t\t\t\t<\/div>\n\t\t\t\t<\/div>\n\t\t\t\t\t<\/div>\n\t\t\t\t<\/div>\n\t\t\t\t<\/div>\n\t\t","protected":false},"excerpt":{"rendered":"<p>T\u00eate \u00e0 T\u00eate Prise de vue r\u00e9elle-18&#8242;-Ado-Adulte R\u00e9alisatrice: Virginie Boda Sc\u00e9naristes: Virginie Boda &amp; Nathalie MarsCompositeur: Virgile Van Ginneken Production: Sacrebleu Productions La semaine \u00e0 bosser au garage, \u00e0 s&#8217;occuper de ses fr\u00e8res et soeurs comme s&#8217;il \u00e9tait leur p\u00e8re, c&#8217;est le quotidien de Greg, 17ans. Alors quand arrive le dimanche, il s&#8217;offre une journ\u00e9e [&hellip;]<\/p>\n","protected":false},"author":1,"featured_media":0,"parent":0,"menu_order":0,"comment_status":"closed","ping_status":"closed","template":"","meta":{"site-sidebar-layout":"no-sidebar","site-content-layout":"page-builder","ast-site-content-layout":"full-width-container","site-content-style":"default","site-sidebar-style":"default","ast-global-header-display":"","ast-banner-title-visibility":"","ast-main-header-display":"","ast-hfb-above-header-display":"","ast-hfb-below-header-display":"","ast-hfb-mobile-header-display":"","site-post-title":"disabled","ast-breadcrumbs-content":"","ast-featured-img":"disabled","footer-sml-layout":"","ast-disable-related-posts":"","theme-transparent-header-meta":"","adv-header-id-meta":"","stick-header-meta":"","header-above-stick-meta":"","header-main-stick-meta":"","header-below-stick-meta":"","astra-migrate-meta-layouts":"set","ast-page-background-enabled":"default","ast-page-background-meta":{"desktop":{"background-color":"var(--ast-global-color-4)","background-image":"","background-repeat":"repeat","background-position":"center center","background-size":"auto","background-attachment":"scroll","background-type":"","background-media":"","overlay-type":"","overlay-color":"","overlay-opacity":"","overlay-gradient":""},"tablet":{"background-color":"","background-image":"","background-repeat":"repeat","background-position":"center center","background-size":"auto","background-attachment":"scroll","background-type":"","background-media":"","overlay-type":"","overlay-color":"","overlay-opacity":"","overlay-gradient":""},"mobile":{"background-color":"","background-image":"","background-repeat":"repeat","background-position":"center center","background-size":"auto","background-attachment":"scroll","background-type":"","background-media":"","overlay-type":"","overlay-color":"","overlay-opacity":"","overlay-gradient":""}},"ast-content-background-meta":{"desktop":{"background-color":"var(--ast-global-color-5)","background-image":"","background-repeat":"repeat","background-position":"center center","background-size":"auto","background-attachment":"scroll","background-type":"","background-media":"","overlay-type":"","overlay-color":"","overlay-opacity":"","overlay-gradient":""},"tablet":{"background-color":"var(--ast-global-color-5)","background-image":"","background-repeat":"repeat","background-position":"center center","background-size":"auto","background-attachment":"scroll","background-type":"","background-media":"","overlay-type":"","overlay-color":"","overlay-opacity":"","overlay-gradient":""},"mobile":{"background-color":"var(--ast-global-color-5)","background-image":"","background-repeat":"repeat","background-position":"center center","background-size":"auto","background-attachment":"scroll","background-type":"","background-media":"","overlay-type":"","overlay-color":"","overlay-opacity":"","overlay-gradient":""}},"footnotes":""},"class_list":["post-8362","page","type-page","status-publish","hentry"],"_links":{"self":[{"href":"https:\/\/sacrebleuprod.fr\/index.php?rest_route=\/wp\/v2\/pages\/8362","targetHints":{"allow":["GET"]}}],"collection":[{"href":"https:\/\/sacrebleuprod.fr\/index.php?rest_route=\/wp\/v2\/pages"}],"about":[{"href":"https:\/\/sacrebleuprod.fr\/index.php?rest_route=\/wp\/v2\/types\/page"}],"author":[{"embeddable":true,"href":"https:\/\/sacrebleuprod.fr\/index.php?rest_route=\/wp\/v2\/users\/1"}],"replies":[{"embeddable":true,"href":"https:\/\/sacrebleuprod.fr\/index.php?rest_route=%2Fwp%2Fv2%2Fcomments&post=8362"}],"version-history":[{"count":19,"href":"https:\/\/sacrebleuprod.fr\/index.php?rest_route=\/wp\/v2\/pages\/8362\/revisions"}],"predecessor-version":[{"id":12918,"href":"https:\/\/sacrebleuprod.fr\/index.php?rest_route=\/wp\/v2\/pages\/8362\/revisions\/12918"}],"wp:attachment":[{"href":"https:\/\/sacrebleuprod.fr\/index.php?rest_route=%2Fwp%2Fv2%2Fmedia&parent=8362"}],"curies":[{"name":"wp","href":"https:\/\/api.w.org\/{rel}","templated":true}]}}