{"id":8515,"date":"2024-10-02T11:36:21","date_gmt":"2024-10-02T09:36:21","guid":{"rendered":"https:\/\/sacrebleuprod.fr\/?page_id=8515"},"modified":"2025-12-19T16:41:28","modified_gmt":"2025-12-19T15:41:28","slug":"nuvole-mani","status":"publish","type":"page","link":"https:\/\/sacrebleuprod.fr\/?page_id=8515","title":{"rendered":"Nuvole Mani"},"content":{"rendered":"\t\t<div data-elementor-type=\"wp-page\" data-elementor-id=\"8515\" class=\"elementor elementor-8515\">\n\t\t\t\t<div class=\"elementor-element elementor-element-f7626e7 e-flex e-con-boxed e-con e-parent\" data-id=\"f7626e7\" data-element_type=\"container\" data-e-type=\"container\">\n\t\t\t\t\t<div class=\"e-con-inner\">\n\t\t<div class=\"elementor-element elementor-element-3b0e1ee e-con-full e-flex e-con e-child\" data-id=\"3b0e1ee\" data-element_type=\"container\" data-e-type=\"container\">\n\t\t\t\t<div class=\"elementor-element elementor-element-34aea57 elementor-widget elementor-widget-image\" data-id=\"34aea57\" data-element_type=\"widget\" data-e-type=\"widget\" data-widget_type=\"image.default\">\n\t\t\t\t<div class=\"elementor-widget-container\">\n\t\t\t\t\t\t\t\t\t\t\t\t\t\t\t<img fetchpriority=\"high\" decoding=\"async\" width=\"682\" height=\"1024\" src=\"https:\/\/sacrebleuprod.fr\/wp-content\/uploads\/2024\/11\/Sacrebleu-Productions-Site-Internet-23-2-682x1024.jpg\" class=\"attachment-large size-large wp-image-14751\" alt=\"\" srcset=\"https:\/\/sacrebleuprod.fr\/wp-content\/uploads\/2024\/11\/Sacrebleu-Productions-Site-Internet-23-2-682x1024.jpg 682w, https:\/\/sacrebleuprod.fr\/wp-content\/uploads\/2024\/11\/Sacrebleu-Productions-Site-Internet-23-2-600x900.jpg 600w, https:\/\/sacrebleuprod.fr\/wp-content\/uploads\/2024\/11\/Sacrebleu-Productions-Site-Internet-23-2-200x300.jpg 200w, https:\/\/sacrebleuprod.fr\/wp-content\/uploads\/2024\/11\/Sacrebleu-Productions-Site-Internet-23-2-768x1152.jpg 768w, https:\/\/sacrebleuprod.fr\/wp-content\/uploads\/2024\/11\/Sacrebleu-Productions-Site-Internet-23-2-1024x1536.jpg 1024w, https:\/\/sacrebleuprod.fr\/wp-content\/uploads\/2024\/11\/Sacrebleu-Productions-Site-Internet-23-2-1365x2048.jpg 1365w, https:\/\/sacrebleuprod.fr\/wp-content\/uploads\/2024\/11\/Sacrebleu-Productions-Site-Internet-23-2.jpg 1706w\" sizes=\"(max-width: 682px) 100vw, 682px\" \/>\t\t\t\t\t\t\t\t\t\t\t\t\t\t\t<\/div>\n\t\t\t\t<\/div>\n\t\t\t\t<\/div>\n\t\t<div class=\"elementor-element elementor-element-504a493 e-con-full e-flex e-con e-child\" data-id=\"504a493\" data-element_type=\"container\" data-e-type=\"container\">\n\t\t<div class=\"elementor-element elementor-element-392be6a e-con-full e-flex e-con e-child\" data-id=\"392be6a\" data-element_type=\"container\" data-e-type=\"container\">\n\t\t\t\t<div class=\"elementor-element elementor-element-b265600 elementor-widget elementor-widget-heading\" data-id=\"b265600\" data-element_type=\"widget\" data-e-type=\"widget\" data-widget_type=\"heading.default\">\n\t\t\t\t<div class=\"elementor-widget-container\">\n\t\t\t\t\t<h2 class=\"elementor-heading-title elementor-size-default\">Nuvole Mani<\/h2>\t\t\t\t<\/div>\n\t\t\t\t<\/div>\n\t\t\t\t<\/div>\n\t\t<div class=\"elementor-element elementor-element-7c38b42 e-con-full e-flex e-con e-child\" data-id=\"7c38b42\" data-element_type=\"container\" data-e-type=\"container\">\n\t\t\t\t<div class=\"elementor-element elementor-element-cb5c299 elementor-widget__width-initial elementor-widget elementor-widget-heading\" data-id=\"cb5c299\" data-element_type=\"widget\" data-e-type=\"widget\" data-widget_type=\"heading.default\">\n\t\t\t\t<div class=\"elementor-widget-container\">\n\t\t\t\t\t<h2 class=\"elementor-heading-title elementor-size-medium\"><b>Animation 2D-8'-Ado-Adulte<\/b><br><br><br><br><b>R\u00e9alisatrice, Sc\u00e9nariste &amp; Autrice graphique<\/b><b>:<\/b> Simone Massi<br><br><b>Compositeur:<\/b> Alexandre Hecker<br><br><b>Production:<\/b> Sacrebleu Productions<br><br><br><br>L'histoire raconte le parcours d'un homme et d'un chien. elle \u00e9voque le temps qui passe, notre incapacit\u00e9 ou notre manque de volont\u00e9 \u00e0 regarder les petites choses de tous les jours. Elle tente de montrer l'enchantement que l'on peut avoir d'une ouverture \u00e0 ressentir ces choses. <br><br><br><p class=\"p1\" style=\"margin-bottom: 0px;font-style: normal;font-weight: 400;font-size: 14px;line-height: normal;font-family: Helvetica;text-align: start\"><span style=\"font-family: var( --e-global-typography-secondary-font-family ), Sans-serif;font-size: 19px;font-style: inherit;font-weight: var( --e-global-typography-secondary-font-weight );text-align: var(--text-align)\"><\/span><br><\/p><\/h2>\t\t\t\t<\/div>\n\t\t\t\t<\/div>\n\t\t\t\t<\/div>\n\t\t\t\t<\/div>\n\t\t\t\t\t<\/div>\n\t\t\t\t<\/div>\n\t\t<div class=\"elementor-element elementor-element-5959d7f e-grid e-con-boxed e-con e-parent\" data-id=\"5959d7f\" data-element_type=\"container\" data-e-type=\"container\">\n\t\t\t\t\t<div class=\"e-con-inner\">\n\t\t\t\t<div class=\"elementor-element elementor-element-c4154f9 elementor-align-center elementor-widget elementor-widget-button\" data-id=\"c4154f9\" data-element_type=\"widget\" data-e-type=\"widget\" data-widget_type=\"button.default\">\n\t\t\t\t<div class=\"elementor-widget-container\">\n\t\t\t\t\t\t\t\t\t<div class=\"elementor-button-wrapper\">\n\t\t\t\t\t<a class=\"elementor-button elementor-button-link elementor-size-sm\" href=\"http:\/\/sacrebleuprod.fr\/wp-content\/uploads\/2024\/10\/Fiche-technique-NuvoleMani_FR_ENG-1.pdf\">\n\t\t\t\t\t\t<span class=\"elementor-button-content-wrapper\">\n\t\t\t\t\t\t\t\t\t<span class=\"elementor-button-text\">Fiche Technique<\/span>\n\t\t\t\t\t<\/span>\n\t\t\t\t\t<\/a>\n\t\t\t\t<\/div>\n\t\t\t\t\t\t\t\t<\/div>\n\t\t\t\t<\/div>\n\t\t\t\t<div class=\"elementor-element elementor-element-22fbcb0 elementor-align-center elementor-widget elementor-widget-button\" data-id=\"22fbcb0\" data-element_type=\"widget\" data-e-type=\"widget\" data-widget_type=\"button.default\">\n\t\t\t\t<div class=\"elementor-widget-container\">\n\t\t\t\t\t\t\t\t\t<div class=\"elementor-button-wrapper\">\n\t\t\t\t\t<a class=\"elementor-button elementor-button-link elementor-size-sm\" href=\"https:\/\/youtu.be\/ncDPmDm_I7s?si=puBtSwdfTboP522w\" target=\"_blank\">\n\t\t\t\t\t\t<span class=\"elementor-button-content-wrapper\">\n\t\t\t\t\t\t\t\t\t<span class=\"elementor-button-text\">Voir le film sur Youtube<\/span>\n\t\t\t\t\t<\/span>\n\t\t\t\t\t<\/a>\n\t\t\t\t<\/div>\n\t\t\t\t\t\t\t\t<\/div>\n\t\t\t\t<\/div>\n\t\t\t\t\t<\/div>\n\t\t\t\t<\/div>\n\t\t<div class=\"elementor-element elementor-element-ee479ae e-flex e-con-boxed e-con e-parent\" data-id=\"ee479ae\" data-element_type=\"container\" data-e-type=\"container\">\n\t\t\t\t\t<div class=\"e-con-inner\">\n\t\t\t\t<div class=\"elementor-element elementor-element-6ada0a0 elementor-widget elementor-widget-video\" data-id=\"6ada0a0\" data-element_type=\"widget\" data-e-type=\"widget\" data-settings=\"{&quot;youtube_url&quot;:&quot;https:\\\/\\\/www.youtube.com\\\/watch?v=wHtTYMKCpcI&quot;,&quot;video_type&quot;:&quot;youtube&quot;,&quot;controls&quot;:&quot;yes&quot;}\" data-widget_type=\"video.default\">\n\t\t\t\t<div class=\"elementor-widget-container\">\n\t\t\t\t\t\t\t<div class=\"elementor-wrapper elementor-open-inline\">\n\t\t\t<div class=\"elementor-video\"><\/div>\t\t<\/div>\n\t\t\t\t\t\t<\/div>\n\t\t\t\t<\/div>\n\t\t\t\t\t<\/div>\n\t\t\t\t<\/div>\n\t\t<div class=\"elementor-element elementor-element-bea3955 e-flex e-con-boxed e-con e-parent\" data-id=\"bea3955\" data-element_type=\"container\" data-e-type=\"container\">\n\t\t\t\t\t<div class=\"e-con-inner\">\n\t\t<div class=\"elementor-element elementor-element-f6ddd0b e-con-full e-flex e-con e-child\" data-id=\"f6ddd0b\" data-element_type=\"container\" data-e-type=\"container\">\n\t\t\t\t<div class=\"elementor-element elementor-element-63eb917 elementor-widget elementor-widget-image\" data-id=\"63eb917\" data-element_type=\"widget\" data-e-type=\"widget\" data-widget_type=\"image.default\">\n\t\t\t\t<div class=\"elementor-widget-container\">\n\t\t\t\t\t\t\t\t\t\t\t\t\t\t\t<img decoding=\"async\" width=\"1024\" height=\"615\" src=\"https:\/\/sacrebleuprod.fr\/wp-content\/uploads\/2024\/10\/nuvole-3-copie-1024x615.jpg\" class=\"attachment-large size-large wp-image-8523\" alt=\"\" srcset=\"https:\/\/sacrebleuprod.fr\/wp-content\/uploads\/2024\/10\/nuvole-3-copie-1024x615.jpg 1024w, https:\/\/sacrebleuprod.fr\/wp-content\/uploads\/2024\/10\/nuvole-3-copie-scaled-600x360.jpg 600w, https:\/\/sacrebleuprod.fr\/wp-content\/uploads\/2024\/10\/nuvole-3-copie-300x180.jpg 300w, https:\/\/sacrebleuprod.fr\/wp-content\/uploads\/2024\/10\/nuvole-3-copie-768x461.jpg 768w, https:\/\/sacrebleuprod.fr\/wp-content\/uploads\/2024\/10\/nuvole-3-copie-1536x923.jpg 1536w, https:\/\/sacrebleuprod.fr\/wp-content\/uploads\/2024\/10\/nuvole-3-copie-2048x1230.jpg 2048w\" sizes=\"(max-width: 1024px) 100vw, 1024px\" \/>\t\t\t\t\t\t\t\t\t\t\t\t\t\t\t<\/div>\n\t\t\t\t<\/div>\n\t\t\t\t<\/div>\n\t\t<div class=\"elementor-element elementor-element-8414179 e-con-full e-flex e-con e-child\" data-id=\"8414179\" data-element_type=\"container\" data-e-type=\"container\">\n\t\t\t\t<div class=\"elementor-element elementor-element-3778903 elementor-widget__width-initial elementor-widget elementor-widget-image\" data-id=\"3778903\" data-element_type=\"widget\" data-e-type=\"widget\" data-widget_type=\"image.default\">\n\t\t\t\t<div class=\"elementor-widget-container\">\n\t\t\t\t\t\t\t\t\t\t\t\t\t\t\t<img decoding=\"async\" width=\"1024\" height=\"636\" src=\"https:\/\/sacrebleuprod.fr\/wp-content\/uploads\/2024\/10\/nuvole-1-copie-1024x636.jpg\" class=\"attachment-large size-large wp-image-8521\" alt=\"\" srcset=\"https:\/\/sacrebleuprod.fr\/wp-content\/uploads\/2024\/10\/nuvole-1-copie-1024x636.jpg 1024w, https:\/\/sacrebleuprod.fr\/wp-content\/uploads\/2024\/10\/nuvole-1-copie-scaled-600x373.jpg 600w, https:\/\/sacrebleuprod.fr\/wp-content\/uploads\/2024\/10\/nuvole-1-copie-300x186.jpg 300w, https:\/\/sacrebleuprod.fr\/wp-content\/uploads\/2024\/10\/nuvole-1-copie-768x477.jpg 768w, https:\/\/sacrebleuprod.fr\/wp-content\/uploads\/2024\/10\/nuvole-1-copie-1536x954.jpg 1536w, https:\/\/sacrebleuprod.fr\/wp-content\/uploads\/2024\/10\/nuvole-1-copie-2048x1272.jpg 2048w\" sizes=\"(max-width: 1024px) 100vw, 1024px\" \/>\t\t\t\t\t\t\t\t\t\t\t\t\t\t\t<\/div>\n\t\t\t\t<\/div>\n\t\t\t\t<\/div>\n\t\t<div class=\"elementor-element elementor-element-62d55c2 e-con-full e-flex e-con e-child\" data-id=\"62d55c2\" data-element_type=\"container\" data-e-type=\"container\">\n\t\t\t\t<div class=\"elementor-element elementor-element-00a3349 elementor-widget elementor-widget-image\" data-id=\"00a3349\" data-element_type=\"widget\" data-e-type=\"widget\" data-widget_type=\"image.default\">\n\t\t\t\t<div class=\"elementor-widget-container\">\n\t\t\t\t\t\t\t\t\t\t\t\t\t\t\t<img loading=\"lazy\" decoding=\"async\" width=\"1024\" height=\"683\" src=\"https:\/\/sacrebleuprod.fr\/wp-content\/uploads\/2024\/10\/Nuvole5-1024x683.jpg\" class=\"attachment-large size-large wp-image-8525\" alt=\"\" srcset=\"https:\/\/sacrebleuprod.fr\/wp-content\/uploads\/2024\/10\/Nuvole5-1024x683.jpg 1024w, https:\/\/sacrebleuprod.fr\/wp-content\/uploads\/2024\/10\/Nuvole5-scaled-600x400.jpg 600w, https:\/\/sacrebleuprod.fr\/wp-content\/uploads\/2024\/10\/Nuvole5-300x200.jpg 300w, https:\/\/sacrebleuprod.fr\/wp-content\/uploads\/2024\/10\/Nuvole5-768x512.jpg 768w, https:\/\/sacrebleuprod.fr\/wp-content\/uploads\/2024\/10\/Nuvole5-1536x1024.jpg 1536w, https:\/\/sacrebleuprod.fr\/wp-content\/uploads\/2024\/10\/Nuvole5-2048x1365.jpg 2048w\" sizes=\"(max-width: 1024px) 100vw, 1024px\" \/>\t\t\t\t\t\t\t\t\t\t\t\t\t\t\t<\/div>\n\t\t\t\t<\/div>\n\t\t\t\t<\/div>\n\t\t<div class=\"elementor-element elementor-element-463f774 e-con-full e-flex e-con e-child\" data-id=\"463f774\" data-element_type=\"container\" data-e-type=\"container\">\n\t\t\t\t<div class=\"elementor-element elementor-element-34c6e20 elementor-widget__width-initial elementor-widget elementor-widget-image\" data-id=\"34c6e20\" data-element_type=\"widget\" data-e-type=\"widget\" data-widget_type=\"image.default\">\n\t\t\t\t<div class=\"elementor-widget-container\">\n\t\t\t\t\t\t\t\t\t\t\t\t\t\t\t<img loading=\"lazy\" decoding=\"async\" width=\"1024\" height=\"636\" src=\"https:\/\/sacrebleuprod.fr\/wp-content\/uploads\/2024\/10\/nuvole-2-copie-1024x636.jpg\" class=\"attachment-large size-large wp-image-8522\" alt=\"\" srcset=\"https:\/\/sacrebleuprod.fr\/wp-content\/uploads\/2024\/10\/nuvole-2-copie-1024x636.jpg 1024w, https:\/\/sacrebleuprod.fr\/wp-content\/uploads\/2024\/10\/nuvole-2-copie-scaled-600x372.jpg 600w, https:\/\/sacrebleuprod.fr\/wp-content\/uploads\/2024\/10\/nuvole-2-copie-300x186.jpg 300w, https:\/\/sacrebleuprod.fr\/wp-content\/uploads\/2024\/10\/nuvole-2-copie-768x477.jpg 768w, https:\/\/sacrebleuprod.fr\/wp-content\/uploads\/2024\/10\/nuvole-2-copie-1536x954.jpg 1536w, https:\/\/sacrebleuprod.fr\/wp-content\/uploads\/2024\/10\/nuvole-2-copie-2048x1271.jpg 2048w\" sizes=\"(max-width: 1024px) 100vw, 1024px\" \/>\t\t\t\t\t\t\t\t\t\t\t\t\t\t\t<\/div>\n\t\t\t\t<\/div>\n\t\t\t\t<\/div>\n\t\t\t\t\t<\/div>\n\t\t\t\t<\/div>\n\t\t\t\t<\/div>\n\t\t","protected":false},"excerpt":{"rendered":"<p>Nuvole Mani Animation 2D-8&#8242;-Ado-Adulte R\u00e9alisatrice, Sc\u00e9nariste &amp; Autrice graphique: Simone Massi Compositeur: Alexandre Hecker Production: Sacrebleu Productions L&#8217;histoire raconte le parcours d&#8217;un homme et d&#8217;un chien. elle \u00e9voque le temps qui passe, notre incapacit\u00e9 ou notre manque de volont\u00e9 \u00e0 regarder les petites choses de tous les jours. Elle tente de montrer l&#8217;enchantement que l&#8217;on [&hellip;]<\/p>\n","protected":false},"author":1,"featured_media":0,"parent":0,"menu_order":0,"comment_status":"closed","ping_status":"closed","template":"","meta":{"site-sidebar-layout":"no-sidebar","site-content-layout":"page-builder","ast-site-content-layout":"full-width-container","site-content-style":"default","site-sidebar-style":"default","ast-global-header-display":"","ast-banner-title-visibility":"","ast-main-header-display":"","ast-hfb-above-header-display":"","ast-hfb-below-header-display":"","ast-hfb-mobile-header-display":"","site-post-title":"disabled","ast-breadcrumbs-content":"","ast-featured-img":"disabled","footer-sml-layout":"","ast-disable-related-posts":"","theme-transparent-header-meta":"","adv-header-id-meta":"","stick-header-meta":"","header-above-stick-meta":"","header-main-stick-meta":"","header-below-stick-meta":"","astra-migrate-meta-layouts":"set","ast-page-background-enabled":"default","ast-page-background-meta":{"desktop":{"background-color":"var(--ast-global-color-4)","background-image":"","background-repeat":"repeat","background-position":"center center","background-size":"auto","background-attachment":"scroll","background-type":"","background-media":"","overlay-type":"","overlay-color":"","overlay-opacity":"","overlay-gradient":""},"tablet":{"background-color":"","background-image":"","background-repeat":"repeat","background-position":"center center","background-size":"auto","background-attachment":"scroll","background-type":"","background-media":"","overlay-type":"","overlay-color":"","overlay-opacity":"","overlay-gradient":""},"mobile":{"background-color":"","background-image":"","background-repeat":"repeat","background-position":"center center","background-size":"auto","background-attachment":"scroll","background-type":"","background-media":"","overlay-type":"","overlay-color":"","overlay-opacity":"","overlay-gradient":""}},"ast-content-background-meta":{"desktop":{"background-color":"var(--ast-global-color-5)","background-image":"","background-repeat":"repeat","background-position":"center center","background-size":"auto","background-attachment":"scroll","background-type":"","background-media":"","overlay-type":"","overlay-color":"","overlay-opacity":"","overlay-gradient":""},"tablet":{"background-color":"var(--ast-global-color-5)","background-image":"","background-repeat":"repeat","background-position":"center center","background-size":"auto","background-attachment":"scroll","background-type":"","background-media":"","overlay-type":"","overlay-color":"","overlay-opacity":"","overlay-gradient":""},"mobile":{"background-color":"var(--ast-global-color-5)","background-image":"","background-repeat":"repeat","background-position":"center center","background-size":"auto","background-attachment":"scroll","background-type":"","background-media":"","overlay-type":"","overlay-color":"","overlay-opacity":"","overlay-gradient":""}},"footnotes":""},"class_list":["post-8515","page","type-page","status-publish","hentry"],"_links":{"self":[{"href":"https:\/\/sacrebleuprod.fr\/index.php?rest_route=\/wp\/v2\/pages\/8515","targetHints":{"allow":["GET"]}}],"collection":[{"href":"https:\/\/sacrebleuprod.fr\/index.php?rest_route=\/wp\/v2\/pages"}],"about":[{"href":"https:\/\/sacrebleuprod.fr\/index.php?rest_route=\/wp\/v2\/types\/page"}],"author":[{"embeddable":true,"href":"https:\/\/sacrebleuprod.fr\/index.php?rest_route=\/wp\/v2\/users\/1"}],"replies":[{"embeddable":true,"href":"https:\/\/sacrebleuprod.fr\/index.php?rest_route=%2Fwp%2Fv2%2Fcomments&post=8515"}],"version-history":[{"count":37,"href":"https:\/\/sacrebleuprod.fr\/index.php?rest_route=\/wp\/v2\/pages\/8515\/revisions"}],"predecessor-version":[{"id":19038,"href":"https:\/\/sacrebleuprod.fr\/index.php?rest_route=\/wp\/v2\/pages\/8515\/revisions\/19038"}],"wp:attachment":[{"href":"https:\/\/sacrebleuprod.fr\/index.php?rest_route=%2Fwp%2Fv2%2Fmedia&parent=8515"}],"curies":[{"name":"wp","href":"https:\/\/api.w.org\/{rel}","templated":true}]}}